{"id":156,"date":"2020-04-16T12:07:18","date_gmt":"2020-04-16T12:07:18","guid":{"rendered":"https:\/\/db-engineering-consulting.com\/?page_id=156"},"modified":"2025-05-06T23:48:32","modified_gmt":"2025-05-06T23:48:32","slug":"uber-uns","status":"publish","type":"page","link":"https:\/\/db-engineering-consulting.com\/de\/uber-uns\/","title":{"rendered":"\u00dcber uns"},"content":{"rendered":"\n<div class=\"wp-block-dbec-core-layout-grid  layout-grid layout-grid--outer-margin-none layout-grid--expanded\"><div class=\"grid grid--child-margin-large\">\n<div class=\"wp-block-dbec-core-layout-column  column is-6-small is-6-medium full-width column--expanded\"><div class=\"layout-column\">\n<div class=\"wp-block-dbec-core-header-gallery  undefined--expanded\" data-delay=\"4\" data-auto-swipe=\"false\"><div class=\"gallery gallery--bullets-outside gallery--static\"><div class=\"glide\"><div class=\"glide__track\" data-glide-el=\"track\"><ul class=\"glide__slides\">\n<li class=\"wp-block-dbec-core-slide-header  glide__slide\" data-autoplay=\"false\"><div class=\"slide-header slide-header--banner-height\"><div><img loading=\"lazy\" decoding=\"async\" class=\"slide-header__image\" src=\"https:\/\/db-engineering-consulting.com\/wp-content\/uploads\/2020\/04\/DB_Header_U\u0308ber_uns-1.jpg\" srcset=\"https:\/\/db-engineering-consulting.com\/wp-content\/uploads\/2020\/04\/DB_Header_U\u0308ber_uns-1-300x113.jpg 300w, https:\/\/db-engineering-consulting.com\/wp-content\/uploads\/2020\/04\/DB_Header_U\u0308ber_uns-1-1024x384.jpg 1024w, https:\/\/db-engineering-consulting.com\/wp-content\/uploads\/2020\/04\/DB_Header_U\u0308ber_uns-1-150x150.jpg 150w, https:\/\/db-engineering-consulting.com\/wp-content\/uploads\/2020\/04\/DB_Header_U\u0308ber_uns-1-768x288.jpg 768w, https:\/\/db-engineering-consulting.com\/wp-content\/uploads\/2020\/04\/DB_Header_U\u0308ber_uns-1-1536x576.jpg 1536w, https:\/\/db-engineering-consulting.com\/wp-content\/uploads\/2020\/04\/DB_Header_U\u0308ber_uns-1-520x195.jpg 520w, https:\/\/db-engineering-consulting.com\/wp-content\/uploads\/2020\/04\/DB_Header_U\u0308ber_uns-1-768x288.jpg 768w, https:\/\/db-engineering-consulting.com\/wp-content\/uploads\/2020\/04\/DB_Header_U\u0308ber_uns-1-1280x480.jpg 1280w, https:\/\/db-engineering-consulting.com\/wp-content\/uploads\/2020\/04\/DB_Header_U\u0308ber_uns-1-1920x700.jpg 1920w\" alt=\"\u00dcber uns - ICE in der D\u00e4mmerung\" width=\"1920\" height=\"720\"\/><div class=\"slide-header__cover\"><\/div><\/div><div class=\"label-reference-container\"><div class=\"label-reference label-reference--static\" data-image-reference=\"<p&gt;Mirko Fryska<\/p&gt;\n\"><\/div><\/div><div class=\"slide-header__inner\"><div class=\"slide-header__center\"><div class=\"slide-header__container-headlines\"><h1 class=\"slide-header__headline\">\u00dcber uns<div class=\"slide-header__pulse-wrapper\"><div class=\"slide-header__pulse-line\"><\/div><\/div><\/h1><\/div><\/div><\/div><\/div><\/li>\n<\/ul><\/div><div class=\"glide__footer\"><div class=\"glide__play-pause\"><button type=\"button\" class=\"glide__play-pause-button\" aria-label=\"play\/pause automatic swipe\"><svg aria-hidden=\"true\" class=\"controls__icon-pause\"><use xlink:href=\"#icon-pause\" \/><\/svg><svg aria-hidden=\"true\" class=\"controls__icon-play\"><use xlink:href=\"#icon-play-small\" \/><\/svg><\/button><\/div><div class=\"glide__bullets\" data-glide-el=\"controls[nav]\"><button class=\"glide__bullet\" aria-label=\"Go to slide 1\" data-glide-dir=\"=0\"><\/button><\/div><div><\/div><\/div><\/div><\/div><\/div>\n<\/div><\/div>\n<\/div><\/div>\n\n\n\n<div class=\"wp-block-dbec-core-layout-grid  layout-grid layout-grid--outer-margin-small layout-grid--expanded\"><div class=\"grid grid--child-margin-large\">\n<div class=\"wp-block-dbec-core-layout-column  column is-6-small is-6-medium column--expanded\"><div class=\"layout-column\"><nav class=\"breadcrumbs\"><div class=\"breadcrumbs__inner\"><a class=\"breadcrumbs__home\" href=\"https:\/\/db-engineering-consulting.com\/de\/\" aria-label=\"Link Home\"><svg class=\"breadcrumbs__home-icon\"><use xlink:href=\"#home\"><\/use><\/svg><\/a> <svg class=\"breadcrumbs__delimiter\"><use xlink:href=\"#icon-arrow-right\"><\/use><\/svg> <span class=\"breadcrumbs__actual-page\">\u00dcber uns<\/span><\/div><\/nav><\/div><\/div>\n<\/div><\/div>\n\n\n\n<div class=\"wp-block-dbec-core-layout-grid  layout-grid layout-grid--outer-margin-small layout-grid--expanded\"><div class=\"grid grid--child-margin-small animated-base-cards\">\n<div class=\"wp-block-dbec-core-layout-column  column is-6-small is-3-medium column--expanded\"><div class=\"layout-column\">\n<div class=\"wp-block-dbec-core-base-card\"><a class=\"base-card\" href=\"https:\/\/db-engineering-consulting.com\/de\/uber-uns\/unternehmensvorstellung-wer-wir-sind\/\" target=\"_self\" rel=\"noopener noreferrer\"><figure class=\"base-card__figure\"><img decoding=\"async\" class=\"base-card__image\" src=\"https:\/\/db-engineering-consulting.com\/wp-content\/uploads\/2020\/06\/AdobeStock_222932981-scaled.jpg\" srcset=\"https:\/\/db-engineering-consulting.com\/wp-content\/uploads\/2020\/06\/AdobeStock_222932981-300x200.jpg 300w, https:\/\/db-engineering-consulting.com\/wp-content\/uploads\/2020\/06\/AdobeStock_222932981-1024x684.jpg 1024w, https:\/\/db-engineering-consulting.com\/wp-content\/uploads\/2020\/06\/AdobeStock_222932981-150x150.jpg 150w, https:\/\/db-engineering-consulting.com\/wp-content\/uploads\/2020\/06\/AdobeStock_222932981-768x513.jpg 768w, https:\/\/db-engineering-consulting.com\/wp-content\/uploads\/2020\/06\/AdobeStock_222932981-1536x1025.jpg 1536w, https:\/\/db-engineering-consulting.com\/wp-content\/uploads\/2020\/06\/AdobeStock_222932981-2048x1367.jpg 2048w, https:\/\/db-engineering-consulting.com\/wp-content\/uploads\/2020\/06\/AdobeStock_222932981-520x347.jpg 520w, https:\/\/db-engineering-consulting.com\/wp-content\/uploads\/2020\/06\/AdobeStock_222932981-768x513.jpg 768w, https:\/\/db-engineering-consulting.com\/wp-content\/uploads\/2020\/06\/AdobeStock_222932981-1280x854.jpg 1280w, https:\/\/db-engineering-consulting.com\/wp-content\/uploads\/2020\/06\/AdobeStock_222932981-1920x1282.jpg 1920w\" alt=\"\" width=\"2560\" height=\"1709\" loading=\"lazy\" sizes=\"auto, (min-width: 1330px) calc(((1200px - 35px * 5) * (3 \/ 6)) + (35px * (3 - 1))), (min-width: 768px) calc((((100vw - 130px) - 35px * 5) * (3 \/ 6)) + (35px * (3 - 1))), calc(100vw - 60px)\"\/><div class=\"label-reference\" data-image-reference=\"<p&gt;alphaspirit &#8211; stock.adobe.com<\/p&gt;\n\"><\/div><\/figure><h2 class=\"base-card__title\">Wer wir sind<\/h2><\/a><\/div>\n\n\n\n<div class=\"wp-block-dbec-core-base-card\"><a class=\"base-card\" href=\"https:\/\/db-engineering-consulting.com\/de\/uber-uns\/geschaeftsfuehrung\/\" target=\"_self\" rel=\"noopener noreferrer\"><figure class=\"base-card__figure\"><img decoding=\"async\" class=\"base-card__image\" src=\"https:\/\/db-engineering-consulting.com\/wp-content\/uploads\/2022\/05\/AdobeStock_137296206-1-scaled.jpeg\" srcset=\"https:\/\/db-engineering-consulting.com\/wp-content\/uploads\/2022\/05\/AdobeStock_137296206-1-300x171.jpeg 300w, https:\/\/db-engineering-consulting.com\/wp-content\/uploads\/2022\/05\/AdobeStock_137296206-1-1024x585.jpeg 1024w, https:\/\/db-engineering-consulting.com\/wp-content\/uploads\/2022\/05\/AdobeStock_137296206-1-150x150.jpeg 150w, https:\/\/db-engineering-consulting.com\/wp-content\/uploads\/2022\/05\/AdobeStock_137296206-1-768x439.jpeg 768w, https:\/\/db-engineering-consulting.com\/wp-content\/uploads\/2022\/05\/AdobeStock_137296206-1-1536x878.jpeg 1536w, https:\/\/db-engineering-consulting.com\/wp-content\/uploads\/2022\/05\/AdobeStock_137296206-1-2048x1170.jpeg 2048w, https:\/\/db-engineering-consulting.com\/wp-content\/uploads\/2022\/05\/AdobeStock_137296206-1-520x297.jpeg 520w, https:\/\/db-engineering-consulting.com\/wp-content\/uploads\/2022\/05\/AdobeStock_137296206-1-768x439.jpeg 768w, https:\/\/db-engineering-consulting.com\/wp-content\/uploads\/2022\/05\/AdobeStock_137296206-1-1280x731.jpeg 1280w, https:\/\/db-engineering-consulting.com\/wp-content\/uploads\/2022\/05\/AdobeStock_137296206-1-1920x700.jpeg 1920w\" alt=\"Management Team in B\u00fcrosilhouette\" width=\"2560\" height=\"1463\" loading=\"lazy\" sizes=\"auto, (min-width: 1330px) calc(((1200px - 35px * 5) * (3 \/ 6)) + (35px * (3 - 1))), (min-width: 768px) calc((((100vw - 130px) - 35px * 5) * (3 \/ 6)) + (35px * (3 - 1))), calc(100vw - 60px)\"\/><div class=\"label-reference\" data-image-reference=\"<p&gt;bas121 &#8211; stock.adobe.com<\/p&gt;\n\"><\/div><\/figure><h2 class=\"base-card__title\">Unser Management<\/h2><\/a><\/div>\n<\/div><\/div>\n\n\n\n<div class=\"wp-block-dbec-core-layout-column  column is-6-small is-3-medium column--expanded\"><div class=\"layout-column\">\n<div class=\"wp-block-dbec-core-base-card\"><a class=\"base-card\" href=\"https:\/\/db-engineering-consulting.com\/de\/uber-uns\/historie\/\" target=\"_self\" rel=\"noopener noreferrer\"><figure class=\"base-card__figure\"><img decoding=\"async\" class=\"base-card__image\" src=\"https:\/\/db-engineering-consulting.com\/wp-content\/uploads\/2020\/06\/AdobeStock_167453104-scaled.jpg\" srcset=\"https:\/\/db-engineering-consulting.com\/wp-content\/uploads\/2020\/06\/AdobeStock_167453104-300x200.jpg 300w, https:\/\/db-engineering-consulting.com\/wp-content\/uploads\/2020\/06\/AdobeStock_167453104-1024x683.jpg 1024w, https:\/\/db-engineering-consulting.com\/wp-content\/uploads\/2020\/06\/AdobeStock_167453104-150x150.jpg 150w, https:\/\/db-engineering-consulting.com\/wp-content\/uploads\/2020\/06\/AdobeStock_167453104-768x512.jpg 768w, https:\/\/db-engineering-consulting.com\/wp-content\/uploads\/2020\/06\/AdobeStock_167453104-1536x1024.jpg 1536w, https:\/\/db-engineering-consulting.com\/wp-content\/uploads\/2020\/06\/AdobeStock_167453104-2048x1366.jpg 2048w, https:\/\/db-engineering-consulting.com\/wp-content\/uploads\/2020\/06\/AdobeStock_167453104-520x347.jpg 520w, https:\/\/db-engineering-consulting.com\/wp-content\/uploads\/2020\/06\/AdobeStock_167453104-768x512.jpg 768w, https:\/\/db-engineering-consulting.com\/wp-content\/uploads\/2020\/06\/AdobeStock_167453104-1280x854.jpg 1280w, https:\/\/db-engineering-consulting.com\/wp-content\/uploads\/2020\/06\/AdobeStock_167453104-1920x1280.jpg 1920w\" alt=\"Kalenderbl\u00e4tter\" width=\"2560\" height=\"1707\" loading=\"lazy\" sizes=\"auto, (min-width: 1330px) calc(((1200px - 35px * 5) * (3 \/ 6)) + (35px * (3 - 1))), (min-width: 768px) calc((((100vw - 130px) - 35px * 5) * (3 \/ 6)) + (35px * (3 - 1))), calc(100vw - 60px)\"\/><div class=\"label-reference\" data-image-reference=\"<p&gt;gena96 &#8211; stock.adobe.com<\/p&gt;\n\"><\/div><\/figure><h2 class=\"base-card__title\">Historie<\/h2><\/a><\/div>\n\n\n\n<div class=\"wp-block-dbec-core-base-card\"><a class=\"base-card\" href=\"https:\/\/db-eco.com\/de\/compliance\/\" target=\"_blank\" rel=\"noopener noreferrer\"><figure class=\"base-card__figure\"><img decoding=\"async\" class=\"base-card__image\" src=\"https:\/\/db-engineering-consulting.com\/wp-content\/uploads\/2020\/05\/dbec1836k_fotolia_compliance.jpg\" srcset=\"https:\/\/db-engineering-consulting.com\/wp-content\/uploads\/2020\/05\/dbec1836k_fotolia_compliance-300x191.jpg 300w, https:\/\/db-engineering-consulting.com\/wp-content\/uploads\/2020\/05\/dbec1836k_fotolia_compliance-1024x652.jpg 1024w, https:\/\/db-engineering-consulting.com\/wp-content\/uploads\/2020\/05\/dbec1836k_fotolia_compliance-150x150.jpg 150w, https:\/\/db-engineering-consulting.com\/wp-content\/uploads\/2020\/05\/dbec1836k_fotolia_compliance-768x489.jpg 768w, https:\/\/db-engineering-consulting.com\/wp-content\/uploads\/2020\/05\/dbec1836k_fotolia_compliance-1536x977.jpg 1536w, https:\/\/db-engineering-consulting.com\/wp-content\/uploads\/2020\/05\/dbec1836k_fotolia_compliance-520x331.jpg 520w, https:\/\/db-engineering-consulting.com\/wp-content\/uploads\/2020\/05\/dbec1836k_fotolia_compliance-768x489.jpg 768w, https:\/\/db-engineering-consulting.com\/wp-content\/uploads\/2020\/05\/dbec1836k_fotolia_compliance-1280x814.jpg 1280w\" alt=\"Imagebild: Gesch\u00e4ftspartner beim H\u00e4ndesch\u00fctteln\" width=\"1600\" height=\"1018\" loading=\"lazy\" sizes=\"auto, (min-width: 1330px) calc(((1200px - 35px * 5) * (3 \/ 6)) + (35px * (3 - 1))), (min-width: 768px) calc((((100vw - 130px) - 35px * 5) * (3 \/ 6)) + (35px * (3 - 1))), calc(100vw - 60px)\"\/><div class=\"label-reference\" data-image-reference=\"<p&gt;FotolEdhar \/ Fotolia.com<\/p&gt;\n\"><\/div><\/figure><h2 class=\"base-card__title\">Compliance<\/h2><\/a><\/div>\n<\/div><\/div>\n<\/div><\/div>\n","protected":false},"excerpt":{"rendered":"","protected":false},"author":1,"featured_media":570,"parent":0,"menu_order":0,"comment_status":"closed","ping_status":"closed","template":"","meta":{"post_allow-other-domains":"","footnotes":""},"class_list":["post-156","page","type-page","status-publish","has-post-thumbnail","hentry"],"yoast_head":"<!-- This site is optimized with the Yoast SEO Premium plugin v26.0 (Yoast SEO v27.4) - https:\/\/yoast.com\/product\/yoast-seo-premium-wordpress\/ -->\n<title>\u00dcber uns - wir gestalten mit Leidenschaft die Eisenbahn | DB E&amp;C<\/title>\n<meta name=\"description\" content=\"\u00dcber uns: Erfahren Sie was uns ausmacht, woher wir kommen und wie wir mit Leidenschaft die Eisenbahn f\u00fcr die Welt von morgen gestalten.\" \/>\n<meta name=\"robots\" content=\"index, follow, max-snippet:-1, max-image-preview:large, max-video-preview:-1\" \/>\n<link rel=\"canonical\" href=\"https:\/\/db-engineering-consulting.com\/de\/uber-uns\/\" \/>\n<meta property=\"og:locale\" content=\"de_DE\" \/>\n<meta property=\"og:type\" content=\"article\" \/>\n<meta property=\"og:title\" content=\"\u00dcber uns\" \/>\n<meta property=\"og:description\" content=\"\u00dcber uns: Erfahren Sie was uns ausmacht, woher wir kommen und wie wir mit Leidenschaft die Eisenbahn f\u00fcr die Welt von morgen gestalten.\" \/>\n<meta property=\"og:url\" content=\"https:\/\/db-engineering-consulting.com\/de\/uber-uns\/\" \/>\n<meta property=\"og:site_name\" content=\"DB Engineering &amp; Consulting\" \/>\n<meta property=\"article:modified_time\" content=\"2025-05-06T23:48:32+00:00\" \/>\n<meta property=\"og:image\" content=\"https:\/\/db-engineering-consulting.com\/wp-content\/uploads\/2020\/04\/DB_Header_U\u0308ber_uns-1.jpg\" \/>\n\t<meta property=\"og:image:width\" content=\"1920\" \/>\n\t<meta property=\"og:image:height\" content=\"720\" \/>\n\t<meta property=\"og:image:type\" content=\"image\/jpeg\" \/>\n<meta name=\"twitter:card\" content=\"summary_large_image\" \/>\n<meta name=\"twitter:label1\" content=\"Gesch\u00e4tzte Lesezeit\" \/>\n\t<meta name=\"twitter:data1\" content=\"2\u00a0Minuten\" \/>\n<script type=\"application\/ld+json\" class=\"yoast-schema-graph\">{\"@context\":\"https:\\\/\\\/schema.org\",\"@graph\":[{\"@type\":\"WebPage\",\"@id\":\"https:\\\/\\\/db-engineering-consulting.com\\\/de\\\/uber-uns\\\/\",\"url\":\"https:\\\/\\\/db-engineering-consulting.com\\\/de\\\/uber-uns\\\/\",\"name\":\"\u00dcber uns - wir gestalten mit Leidenschaft die Eisenbahn | DB E&C\",\"isPartOf\":{\"@id\":\"https:\\\/\\\/db-engineering-consulting.com\\\/de\\\/#website\"},\"primaryImageOfPage\":{\"@id\":\"https:\\\/\\\/db-engineering-consulting.com\\\/de\\\/uber-uns\\\/#primaryimage\"},\"image\":{\"@id\":\"https:\\\/\\\/db-engineering-consulting.com\\\/de\\\/uber-uns\\\/#primaryimage\"},\"thumbnailUrl\":\"https:\\\/\\\/db-engineering-consulting.com\\\/wp-content\\\/uploads\\\/2020\\\/04\\\/DB_Header_U\u0308ber_uns-1.jpg\",\"datePublished\":\"2020-04-16T12:07:18+00:00\",\"dateModified\":\"2025-05-06T23:48:32+00:00\",\"description\":\"\u00dcber uns: Erfahren Sie was uns ausmacht, woher wir kommen und wie wir mit Leidenschaft die Eisenbahn f\u00fcr die Welt von morgen gestalten.\",\"breadcrumb\":{\"@id\":\"https:\\\/\\\/db-engineering-consulting.com\\\/de\\\/uber-uns\\\/#breadcrumb\"},\"inLanguage\":\"de\",\"potentialAction\":[{\"@type\":\"ReadAction\",\"target\":[\"https:\\\/\\\/db-engineering-consulting.com\\\/de\\\/uber-uns\\\/\"]}]},{\"@type\":\"ImageObject\",\"inLanguage\":\"de\",\"@id\":\"https:\\\/\\\/db-engineering-consulting.com\\\/de\\\/uber-uns\\\/#primaryimage\",\"url\":\"https:\\\/\\\/db-engineering-consulting.com\\\/wp-content\\\/uploads\\\/2020\\\/04\\\/DB_Header_U\u0308ber_uns-1.jpg\",\"contentUrl\":\"https:\\\/\\\/db-engineering-consulting.com\\\/wp-content\\\/uploads\\\/2020\\\/04\\\/DB_Header_U\u0308ber_uns-1.jpg\",\"width\":1920,\"height\":720,\"caption\":\"Mirko Fryska\"},{\"@type\":\"BreadcrumbList\",\"@id\":\"https:\\\/\\\/db-engineering-consulting.com\\\/de\\\/uber-uns\\\/#breadcrumb\",\"itemListElement\":[{\"@type\":\"ListItem\",\"position\":1,\"name\":\"Home\",\"item\":\"https:\\\/\\\/db-engineering-consulting.com\\\/de\\\/\"},{\"@type\":\"ListItem\",\"position\":2,\"name\":\"\u00dcber uns\"}]},{\"@type\":\"WebSite\",\"@id\":\"https:\\\/\\\/db-engineering-consulting.com\\\/de\\\/#website\",\"url\":\"https:\\\/\\\/db-engineering-consulting.com\\\/de\\\/\",\"name\":\"DB Engineering & Consulting\",\"description\":\"Part of DB E.C.O. Group\",\"publisher\":{\"@id\":\"https:\\\/\\\/db-engineering-consulting.com\\\/de\\\/#organization\"},\"potentialAction\":[{\"@type\":\"SearchAction\",\"target\":{\"@type\":\"EntryPoint\",\"urlTemplate\":\"https:\\\/\\\/db-engineering-consulting.com\\\/de\\\/?s={search_term_string}\"},\"query-input\":{\"@type\":\"PropertyValueSpecification\",\"valueRequired\":true,\"valueName\":\"search_term_string\"}}],\"inLanguage\":\"de\"},{\"@type\":\"Organization\",\"@id\":\"https:\\\/\\\/db-engineering-consulting.com\\\/de\\\/#organization\",\"name\":\"DB Engineering & Consulting GmbH\",\"url\":\"https:\\\/\\\/db-engineering-consulting.com\\\/de\\\/\",\"logo\":{\"@type\":\"ImageObject\",\"inLanguage\":\"de\",\"@id\":\"https:\\\/\\\/db-engineering-consulting.com\\\/de\\\/#\\\/schema\\\/logo\\\/image\\\/\",\"url\":\"https:\\\/\\\/db-engineering-consulting.com\\\/wp-content\\\/uploads\\\/2022\\\/10\\\/Logo_DB-EC-Part-of-ECO-Group-scaled.jpg\",\"contentUrl\":\"https:\\\/\\\/db-engineering-consulting.com\\\/wp-content\\\/uploads\\\/2022\\\/10\\\/Logo_DB-EC-Part-of-ECO-Group-scaled.jpg\",\"width\":2560,\"height\":454,\"caption\":\"DB Engineering & Consulting GmbH\"},\"image\":{\"@id\":\"https:\\\/\\\/db-engineering-consulting.com\\\/de\\\/#\\\/schema\\\/logo\\\/image\\\/\"},\"sameAs\":[\"https:\\\/\\\/www.linkedin.com\\\/company\\\/db-engineering-consulting\\\/\"],\"description\":\"DB Engineering & Consulting ist als Teil des integrierten Bahn-, Mobilit\u00e4ts- und Logistikkonzerns Deutsche Bahn in der Lage, das technische und betriebliche Fachwissen der DB national und international bereitzustellen. Das Unternehmen plant und realisiert komplexe, anforderungsgerechte Infrastruktur-, Mobilit\u00e4ts- und Transportl\u00f6sungen. Dabei stehen nachhaltige Konzepte im Fokus, die zur wirtschaftlichen Entwicklung von Regionen, zum Umweltschutz sowie zur Weiterentwicklung zukunftsf\u00e4higer Mobilit\u00e4t beitragen. Seit 1966 ist DB Engineering & Consulting in \u00fcber 100 L\u00e4ndern t\u00e4tig und hat Projekte in unterschiedlichsten Gr\u00f6\u00dfenordnungen umgesetzt. Mit mehr als 6.100 Mitarbeitenden aus 89 Nationen bringt das Unternehmen fachliche Kompetenz und interkulturelle Erfahrung in s\u00e4mtliche Projektphasen ein.\",\"email\":\"db-engineering-consulting@db-eco.com\",\"legalName\":\"DB Engineering & Consulting GmbH\",\"foundingDate\":\"1966-05-26\",\"vatID\":\"DE 114 139 523\",\"numberOfEmployees\":{\"@type\":\"QuantitativeValue\",\"minValue\":\"5001\",\"maxValue\":\"10000\"}}]}<\/script>\n<!-- \/ Yoast SEO Premium plugin. -->","yoast_head_json":{"title":"\u00dcber uns - wir gestalten mit Leidenschaft die Eisenbahn | DB E&C","description":"\u00dcber uns: Erfahren Sie was uns ausmacht, woher wir kommen und wie wir mit Leidenschaft die Eisenbahn f\u00fcr die Welt von morgen gestalten.","robots":{"index":"index","follow":"follow","max-snippet":"max-snippet:-1","max-image-preview":"max-image-preview:large","max-video-preview":"max-video-preview:-1"},"canonical":"https:\/\/db-engineering-consulting.com\/de\/uber-uns\/","og_locale":"de_DE","og_type":"article","og_title":"\u00dcber uns","og_description":"\u00dcber uns: Erfahren Sie was uns ausmacht, woher wir kommen und wie wir mit Leidenschaft die Eisenbahn f\u00fcr die Welt von morgen gestalten.","og_url":"https:\/\/db-engineering-consulting.com\/de\/uber-uns\/","og_site_name":"DB Engineering &amp; Consulting","article_modified_time":"2025-05-06T23:48:32+00:00","og_image":[{"width":1920,"height":720,"url":"https:\/\/db-engineering-consulting.com\/wp-content\/uploads\/2020\/04\/DB_Header_U\u0308ber_uns-1.jpg","type":"image\/jpeg"}],"twitter_card":"summary_large_image","twitter_misc":{"Gesch\u00e4tzte Lesezeit":"2\u00a0Minuten"},"schema":{"@context":"https:\/\/schema.org","@graph":[{"@type":"WebPage","@id":"https:\/\/db-engineering-consulting.com\/de\/uber-uns\/","url":"https:\/\/db-engineering-consulting.com\/de\/uber-uns\/","name":"\u00dcber uns - wir gestalten mit Leidenschaft die Eisenbahn | DB E&C","isPartOf":{"@id":"https:\/\/db-engineering-consulting.com\/de\/#website"},"primaryImageOfPage":{"@id":"https:\/\/db-engineering-consulting.com\/de\/uber-uns\/#primaryimage"},"image":{"@id":"https:\/\/db-engineering-consulting.com\/de\/uber-uns\/#primaryimage"},"thumbnailUrl":"https:\/\/db-engineering-consulting.com\/wp-content\/uploads\/2020\/04\/DB_Header_U\u0308ber_uns-1.jpg","datePublished":"2020-04-16T12:07:18+00:00","dateModified":"2025-05-06T23:48:32+00:00","description":"\u00dcber uns: Erfahren Sie was uns ausmacht, woher wir kommen und wie wir mit Leidenschaft die Eisenbahn f\u00fcr die Welt von morgen gestalten.","breadcrumb":{"@id":"https:\/\/db-engineering-consulting.com\/de\/uber-uns\/#breadcrumb"},"inLanguage":"de","potentialAction":[{"@type":"ReadAction","target":["https:\/\/db-engineering-consulting.com\/de\/uber-uns\/"]}]},{"@type":"ImageObject","inLanguage":"de","@id":"https:\/\/db-engineering-consulting.com\/de\/uber-uns\/#primaryimage","url":"https:\/\/db-engineering-consulting.com\/wp-content\/uploads\/2020\/04\/DB_Header_U\u0308ber_uns-1.jpg","contentUrl":"https:\/\/db-engineering-consulting.com\/wp-content\/uploads\/2020\/04\/DB_Header_U\u0308ber_uns-1.jpg","width":1920,"height":720,"caption":"Mirko Fryska"},{"@type":"BreadcrumbList","@id":"https:\/\/db-engineering-consulting.com\/de\/uber-uns\/#breadcrumb","itemListElement":[{"@type":"ListItem","position":1,"name":"Home","item":"https:\/\/db-engineering-consulting.com\/de\/"},{"@type":"ListItem","position":2,"name":"\u00dcber uns"}]},{"@type":"WebSite","@id":"https:\/\/db-engineering-consulting.com\/de\/#website","url":"https:\/\/db-engineering-consulting.com\/de\/","name":"DB Engineering & Consulting","description":"Part of DB E.C.O. Group","publisher":{"@id":"https:\/\/db-engineering-consulting.com\/de\/#organization"},"potentialAction":[{"@type":"SearchAction","target":{"@type":"EntryPoint","urlTemplate":"https:\/\/db-engineering-consulting.com\/de\/?s={search_term_string}"},"query-input":{"@type":"PropertyValueSpecification","valueRequired":true,"valueName":"search_term_string"}}],"inLanguage":"de"},{"@type":"Organization","@id":"https:\/\/db-engineering-consulting.com\/de\/#organization","name":"DB Engineering & Consulting GmbH","url":"https:\/\/db-engineering-consulting.com\/de\/","logo":{"@type":"ImageObject","inLanguage":"de","@id":"https:\/\/db-engineering-consulting.com\/de\/#\/schema\/logo\/image\/","url":"https:\/\/db-engineering-consulting.com\/wp-content\/uploads\/2022\/10\/Logo_DB-EC-Part-of-ECO-Group-scaled.jpg","contentUrl":"https:\/\/db-engineering-consulting.com\/wp-content\/uploads\/2022\/10\/Logo_DB-EC-Part-of-ECO-Group-scaled.jpg","width":2560,"height":454,"caption":"DB Engineering & Consulting GmbH"},"image":{"@id":"https:\/\/db-engineering-consulting.com\/de\/#\/schema\/logo\/image\/"},"sameAs":["https:\/\/www.linkedin.com\/company\/db-engineering-consulting\/"],"description":"DB Engineering & Consulting ist als Teil des integrierten Bahn-, Mobilit\u00e4ts- und Logistikkonzerns Deutsche Bahn in der Lage, das technische und betriebliche Fachwissen der DB national und international bereitzustellen. Das Unternehmen plant und realisiert komplexe, anforderungsgerechte Infrastruktur-, Mobilit\u00e4ts- und Transportl\u00f6sungen. Dabei stehen nachhaltige Konzepte im Fokus, die zur wirtschaftlichen Entwicklung von Regionen, zum Umweltschutz sowie zur Weiterentwicklung zukunftsf\u00e4higer Mobilit\u00e4t beitragen. Seit 1966 ist DB Engineering & Consulting in \u00fcber 100 L\u00e4ndern t\u00e4tig und hat Projekte in unterschiedlichsten Gr\u00f6\u00dfenordnungen umgesetzt. Mit mehr als 6.100 Mitarbeitenden aus 89 Nationen bringt das Unternehmen fachliche Kompetenz und interkulturelle Erfahrung in s\u00e4mtliche Projektphasen ein.","email":"db-engineering-consulting@db-eco.com","legalName":"DB Engineering & Consulting GmbH","foundingDate":"1966-05-26","vatID":"DE 114 139 523","numberOfEmployees":{"@type":"QuantitativeValue","minValue":"5001","maxValue":"10000"}}]}},"dbec_featured_media":{"source_url":"https:\/\/db-engineering-consulting.com\/wp-content\/uploads\/2020\/04\/DB_Header_U\u0308ber_uns-1-300x113.jpg","source_set":"https:\/\/db-engineering-consulting.com\/wp-content\/uploads\/2020\/04\/DB_Header_U\u0308ber_uns-1-300x113.jpg 300w, https:\/\/db-engineering-consulting.com\/wp-content\/uploads\/2020\/04\/DB_Header_U\u0308ber_uns-1-1024x384.jpg 1024w, https:\/\/db-engineering-consulting.com\/wp-content\/uploads\/2020\/04\/DB_Header_U\u0308ber_uns-1-768x288.jpg 768w, https:\/\/db-engineering-consulting.com\/wp-content\/uploads\/2020\/04\/DB_Header_U\u0308ber_uns-1-1536x576.jpg 1536w, https:\/\/db-engineering-consulting.com\/wp-content\/uploads\/2020\/04\/DB_Header_U\u0308ber_uns-1-520x195.jpg 520w, https:\/\/db-engineering-consulting.com\/wp-content\/uploads\/2020\/04\/DB_Header_U\u0308ber_uns-1-1280x480.jpg 1280w, https:\/\/db-engineering-consulting.com\/wp-content\/uploads\/2020\/04\/DB_Header_U\u0308ber_uns-1.jpg 1920w","caption":"Mirko Fryska","alt":"\u00dcber uns - ICE in der D\u00e4mmerung"},"_links":{"self":[{"href":"https:\/\/db-engineering-consulting.com\/de\/wp-json\/wp\/v2\/pages\/156","targetHints":{"allow":["GET"]}}],"collection":[{"href":"https:\/\/db-engineering-consulting.com\/de\/wp-json\/wp\/v2\/pages"}],"about":[{"href":"https:\/\/db-engineering-consulting.com\/de\/wp-json\/wp\/v2\/types\/page"}],"author":[{"embeddable":true,"href":"https:\/\/db-engineering-consulting.com\/de\/wp-json\/wp\/v2\/users\/1"}],"replies":[{"embeddable":true,"href":"https:\/\/db-engineering-consulting.com\/de\/wp-json\/wp\/v2\/comments?post=156"}],"version-history":[{"count":4,"href":"https:\/\/db-engineering-consulting.com\/de\/wp-json\/wp\/v2\/pages\/156\/revisions"}],"predecessor-version":[{"id":27428,"href":"https:\/\/db-engineering-consulting.com\/de\/wp-json\/wp\/v2\/pages\/156\/revisions\/27428"}],"wp:featuredmedia":[{"embeddable":true,"href":"https:\/\/db-engineering-consulting.com\/de\/wp-json\/wp\/v2\/media\/570"}],"wp:attachment":[{"href":"https:\/\/db-engineering-consulting.com\/de\/wp-json\/wp\/v2\/media?parent=156"}],"curies":[{"name":"wp","href":"https:\/\/api.w.org\/{rel}","templated":true}]}}