{"id":1899,"date":"2020-04-29T20:07:36","date_gmt":"2020-04-29T20:07:36","guid":{"rendered":"https:\/\/db-engineering-consulting.com\/?page_id=1899"},"modified":"2024-11-15T14:45:23","modified_gmt":"2024-11-15T14:45:23","slug":"impressum","status":"publish","type":"page","link":"https:\/\/db-engineering-consulting.com\/de\/impressum\/","title":{"rendered":"Impressum"},"content":{"rendered":"\n<div class=\"wp-block-dbec-core-layout-grid  layout-grid layout-grid--outer-margin-large layout-grid--expanded\"><div class=\"grid grid--child-margin-small\">\n<div class=\"wp-block-dbec-core-layout-column  column is-6-small is-6-medium column--expanded\"><div class=\"layout-column\"><nav class=\"breadcrumbs\"><div class=\"breadcrumbs__inner\"><a class=\"breadcrumbs__home\" href=\"https:\/\/db-engineering-consulting.com\/de\/\" aria-label=\"Link Home\"><svg class=\"breadcrumbs__home-icon\"><use xlink:href=\"#home\"><\/use><\/svg><\/a> <svg class=\"breadcrumbs__delimiter\"><use xlink:href=\"#icon-arrow-right\"><\/use><\/svg> <span class=\"breadcrumbs__actual-page\">Impressum<\/span><\/div><\/nav><\/div><\/div>\n<\/div><\/div>\n\n\n\n<div class=\"wp-block-dbec-core-layout-grid  layout-grid layout-grid--outer-margin-small layout-grid--expanded\"><div class=\"grid grid--child-margin-small\">\n<div class=\"wp-block-dbec-core-layout-column  column is-6-small is-3-medium column--expanded\"><div class=\"layout-column\">\n<h1 class=\"wp-block-heading headline-h2\">Impressum<\/h1>\n\n\n\n<div class=\"wp-block-dbec-core-layout-text  wp-block-dbec-core-layout-text--expanded\"><div class=\"layout-column layout-column--text\">\n<h2 class=\"wp-block-heading headline-h4\">Dies ist eine Seite der<\/h2>\n\n\n\n<p><strong>DB Engineering &amp; Consulting GmbH<br>EUREF-Campus 14<br><\/strong><br><strong>10829 Berlin<\/strong><\/p>\n\n\n\n<p>AG Berlin-Charlottenburg HRB 56655<\/p>\n\n\n\n<p>Ust Idnr.: DE 114 139 523<\/p>\n\n\n\n<p>Die DB Engineering &amp; Consulting GmbH wird vertreten durch:&nbsp;<br>Andrea Bertallot (Vorsitzende und Deutscher Markt), Dr. Ulla Kopp, Stefan Geisperger, Jeroen Hansmann<\/p>\n<\/div><\/div>\n\n\n\n<p>Bei Fragen und Anmerkungen zu diesem Internetauftritt wenden Sie sich bitte an:<br><a href=\"mailto:db-engineering-consulting@db-eco.com\" target=\"_blank\" rel=\"noreferrer noopener\">db-engineering-consulting@db-eco.com<\/a>.<\/p>\n\n\n\n<p>Zur Vereinbarung eines&nbsp;telefonischen R\u00fcckrufs,&nbsp;benutzen Sie unser Kontaktformular \u2013 wir werden uns in K\u00fcrze bei Ihnen melden: <\/p>\n\n\n<div class=\"contact-form\">\n<div class=\"wpcf7 no-js\" id=\"wpcf7-f22402-o1\" lang=\"de-DE\" dir=\"ltr\" data-wpcf7-id=\"22402\">\n<div class=\"screen-reader-response\"><p role=\"status\" aria-live=\"polite\" aria-atomic=\"true\"><\/p> <ul><\/ul><\/div>\n<form action=\"\/de\/wp-json\/wp\/v2\/pages\/1899#wpcf7-f22402-o1\" method=\"post\" class=\"wpcf7-form init\" aria-label=\"Kontaktformular\" novalidate=\"novalidate\" data-status=\"init\">\n<fieldset class=\"hidden-fields-container\"><input type=\"hidden\" name=\"_wpcf7\" value=\"22402\" \/><input type=\"hidden\" name=\"_wpcf7_version\" value=\"6.1.5\" \/><input type=\"hidden\" name=\"_wpcf7_locale\" value=\"de_DE\" \/><input type=\"hidden\" name=\"_wpcf7_unit_tag\" value=\"wpcf7-f22402-o1\" \/><input type=\"hidden\" name=\"_wpcf7_container_post\" value=\"0\" \/><input type=\"hidden\" name=\"_wpcf7_posted_data_hash\" value=\"\" \/>\n<\/fieldset>\n<p><br \/>\n<span class=\"wpcf7-form-control-wrap\" data-name=\"gender\"><span class=\"wpcf7-form-control wpcf7-radio\"><span class=\"wpcf7-list-item first\"><input type=\"radio\" name=\"gender\" value=\"Frau\" \/><span class=\"wpcf7-list-item-label\">Frau<\/span><\/span><span class=\"wpcf7-list-item\"><input type=\"radio\" name=\"gender\" value=\"Herr\" \/><span class=\"wpcf7-list-item-label\">Herr<\/span><\/span><span class=\"wpcf7-list-item\"><input type=\"radio\" name=\"gender\" value=\"Divers\" \/><span class=\"wpcf7-list-item-label\">Divers<\/span><\/span><span class=\"wpcf7-list-item last\"><input type=\"radio\" name=\"gender\" value=\"Keine Angabe\" \/><span class=\"wpcf7-list-item-label\">Keine Angabe<\/span><\/span><\/span><\/span>\n<\/p>\n<p><label for=\"your-name\">Vorname *<\/label><br \/>\n<span class=\"wpcf7-form-control-wrap\" data-name=\"your-name\"><input size=\"40\" maxlength=\"400\" class=\"wpcf7-form-control wpcf7-text wpcf7-validates-as-required\" id=\"your-name\" autocomplete=\"name\" aria-required=\"true\" aria-invalid=\"false\" value=\"\" type=\"text\" name=\"your-name\" \/><\/span>\n<\/p>\n<p><label for=\"your-surname\">Nachname *<\/label><br \/>\n<span class=\"wpcf7-form-control-wrap\" data-name=\"your-surname\"><input size=\"40\" maxlength=\"400\" class=\"wpcf7-form-control wpcf7-text wpcf7-validates-as-required\" id=\"your-surname\" autocomplete=\"family-name\" aria-required=\"true\" aria-invalid=\"false\" value=\"\" type=\"text\" name=\"your-surname\" \/><\/span>\n<\/p>\n<p><label for=\"your-company\">Firma<\/label><br \/>\n<span class=\"wpcf7-form-control-wrap\" data-name=\"your-company\"><input size=\"40\" maxlength=\"400\" class=\"wpcf7-form-control wpcf7-text\" id=\"your-company\" autocomplete=\"organization\" aria-invalid=\"false\" value=\"\" type=\"text\" name=\"your-company\" \/><\/span>\n<\/p>\n<p><label for=\"your-phone\">Telefonnummer *<\/label><br \/>\n<span class=\"wpcf7-form-control-wrap\" data-name=\"your-phone\"><input size=\"40\" maxlength=\"400\" class=\"wpcf7-form-control wpcf7-tel wpcf7-text wpcf7-validates-as-tel\" id=\"your-phone\" autocomplete=\"tel\" aria-invalid=\"false\" value=\"\" type=\"tel\" name=\"your-phone\" \/><\/span>\n<\/p>\n<p><label for=\"your-email\">E-Mail *<\/label><br \/>\n<span class=\"wpcf7-form-control-wrap\" data-name=\"your-email\"><input size=\"40\" maxlength=\"400\" class=\"wpcf7-form-control wpcf7-email wpcf7-validates-as-required wpcf7-text wpcf7-validates-as-email\" id=\"your-email\" autocomplete=\"email\" aria-required=\"true\" aria-invalid=\"false\" value=\"\" type=\"email\" name=\"your-email\" \/><\/span>\n<\/p>\n<p><label for=\"your-message\">Wie k\u00f6nnen wir Ihnen helfen?<\/label><br \/>\n<span class=\"wpcf7-form-control-wrap\" data-name=\"your-message\"><textarea cols=\"40\" rows=\"10\" maxlength=\"2000\" class=\"wpcf7-form-control wpcf7-textarea\" id=\"your-message\" aria-invalid=\"false\" name=\"your-message\"><\/textarea><\/span>\n<\/p>\n<p><span id=\"wpcf7-69e5e94da909e-wrapper\" class=\"wpcf7-form-control-wrap your-phone-wrap\" style=\"display:none !important; visibility:hidden !important;\"><label for=\"phone\" class=\"hp-message\">Bitte lasse dieses Feld leer.<\/label><input id=\"phone\"  placeholder=\"phone\"  class=\"wpcf7-form-control wpcf7-text\" type=\"text\" name=\"your-phone\" value=\"\" size=\"40\" tabindex=\"-1\" autocomplete=\"new-password\" \/><\/span><span id=\"wpcf7-69e5e94da90df-wrapper\" class=\"wpcf7-form-control-wrap honeypot-211-wrap\" style=\"display:none !important; visibility:hidden !important;\"><input type=\"hidden\" name=\"honeypot-211-time-start\" value=\"1776675149\"><input type=\"hidden\" name=\"honeypot-211-time-check\" value=\"4\"><label for=\"wpcf7-69e5e94da90df-field\" class=\"hp-message\">Bitte lasse dieses Feld leer.<\/label><input id=\"wpcf7-69e5e94da90df-field\"  class=\"wpcf7-form-control wpcf7-text\" type=\"text\" name=\"honeypot-211\" value=\"\" size=\"40\" tabindex=\"-1\" autocomplete=\"new-password\" \/><\/span>\n<\/p>\n<p>* Mit Stern markierte Felder sind Pflichtfelder\n<\/p>\n<p>Unsere <a href=\"\/de\/datenschutz\/\" target=\"_blank\" style=\"color:#ec0016; text-decoration:none\" >Datenschutzhinweise finden Sie hier<\/a>.\n<\/p>\n<p><input class=\"wpcf7-form-control wpcf7-submit has-spinner\" type=\"submit\" value=\"Formular abschicken\" \/>\n<\/p><div class=\"wpcf7-response-output\" aria-hidden=\"true\"><\/div>\n<\/form>\n<\/div>\n<\/div><\/div><\/div>\n\n\n\n<div class=\"wp-block-dbec-core-layout-column  column is-6-small is-2-medium is-offset-left-1-medium column--expanded\"><div class=\"layout-column\"><div class=\"wp-block-dbec-core-social-sharing\"><div class=\"social-sharing\" data-subject=\"Hier ist ein Beitrag f\u00fcr Sie: [TITLE]\" data-recipient=\"mail recipient de\" data-body=\"Hier ist ein Beitrag der DB Engineering &#038; Consulting f\u00fcr Sie: [TITLE] unter [LINK]\"><span class=\"social-sharing__label\">Social Sharing<\/span><div class=\"social-sharing__links\"><a class=\"social-sharing__link social-sharing__link--linkedin\" href=\"\/\" target=\"_blank\" rel=\"noopener noreferrer\" aria-label=\"Link LinkedIn\"><svg class=\"social-sharing__icon\"><use xlink:href=\"#icon-linked-in\"\/><\/svg><\/a><a class=\"social-sharing__link social-sharing__link--mail\" href=\"\/\" target=\"_blank\" rel=\"noopener noreferrer\" aria-label=\"Link Mail\"><svg class=\"social-sharing__icon\"><use xlink:href=\"#icon-mail\"\/><\/svg><\/a><\/div><\/div><\/div><\/div><\/div>\n<\/div><\/div>\n","protected":false},"excerpt":{"rendered":"","protected":false},"author":8,"featured_media":985,"parent":0,"menu_order":0,"comment_status":"closed","ping_status":"closed","template":"","meta":{"post_allow-other-domains":"","footnotes":""},"class_list":["post-1899","page","type-page","status-publish","has-post-thumbnail","hentry"],"yoast_head":"<!-- This site is optimized with the Yoast SEO Premium plugin v26.0 (Yoast SEO v27.4) - https:\/\/yoast.com\/product\/yoast-seo-premium-wordpress\/ -->\n<title>Impressum - DB Engineering &amp; Consulting<\/title>\n<meta name=\"description\" content=\"Impressum: DB Engineering &amp; Consulting, EUREF Campus 14Torgauer Stra\u00dfe 12-1510829 Berlin, vertreten durch Niko Warbanoff (Vorsitzender).\" \/>\n<meta name=\"robots\" content=\"index, follow, max-snippet:-1, max-image-preview:large, max-video-preview:-1\" \/>\n<link rel=\"canonical\" href=\"https:\/\/db-engineering-consulting.com\/de\/impressum\/\" \/>\n<meta property=\"og:locale\" content=\"de_DE\" \/>\n<meta property=\"og:type\" content=\"article\" \/>\n<meta property=\"og:title\" content=\"Impressum\" \/>\n<meta property=\"og:description\" content=\"Impressum: DB Engineering &amp; Consulting, EUREF Campus 14Torgauer Stra\u00dfe 12-1510829 Berlin, vertreten durch Niko Warbanoff (Vorsitzender).\" \/>\n<meta property=\"og:url\" content=\"https:\/\/db-engineering-consulting.com\/de\/impressum\/\" \/>\n<meta property=\"og:site_name\" content=\"DB Engineering &amp; Consulting\" \/>\n<meta property=\"article:modified_time\" content=\"2024-11-15T14:45:23+00:00\" \/>\n<meta property=\"og:image\" content=\"https:\/\/db-engineering-consulting.com\/wp-content\/uploads\/2020\/04\/EUREF_Geb\u00e4ude_Fiedler_Diana-scaled.jpg\" \/>\n\t<meta property=\"og:image:width\" content=\"2560\" \/>\n\t<meta property=\"og:image:height\" content=\"1057\" \/>\n\t<meta property=\"og:image:type\" content=\"image\/jpeg\" \/>\n<meta name=\"twitter:card\" content=\"summary_large_image\" \/>\n<meta name=\"twitter:label1\" content=\"Gesch\u00e4tzte Lesezeit\" \/>\n\t<meta name=\"twitter:data1\" content=\"1\u00a0Minute\" \/>\n<script type=\"application\/ld+json\" class=\"yoast-schema-graph\">{\"@context\":\"https:\\\/\\\/schema.org\",\"@graph\":[{\"@type\":\"WebPage\",\"@id\":\"https:\\\/\\\/db-engineering-consulting.com\\\/de\\\/impressum\\\/\",\"url\":\"https:\\\/\\\/db-engineering-consulting.com\\\/de\\\/impressum\\\/\",\"name\":\"Impressum - DB Engineering &amp; Consulting\",\"isPartOf\":{\"@id\":\"https:\\\/\\\/db-engineering-consulting.com\\\/de\\\/#website\"},\"primaryImageOfPage\":{\"@id\":\"https:\\\/\\\/db-engineering-consulting.com\\\/de\\\/impressum\\\/#primaryimage\"},\"image\":{\"@id\":\"https:\\\/\\\/db-engineering-consulting.com\\\/de\\\/impressum\\\/#primaryimage\"},\"thumbnailUrl\":\"https:\\\/\\\/db-engineering-consulting.com\\\/wp-content\\\/uploads\\\/2020\\\/04\\\/EUREF_Geb\u00e4ude_Fiedler_Diana-scaled.jpg\",\"datePublished\":\"2020-04-29T20:07:36+00:00\",\"dateModified\":\"2024-11-15T14:45:23+00:00\",\"description\":\"Impressum: DB Engineering & Consulting, EUREF Campus 14Torgauer Stra\u00dfe 12-1510829 Berlin, vertreten durch Niko Warbanoff (Vorsitzender).\",\"breadcrumb\":{\"@id\":\"https:\\\/\\\/db-engineering-consulting.com\\\/de\\\/impressum\\\/#breadcrumb\"},\"inLanguage\":\"de\",\"potentialAction\":[{\"@type\":\"ReadAction\",\"target\":[\"https:\\\/\\\/db-engineering-consulting.com\\\/de\\\/impressum\\\/\"]}]},{\"@type\":\"ImageObject\",\"inLanguage\":\"de\",\"@id\":\"https:\\\/\\\/db-engineering-consulting.com\\\/de\\\/impressum\\\/#primaryimage\",\"url\":\"https:\\\/\\\/db-engineering-consulting.com\\\/wp-content\\\/uploads\\\/2020\\\/04\\\/EUREF_Geb\u00e4ude_Fiedler_Diana-scaled.jpg\",\"contentUrl\":\"https:\\\/\\\/db-engineering-consulting.com\\\/wp-content\\\/uploads\\\/2020\\\/04\\\/EUREF_Geb\u00e4ude_Fiedler_Diana-scaled.jpg\",\"width\":2560,\"height\":1057,\"caption\":\"DB Engineering & Consulting\"},{\"@type\":\"BreadcrumbList\",\"@id\":\"https:\\\/\\\/db-engineering-consulting.com\\\/de\\\/impressum\\\/#breadcrumb\",\"itemListElement\":[{\"@type\":\"ListItem\",\"position\":1,\"name\":\"Home\",\"item\":\"https:\\\/\\\/db-engineering-consulting.com\\\/de\\\/\"},{\"@type\":\"ListItem\",\"position\":2,\"name\":\"Impressum\"}]},{\"@type\":\"WebSite\",\"@id\":\"https:\\\/\\\/db-engineering-consulting.com\\\/de\\\/#website\",\"url\":\"https:\\\/\\\/db-engineering-consulting.com\\\/de\\\/\",\"name\":\"DB Engineering & Consulting\",\"description\":\"Part of DB E.C.O. Group\",\"publisher\":{\"@id\":\"https:\\\/\\\/db-engineering-consulting.com\\\/de\\\/#organization\"},\"potentialAction\":[{\"@type\":\"SearchAction\",\"target\":{\"@type\":\"EntryPoint\",\"urlTemplate\":\"https:\\\/\\\/db-engineering-consulting.com\\\/de\\\/?s={search_term_string}\"},\"query-input\":{\"@type\":\"PropertyValueSpecification\",\"valueRequired\":true,\"valueName\":\"search_term_string\"}}],\"inLanguage\":\"de\"},{\"@type\":\"Organization\",\"@id\":\"https:\\\/\\\/db-engineering-consulting.com\\\/de\\\/#organization\",\"name\":\"DB Engineering & Consulting GmbH\",\"url\":\"https:\\\/\\\/db-engineering-consulting.com\\\/de\\\/\",\"logo\":{\"@type\":\"ImageObject\",\"inLanguage\":\"de\",\"@id\":\"https:\\\/\\\/db-engineering-consulting.com\\\/de\\\/#\\\/schema\\\/logo\\\/image\\\/\",\"url\":\"https:\\\/\\\/db-engineering-consulting.com\\\/wp-content\\\/uploads\\\/2022\\\/10\\\/Logo_DB-EC-Part-of-ECO-Group-scaled.jpg\",\"contentUrl\":\"https:\\\/\\\/db-engineering-consulting.com\\\/wp-content\\\/uploads\\\/2022\\\/10\\\/Logo_DB-EC-Part-of-ECO-Group-scaled.jpg\",\"width\":2560,\"height\":454,\"caption\":\"DB Engineering & Consulting GmbH\"},\"image\":{\"@id\":\"https:\\\/\\\/db-engineering-consulting.com\\\/de\\\/#\\\/schema\\\/logo\\\/image\\\/\"},\"sameAs\":[\"https:\\\/\\\/www.linkedin.com\\\/company\\\/db-engineering-consulting\\\/\"],\"description\":\"DB Engineering & Consulting ist als Teil des integrierten Bahn-, Mobilit\u00e4ts- und Logistikkonzerns Deutsche Bahn in der Lage, das technische und betriebliche Fachwissen der DB national und international bereitzustellen. Das Unternehmen plant und realisiert komplexe, anforderungsgerechte Infrastruktur-, Mobilit\u00e4ts- und Transportl\u00f6sungen. Dabei stehen nachhaltige Konzepte im Fokus, die zur wirtschaftlichen Entwicklung von Regionen, zum Umweltschutz sowie zur Weiterentwicklung zukunftsf\u00e4higer Mobilit\u00e4t beitragen. Seit 1966 ist DB Engineering & Consulting in \u00fcber 100 L\u00e4ndern t\u00e4tig und hat Projekte in unterschiedlichsten Gr\u00f6\u00dfenordnungen umgesetzt. Mit mehr als 6.100 Mitarbeitenden aus 89 Nationen bringt das Unternehmen fachliche Kompetenz und interkulturelle Erfahrung in s\u00e4mtliche Projektphasen ein.\",\"email\":\"db-engineering-consulting@db-eco.com\",\"legalName\":\"DB Engineering & Consulting GmbH\",\"foundingDate\":\"1966-05-26\",\"vatID\":\"DE 114 139 523\",\"numberOfEmployees\":{\"@type\":\"QuantitativeValue\",\"minValue\":\"5001\",\"maxValue\":\"10000\"}}]}<\/script>\n<!-- \/ Yoast SEO Premium plugin. -->","yoast_head_json":{"title":"Impressum - DB Engineering &amp; Consulting","description":"Impressum: DB Engineering & Consulting, EUREF Campus 14Torgauer Stra\u00dfe 12-1510829 Berlin, vertreten durch Niko Warbanoff (Vorsitzender).","robots":{"index":"index","follow":"follow","max-snippet":"max-snippet:-1","max-image-preview":"max-image-preview:large","max-video-preview":"max-video-preview:-1"},"canonical":"https:\/\/db-engineering-consulting.com\/de\/impressum\/","og_locale":"de_DE","og_type":"article","og_title":"Impressum","og_description":"Impressum: DB Engineering & Consulting, EUREF Campus 14Torgauer Stra\u00dfe 12-1510829 Berlin, vertreten durch Niko Warbanoff (Vorsitzender).","og_url":"https:\/\/db-engineering-consulting.com\/de\/impressum\/","og_site_name":"DB Engineering &amp; Consulting","article_modified_time":"2024-11-15T14:45:23+00:00","og_image":[{"width":2560,"height":1057,"url":"https:\/\/db-engineering-consulting.com\/wp-content\/uploads\/2020\/04\/EUREF_Geb\u00e4ude_Fiedler_Diana-scaled.jpg","type":"image\/jpeg"}],"twitter_card":"summary_large_image","twitter_misc":{"Gesch\u00e4tzte Lesezeit":"1\u00a0Minute"},"schema":{"@context":"https:\/\/schema.org","@graph":[{"@type":"WebPage","@id":"https:\/\/db-engineering-consulting.com\/de\/impressum\/","url":"https:\/\/db-engineering-consulting.com\/de\/impressum\/","name":"Impressum - DB Engineering &amp; Consulting","isPartOf":{"@id":"https:\/\/db-engineering-consulting.com\/de\/#website"},"primaryImageOfPage":{"@id":"https:\/\/db-engineering-consulting.com\/de\/impressum\/#primaryimage"},"image":{"@id":"https:\/\/db-engineering-consulting.com\/de\/impressum\/#primaryimage"},"thumbnailUrl":"https:\/\/db-engineering-consulting.com\/wp-content\/uploads\/2020\/04\/EUREF_Geb\u00e4ude_Fiedler_Diana-scaled.jpg","datePublished":"2020-04-29T20:07:36+00:00","dateModified":"2024-11-15T14:45:23+00:00","description":"Impressum: DB Engineering & Consulting, EUREF Campus 14Torgauer Stra\u00dfe 12-1510829 Berlin, vertreten durch Niko Warbanoff (Vorsitzender).","breadcrumb":{"@id":"https:\/\/db-engineering-consulting.com\/de\/impressum\/#breadcrumb"},"inLanguage":"de","potentialAction":[{"@type":"ReadAction","target":["https:\/\/db-engineering-consulting.com\/de\/impressum\/"]}]},{"@type":"ImageObject","inLanguage":"de","@id":"https:\/\/db-engineering-consulting.com\/de\/impressum\/#primaryimage","url":"https:\/\/db-engineering-consulting.com\/wp-content\/uploads\/2020\/04\/EUREF_Geb\u00e4ude_Fiedler_Diana-scaled.jpg","contentUrl":"https:\/\/db-engineering-consulting.com\/wp-content\/uploads\/2020\/04\/EUREF_Geb\u00e4ude_Fiedler_Diana-scaled.jpg","width":2560,"height":1057,"caption":"DB Engineering & Consulting"},{"@type":"BreadcrumbList","@id":"https:\/\/db-engineering-consulting.com\/de\/impressum\/#breadcrumb","itemListElement":[{"@type":"ListItem","position":1,"name":"Home","item":"https:\/\/db-engineering-consulting.com\/de\/"},{"@type":"ListItem","position":2,"name":"Impressum"}]},{"@type":"WebSite","@id":"https:\/\/db-engineering-consulting.com\/de\/#website","url":"https:\/\/db-engineering-consulting.com\/de\/","name":"DB Engineering & Consulting","description":"Part of DB E.C.O. Group","publisher":{"@id":"https:\/\/db-engineering-consulting.com\/de\/#organization"},"potentialAction":[{"@type":"SearchAction","target":{"@type":"EntryPoint","urlTemplate":"https:\/\/db-engineering-consulting.com\/de\/?s={search_term_string}"},"query-input":{"@type":"PropertyValueSpecification","valueRequired":true,"valueName":"search_term_string"}}],"inLanguage":"de"},{"@type":"Organization","@id":"https:\/\/db-engineering-consulting.com\/de\/#organization","name":"DB Engineering & Consulting GmbH","url":"https:\/\/db-engineering-consulting.com\/de\/","logo":{"@type":"ImageObject","inLanguage":"de","@id":"https:\/\/db-engineering-consulting.com\/de\/#\/schema\/logo\/image\/","url":"https:\/\/db-engineering-consulting.com\/wp-content\/uploads\/2022\/10\/Logo_DB-EC-Part-of-ECO-Group-scaled.jpg","contentUrl":"https:\/\/db-engineering-consulting.com\/wp-content\/uploads\/2022\/10\/Logo_DB-EC-Part-of-ECO-Group-scaled.jpg","width":2560,"height":454,"caption":"DB Engineering & Consulting GmbH"},"image":{"@id":"https:\/\/db-engineering-consulting.com\/de\/#\/schema\/logo\/image\/"},"sameAs":["https:\/\/www.linkedin.com\/company\/db-engineering-consulting\/"],"description":"DB Engineering & Consulting ist als Teil des integrierten Bahn-, Mobilit\u00e4ts- und Logistikkonzerns Deutsche Bahn in der Lage, das technische und betriebliche Fachwissen der DB national und international bereitzustellen. Das Unternehmen plant und realisiert komplexe, anforderungsgerechte Infrastruktur-, Mobilit\u00e4ts- und Transportl\u00f6sungen. Dabei stehen nachhaltige Konzepte im Fokus, die zur wirtschaftlichen Entwicklung von Regionen, zum Umweltschutz sowie zur Weiterentwicklung zukunftsf\u00e4higer Mobilit\u00e4t beitragen. Seit 1966 ist DB Engineering & Consulting in \u00fcber 100 L\u00e4ndern t\u00e4tig und hat Projekte in unterschiedlichsten Gr\u00f6\u00dfenordnungen umgesetzt. Mit mehr als 6.100 Mitarbeitenden aus 89 Nationen bringt das Unternehmen fachliche Kompetenz und interkulturelle Erfahrung in s\u00e4mtliche Projektphasen ein.","email":"db-engineering-consulting@db-eco.com","legalName":"DB Engineering & Consulting GmbH","foundingDate":"1966-05-26","vatID":"DE 114 139 523","numberOfEmployees":{"@type":"QuantitativeValue","minValue":"5001","maxValue":"10000"}}]}},"dbec_featured_media":{"source_url":"https:\/\/db-engineering-consulting.com\/wp-content\/uploads\/2020\/04\/EUREF_Geb\u00e4ude_Fiedler_Diana-300x124.jpg","source_set":"https:\/\/db-engineering-consulting.com\/wp-content\/uploads\/2020\/04\/EUREF_Geb\u00e4ude_Fiedler_Diana-300x124.jpg 300w, https:\/\/db-engineering-consulting.com\/wp-content\/uploads\/2020\/04\/EUREF_Geb\u00e4ude_Fiedler_Diana-1024x423.jpg 1024w, https:\/\/db-engineering-consulting.com\/wp-content\/uploads\/2020\/04\/EUREF_Geb\u00e4ude_Fiedler_Diana-768x317.jpg 768w, https:\/\/db-engineering-consulting.com\/wp-content\/uploads\/2020\/04\/EUREF_Geb\u00e4ude_Fiedler_Diana-1536x634.jpg 1536w, https:\/\/db-engineering-consulting.com\/wp-content\/uploads\/2020\/04\/EUREF_Geb\u00e4ude_Fiedler_Diana-2048x845.jpg 2048w, https:\/\/db-engineering-consulting.com\/wp-content\/uploads\/2020\/04\/EUREF_Geb\u00e4ude_Fiedler_Diana-520x215.jpg 520w, https:\/\/db-engineering-consulting.com\/wp-content\/uploads\/2020\/04\/EUREF_Geb\u00e4ude_Fiedler_Diana-1280x528.jpg 1280w, https:\/\/db-engineering-consulting.com\/wp-content\/uploads\/2020\/04\/EUREF_Geb\u00e4ude_Fiedler_Diana-1920x792.jpg 1920w","caption":"DB Engineering & Consulting","alt":""},"_links":{"self":[{"href":"https:\/\/db-engineering-consulting.com\/de\/wp-json\/wp\/v2\/pages\/1899","targetHints":{"allow":["GET"]}}],"collection":[{"href":"https:\/\/db-engineering-consulting.com\/de\/wp-json\/wp\/v2\/pages"}],"about":[{"href":"https:\/\/db-engineering-consulting.com\/de\/wp-json\/wp\/v2\/types\/page"}],"author":[{"embeddable":true,"href":"https:\/\/db-engineering-consulting.com\/de\/wp-json\/wp\/v2\/users\/8"}],"replies":[{"embeddable":true,"href":"https:\/\/db-engineering-consulting.com\/de\/wp-json\/wp\/v2\/comments?post=1899"}],"version-history":[{"count":12,"href":"https:\/\/db-engineering-consulting.com\/de\/wp-json\/wp\/v2\/pages\/1899\/revisions"}],"predecessor-version":[{"id":26264,"href":"https:\/\/db-engineering-consulting.com\/de\/wp-json\/wp\/v2\/pages\/1899\/revisions\/26264"}],"wp:featuredmedia":[{"embeddable":true,"href":"https:\/\/db-engineering-consulting.com\/de\/wp-json\/wp\/v2\/media\/985"}],"wp:attachment":[{"href":"https:\/\/db-engineering-consulting.com\/de\/wp-json\/wp\/v2\/media?parent=1899"}],"curies":[{"name":"wp","href":"https:\/\/api.w.org\/{rel}","templated":true}]}}