{"id":2262,"date":"2020-05-04T13:44:11","date_gmt":"2020-05-04T13:44:11","guid":{"rendered":"https:\/\/db-engineering-consulting.com\/?page_id=2262"},"modified":"2025-03-27T13:58:13","modified_gmt":"2025-03-27T13:58:13","slug":"freelancer","status":"publish","type":"page","link":"https:\/\/db-engineering-consulting.com\/de\/karriere\/freelancer\/","title":{"rendered":"Freelancer"},"content":{"rendered":"\n<div class=\"wp-block-dbec-core-layout-grid  layout-grid layout-grid--outer-margin-large layout-grid--expanded\"><div class=\"grid grid--child-margin-large\">\n<div class=\"wp-block-dbec-core-layout-column  column is-6-small is-6-medium column--expanded\"><div class=\"layout-column\"><nav class=\"breadcrumbs\"><div class=\"breadcrumbs__inner\"><a class=\"breadcrumbs__home\" href=\"https:\/\/db-engineering-consulting.com\/de\/\" aria-label=\"Link Home\"><svg class=\"breadcrumbs__home-icon\"><use xlink:href=\"#home\"><\/use><\/svg><\/a> <svg class=\"breadcrumbs__delimiter\"><use xlink:href=\"#icon-arrow-right\"><\/use><\/svg> <a href=\"https:\/\/db-engineering-consulting.com\/de\/karriere\/\">Karriere<\/a> <svg class=\"breadcrumbs__delimiter\"><use xlink:href=\"#icon-arrow-right\"><\/use><\/svg> <span class=\"breadcrumbs__actual-page\">Freelancer<\/span><\/div><\/nav><\/div><\/div>\n<\/div><\/div>\n\n\n\n<div class=\"wp-block-dbec-core-layout-grid  layout-grid layout-grid--outer-margin-small layout-grid--expanded\"><div class=\"grid grid--child-margin-small\">\n<div class=\"wp-block-dbec-core-layout-column  column is-6-small is-3-medium column--expanded\"><div class=\"layout-column\">\n<h1 class=\"wp-block-heading headline-h2\">Freelancer<\/h1>\n\n\n\n<div class=\"wp-block-dbec-core-layout-text  wp-block-dbec-core-layout-text--expanded\"><div class=\"layout-column layout-column--text\">\n<div class=\"wp-block-dbec-core-base-card\"><a class=\"base-card\" href=\"https:\/\/freelance.db-ec.de\/\" target=\"_blank\" rel=\"noopener noreferrer\"><figure class=\"base-card__figure\"><img decoding=\"async\" class=\"base-card__image\" src=\"https:\/\/db-engineering-consulting.com\/wp-content\/uploads\/2025\/03\/dbec2022_MyriamB_stock.adobe_.com_-e1743083809862.jpg\" srcset=\"https:\/\/db-engineering-consulting.com\/wp-content\/uploads\/2025\/03\/dbec2022_MyriamB_stock.adobe_.com_-300x200.jpg 300w, https:\/\/db-engineering-consulting.com\/wp-content\/uploads\/2025\/03\/dbec2022_MyriamB_stock.adobe_.com_-1024x683.jpg 1024w, https:\/\/db-engineering-consulting.com\/wp-content\/uploads\/2025\/03\/dbec2022_MyriamB_stock.adobe_.com_-150x150.jpg 150w, https:\/\/db-engineering-consulting.com\/wp-content\/uploads\/2025\/03\/dbec2022_MyriamB_stock.adobe_.com_-768x512.jpg 768w, https:\/\/db-engineering-consulting.com\/wp-content\/uploads\/2025\/03\/dbec2022_MyriamB_stock.adobe_.com_-1536x1024.jpg 1536w, https:\/\/db-engineering-consulting.com\/wp-content\/uploads\/2025\/03\/dbec2022_MyriamB_stock.adobe_.com_-520x347.jpg 520w, https:\/\/db-engineering-consulting.com\/wp-content\/uploads\/2025\/03\/dbec2022_MyriamB_stock.adobe_.com_-768x512.jpg 768w, https:\/\/db-engineering-consulting.com\/wp-content\/uploads\/2025\/03\/dbec2022_MyriamB_stock.adobe_.com_-1280x854.jpg 1280w\" alt=\"Karriere - Freelancer\" width=\"1600\" height=\"1067\" loading=\"lazy\" sizes=\"auto, (min-width: 1330px) calc(((1200px - 35px * 5) * (3 \/ 6)) + (35px * (3 - 1))), (min-width: 768px) calc((((100vw - 130px) - 35px * 5) * (3 \/ 6)) + (35px * (3 - 1))), calc(100vw - 60px)\"\/><div class=\"label-reference\" data-image-reference=\"<p&gt;MyriamB &#8211; stock.adobe.com<\/p&gt;\n\"><\/div><\/figure><h3 class=\"base-card__title\">Gemeinsam die mobile Zukunft gestalten<\/h3><div class=\"base-card__copy\">Als attraktive Partnerin f\u00fcr erfahrene Freelancer:innen bieten wir interessante Herausforderungen in Projekten im In- und Ausland. Seien Sie dabei und entwickeln Sie die Welt weiter!<\/div><\/a><\/div>\n\n\n\n<div class=\"wp-block-dbec-core-base-button\"><div class=\"wrapper-base-button wrapper-base-button--left\"><a class=\"base-button base-button--red\" href=\"https:\/\/freelance.db-ec.de\/\" target=\"_blank\" rel=\"noopener\"><span class=\"base-button__label\">Melden Sie sich hier an<\/span><svg class=\"base-button__icon\"><use xlink:href=\"#icon-link\" \/><\/svg><\/a><\/div><\/div>\n<\/div><\/div>\n<\/div><\/div>\n\n\n\n<div class=\"wp-block-dbec-core-layout-column  column is-6-small is-2-medium is-offset-left-1-medium column--expanded\"><div class=\"layout-column\"><div class=\"wp-block-dbec-core-social-sharing\"><div class=\"social-sharing\" data-subject=\"Hier ist ein Beitrag f\u00fcr Sie: [TITLE]\" data-recipient=\"mail recipient de\" data-body=\"Hier ist ein Beitrag der DB Engineering &#038; Consulting f\u00fcr Sie: [TITLE] unter [LINK]\"><span class=\"social-sharing__label\">Social Sharing<\/span><div class=\"social-sharing__links\"><a class=\"social-sharing__link social-sharing__link--linkedin\" href=\"\/\" target=\"_blank\" rel=\"noopener noreferrer\" aria-label=\"Link LinkedIn\"><svg class=\"social-sharing__icon\"><use xlink:href=\"#icon-linked-in\"\/><\/svg><\/a><a class=\"social-sharing__link social-sharing__link--mail\" href=\"\/\" target=\"_blank\" rel=\"noopener noreferrer\" aria-label=\"Link Mail\"><svg class=\"social-sharing__icon\"><use xlink:href=\"#icon-mail\"\/><\/svg><\/a><\/div><\/div><\/div>\n\n\n<div class=\"wp-block-dbec-core-layout-text  wp-block-dbec-core-layout-text--expanded\"><div class=\"layout-column layout-column--text\">\n<h2 class=\"wp-block-heading headline-h4\">Kontakt <\/h2>\n\n\n<div class=\"contact-person\"><h3 class=\"contact-person__name\">Koordination Freelancer<\/h3><div class=\"contact-person__position\">Ressourcenmanagement<\/div><div class=\"contact-person__address\">DB Engineering &#038; Consulting<br \/>\r\nEUREF-Campus 14<br \/>\r\n10829 Berlin<br \/>\r\nDeutschland<\/div><\/div><\/div><\/div>\n<\/div><\/div>\n<\/div><\/div>\n","protected":false},"excerpt":{"rendered":"","protected":false},"author":8,"featured_media":27164,"parent":169,"menu_order":0,"comment_status":"closed","ping_status":"closed","template":"","meta":{"post_allow-other-domains":"","footnotes":""},"class_list":["post-2262","page","type-page","status-publish","has-post-thumbnail","hentry"],"yoast_head":"<!-- This site is optimized with the Yoast SEO Premium plugin v26.0 (Yoast SEO v27.3) - https:\/\/yoast.com\/product\/yoast-seo-premium-wordpress\/ -->\n<title>Freelancer - Karrierem\u00f6glichkeiten | DB Engineering &amp; Consulting<\/title>\n<meta name=\"description\" content=\"Freelancer - Arbeiten Sie gemeinsam mit uns an spannenden Projekten im In- und Ausland. Erfahren Sie mehr und seien Sie dabei!\" \/>\n<meta name=\"robots\" content=\"index, follow, max-snippet:-1, max-image-preview:large, max-video-preview:-1\" \/>\n<link rel=\"canonical\" href=\"https:\/\/db-engineering-consulting.com\/de\/karriere\/freelancer\/\" \/>\n<meta property=\"og:locale\" content=\"de_DE\" \/>\n<meta property=\"og:type\" content=\"article\" \/>\n<meta property=\"og:title\" content=\"Freelancer\" \/>\n<meta property=\"og:description\" content=\"Freelancer - Arbeiten Sie gemeinsam mit uns an spannenden Projekten im In- und Ausland. Erfahren Sie mehr und seien Sie dabei!\" \/>\n<meta property=\"og:url\" content=\"https:\/\/db-engineering-consulting.com\/de\/karriere\/freelancer\/\" \/>\n<meta property=\"og:site_name\" content=\"DB Engineering &amp; Consulting\" \/>\n<meta property=\"article:modified_time\" content=\"2025-03-27T13:58:13+00:00\" \/>\n<meta property=\"og:image\" content=\"https:\/\/db-engineering-consulting.com\/wp-content\/uploads\/2025\/03\/dbec2022_MyriamB_stock.adobe_.com_-e1743083809862.jpg\" \/>\n\t<meta property=\"og:image:width\" content=\"1600\" \/>\n\t<meta property=\"og:image:height\" content=\"1067\" \/>\n\t<meta property=\"og:image:type\" content=\"image\/jpeg\" \/>\n<meta name=\"twitter:card\" content=\"summary_large_image\" \/>\n<meta name=\"twitter:label1\" content=\"Gesch\u00e4tzte Lesezeit\" \/>\n\t<meta name=\"twitter:data1\" content=\"1\u00a0Minute\" \/>\n<script type=\"application\/ld+json\" class=\"yoast-schema-graph\">{\"@context\":\"https:\\\/\\\/schema.org\",\"@graph\":[{\"@type\":\"WebPage\",\"@id\":\"https:\\\/\\\/db-engineering-consulting.com\\\/de\\\/karriere\\\/freelancer\\\/\",\"url\":\"https:\\\/\\\/db-engineering-consulting.com\\\/de\\\/karriere\\\/freelancer\\\/\",\"name\":\"Freelancer - Karrierem\u00f6glichkeiten | DB Engineering & Consulting\",\"isPartOf\":{\"@id\":\"https:\\\/\\\/db-engineering-consulting.com\\\/de\\\/#website\"},\"primaryImageOfPage\":{\"@id\":\"https:\\\/\\\/db-engineering-consulting.com\\\/de\\\/karriere\\\/freelancer\\\/#primaryimage\"},\"image\":{\"@id\":\"https:\\\/\\\/db-engineering-consulting.com\\\/de\\\/karriere\\\/freelancer\\\/#primaryimage\"},\"thumbnailUrl\":\"https:\\\/\\\/db-engineering-consulting.com\\\/wp-content\\\/uploads\\\/2025\\\/03\\\/dbec2022_MyriamB_stock.adobe_.com_-e1743083809862.jpg\",\"datePublished\":\"2020-05-04T13:44:11+00:00\",\"dateModified\":\"2025-03-27T13:58:13+00:00\",\"description\":\"Freelancer - Arbeiten Sie gemeinsam mit uns an spannenden Projekten im In- und Ausland. Erfahren Sie mehr und seien Sie dabei!\",\"breadcrumb\":{\"@id\":\"https:\\\/\\\/db-engineering-consulting.com\\\/de\\\/karriere\\\/freelancer\\\/#breadcrumb\"},\"inLanguage\":\"de\",\"potentialAction\":[{\"@type\":\"ReadAction\",\"target\":[\"https:\\\/\\\/db-engineering-consulting.com\\\/de\\\/karriere\\\/freelancer\\\/\"]}]},{\"@type\":\"ImageObject\",\"inLanguage\":\"de\",\"@id\":\"https:\\\/\\\/db-engineering-consulting.com\\\/de\\\/karriere\\\/freelancer\\\/#primaryimage\",\"url\":\"https:\\\/\\\/db-engineering-consulting.com\\\/wp-content\\\/uploads\\\/2025\\\/03\\\/dbec2022_MyriamB_stock.adobe_.com_-e1743083809862.jpg\",\"contentUrl\":\"https:\\\/\\\/db-engineering-consulting.com\\\/wp-content\\\/uploads\\\/2025\\\/03\\\/dbec2022_MyriamB_stock.adobe_.com_-e1743083809862.jpg\",\"width\":1600,\"height\":1067,\"caption\":\"MyriamB - stock.adobe.com\"},{\"@type\":\"BreadcrumbList\",\"@id\":\"https:\\\/\\\/db-engineering-consulting.com\\\/de\\\/karriere\\\/freelancer\\\/#breadcrumb\",\"itemListElement\":[{\"@type\":\"ListItem\",\"position\":1,\"name\":\"Home\",\"item\":\"https:\\\/\\\/db-engineering-consulting.com\\\/de\\\/\"},{\"@type\":\"ListItem\",\"position\":2,\"name\":\"Karriere\",\"item\":\"https:\\\/\\\/db-engineering-consulting.com\\\/de\\\/karriere\\\/\"},{\"@type\":\"ListItem\",\"position\":3,\"name\":\"Freelancer\"}]},{\"@type\":\"WebSite\",\"@id\":\"https:\\\/\\\/db-engineering-consulting.com\\\/de\\\/#website\",\"url\":\"https:\\\/\\\/db-engineering-consulting.com\\\/de\\\/\",\"name\":\"DB Engineering & Consulting\",\"description\":\"Part of DB E.C.O. Group\",\"publisher\":{\"@id\":\"https:\\\/\\\/db-engineering-consulting.com\\\/de\\\/#organization\"},\"potentialAction\":[{\"@type\":\"SearchAction\",\"target\":{\"@type\":\"EntryPoint\",\"urlTemplate\":\"https:\\\/\\\/db-engineering-consulting.com\\\/de\\\/?s={search_term_string}\"},\"query-input\":{\"@type\":\"PropertyValueSpecification\",\"valueRequired\":true,\"valueName\":\"search_term_string\"}}],\"inLanguage\":\"de\"},{\"@type\":\"Organization\",\"@id\":\"https:\\\/\\\/db-engineering-consulting.com\\\/de\\\/#organization\",\"name\":\"DB Engineering & Consulting GmbH\",\"url\":\"https:\\\/\\\/db-engineering-consulting.com\\\/de\\\/\",\"logo\":{\"@type\":\"ImageObject\",\"inLanguage\":\"de\",\"@id\":\"https:\\\/\\\/db-engineering-consulting.com\\\/de\\\/#\\\/schema\\\/logo\\\/image\\\/\",\"url\":\"https:\\\/\\\/db-engineering-consulting.com\\\/wp-content\\\/uploads\\\/2022\\\/10\\\/Logo_DB-EC-Part-of-ECO-Group-scaled.jpg\",\"contentUrl\":\"https:\\\/\\\/db-engineering-consulting.com\\\/wp-content\\\/uploads\\\/2022\\\/10\\\/Logo_DB-EC-Part-of-ECO-Group-scaled.jpg\",\"width\":2560,\"height\":454,\"caption\":\"DB Engineering & Consulting GmbH\"},\"image\":{\"@id\":\"https:\\\/\\\/db-engineering-consulting.com\\\/de\\\/#\\\/schema\\\/logo\\\/image\\\/\"},\"sameAs\":[\"https:\\\/\\\/www.linkedin.com\\\/company\\\/db-engineering-consulting\\\/\"],\"description\":\"DB Engineering & Consulting ist als Teil des integrierten Bahn-, Mobilit\u00e4ts- und Logistikkonzerns Deutsche Bahn in der Lage, das technische und betriebliche Fachwissen der DB national und international bereitzustellen. Das Unternehmen plant und realisiert komplexe, anforderungsgerechte Infrastruktur-, Mobilit\u00e4ts- und Transportl\u00f6sungen. Dabei stehen nachhaltige Konzepte im Fokus, die zur wirtschaftlichen Entwicklung von Regionen, zum Umweltschutz sowie zur Weiterentwicklung zukunftsf\u00e4higer Mobilit\u00e4t beitragen. Seit 1966 ist DB Engineering & Consulting in \u00fcber 100 L\u00e4ndern t\u00e4tig und hat Projekte in unterschiedlichsten Gr\u00f6\u00dfenordnungen umgesetzt. Mit mehr als 6.100 Mitarbeitenden aus 89 Nationen bringt das Unternehmen fachliche Kompetenz und interkulturelle Erfahrung in s\u00e4mtliche Projektphasen ein.\",\"email\":\"db-engineering-consulting@db-eco.com\",\"legalName\":\"DB Engineering & Consulting GmbH\",\"foundingDate\":\"1966-05-26\",\"vatID\":\"DE 114 139 523\",\"numberOfEmployees\":{\"@type\":\"QuantitativeValue\",\"minValue\":\"5001\",\"maxValue\":\"10000\"}}]}<\/script>\n<!-- \/ Yoast SEO Premium plugin. -->","yoast_head_json":{"title":"Freelancer - Karrierem\u00f6glichkeiten | DB Engineering & Consulting","description":"Freelancer - Arbeiten Sie gemeinsam mit uns an spannenden Projekten im In- und Ausland. Erfahren Sie mehr und seien Sie dabei!","robots":{"index":"index","follow":"follow","max-snippet":"max-snippet:-1","max-image-preview":"max-image-preview:large","max-video-preview":"max-video-preview:-1"},"canonical":"https:\/\/db-engineering-consulting.com\/de\/karriere\/freelancer\/","og_locale":"de_DE","og_type":"article","og_title":"Freelancer","og_description":"Freelancer - Arbeiten Sie gemeinsam mit uns an spannenden Projekten im In- und Ausland. Erfahren Sie mehr und seien Sie dabei!","og_url":"https:\/\/db-engineering-consulting.com\/de\/karriere\/freelancer\/","og_site_name":"DB Engineering &amp; Consulting","article_modified_time":"2025-03-27T13:58:13+00:00","og_image":[{"width":1600,"height":1067,"url":"https:\/\/db-engineering-consulting.com\/wp-content\/uploads\/2025\/03\/dbec2022_MyriamB_stock.adobe_.com_-e1743083809862.jpg","type":"image\/jpeg"}],"twitter_card":"summary_large_image","twitter_misc":{"Gesch\u00e4tzte Lesezeit":"1\u00a0Minute"},"schema":{"@context":"https:\/\/schema.org","@graph":[{"@type":"WebPage","@id":"https:\/\/db-engineering-consulting.com\/de\/karriere\/freelancer\/","url":"https:\/\/db-engineering-consulting.com\/de\/karriere\/freelancer\/","name":"Freelancer - Karrierem\u00f6glichkeiten | DB Engineering & Consulting","isPartOf":{"@id":"https:\/\/db-engineering-consulting.com\/de\/#website"},"primaryImageOfPage":{"@id":"https:\/\/db-engineering-consulting.com\/de\/karriere\/freelancer\/#primaryimage"},"image":{"@id":"https:\/\/db-engineering-consulting.com\/de\/karriere\/freelancer\/#primaryimage"},"thumbnailUrl":"https:\/\/db-engineering-consulting.com\/wp-content\/uploads\/2025\/03\/dbec2022_MyriamB_stock.adobe_.com_-e1743083809862.jpg","datePublished":"2020-05-04T13:44:11+00:00","dateModified":"2025-03-27T13:58:13+00:00","description":"Freelancer - Arbeiten Sie gemeinsam mit uns an spannenden Projekten im In- und Ausland. Erfahren Sie mehr und seien Sie dabei!","breadcrumb":{"@id":"https:\/\/db-engineering-consulting.com\/de\/karriere\/freelancer\/#breadcrumb"},"inLanguage":"de","potentialAction":[{"@type":"ReadAction","target":["https:\/\/db-engineering-consulting.com\/de\/karriere\/freelancer\/"]}]},{"@type":"ImageObject","inLanguage":"de","@id":"https:\/\/db-engineering-consulting.com\/de\/karriere\/freelancer\/#primaryimage","url":"https:\/\/db-engineering-consulting.com\/wp-content\/uploads\/2025\/03\/dbec2022_MyriamB_stock.adobe_.com_-e1743083809862.jpg","contentUrl":"https:\/\/db-engineering-consulting.com\/wp-content\/uploads\/2025\/03\/dbec2022_MyriamB_stock.adobe_.com_-e1743083809862.jpg","width":1600,"height":1067,"caption":"MyriamB - stock.adobe.com"},{"@type":"BreadcrumbList","@id":"https:\/\/db-engineering-consulting.com\/de\/karriere\/freelancer\/#breadcrumb","itemListElement":[{"@type":"ListItem","position":1,"name":"Home","item":"https:\/\/db-engineering-consulting.com\/de\/"},{"@type":"ListItem","position":2,"name":"Karriere","item":"https:\/\/db-engineering-consulting.com\/de\/karriere\/"},{"@type":"ListItem","position":3,"name":"Freelancer"}]},{"@type":"WebSite","@id":"https:\/\/db-engineering-consulting.com\/de\/#website","url":"https:\/\/db-engineering-consulting.com\/de\/","name":"DB Engineering & Consulting","description":"Part of DB E.C.O. Group","publisher":{"@id":"https:\/\/db-engineering-consulting.com\/de\/#organization"},"potentialAction":[{"@type":"SearchAction","target":{"@type":"EntryPoint","urlTemplate":"https:\/\/db-engineering-consulting.com\/de\/?s={search_term_string}"},"query-input":{"@type":"PropertyValueSpecification","valueRequired":true,"valueName":"search_term_string"}}],"inLanguage":"de"},{"@type":"Organization","@id":"https:\/\/db-engineering-consulting.com\/de\/#organization","name":"DB Engineering & Consulting GmbH","url":"https:\/\/db-engineering-consulting.com\/de\/","logo":{"@type":"ImageObject","inLanguage":"de","@id":"https:\/\/db-engineering-consulting.com\/de\/#\/schema\/logo\/image\/","url":"https:\/\/db-engineering-consulting.com\/wp-content\/uploads\/2022\/10\/Logo_DB-EC-Part-of-ECO-Group-scaled.jpg","contentUrl":"https:\/\/db-engineering-consulting.com\/wp-content\/uploads\/2022\/10\/Logo_DB-EC-Part-of-ECO-Group-scaled.jpg","width":2560,"height":454,"caption":"DB Engineering & Consulting GmbH"},"image":{"@id":"https:\/\/db-engineering-consulting.com\/de\/#\/schema\/logo\/image\/"},"sameAs":["https:\/\/www.linkedin.com\/company\/db-engineering-consulting\/"],"description":"DB Engineering & Consulting ist als Teil des integrierten Bahn-, Mobilit\u00e4ts- und Logistikkonzerns Deutsche Bahn in der Lage, das technische und betriebliche Fachwissen der DB national und international bereitzustellen. Das Unternehmen plant und realisiert komplexe, anforderungsgerechte Infrastruktur-, Mobilit\u00e4ts- und Transportl\u00f6sungen. Dabei stehen nachhaltige Konzepte im Fokus, die zur wirtschaftlichen Entwicklung von Regionen, zum Umweltschutz sowie zur Weiterentwicklung zukunftsf\u00e4higer Mobilit\u00e4t beitragen. Seit 1966 ist DB Engineering & Consulting in \u00fcber 100 L\u00e4ndern t\u00e4tig und hat Projekte in unterschiedlichsten Gr\u00f6\u00dfenordnungen umgesetzt. Mit mehr als 6.100 Mitarbeitenden aus 89 Nationen bringt das Unternehmen fachliche Kompetenz und interkulturelle Erfahrung in s\u00e4mtliche Projektphasen ein.","email":"db-engineering-consulting@db-eco.com","legalName":"DB Engineering & Consulting GmbH","foundingDate":"1966-05-26","vatID":"DE 114 139 523","numberOfEmployees":{"@type":"QuantitativeValue","minValue":"5001","maxValue":"10000"}}]}},"dbec_featured_media":{"source_url":"https:\/\/db-engineering-consulting.com\/wp-content\/uploads\/2025\/03\/dbec2022_MyriamB_stock.adobe_.com_-300x200.jpg","source_set":"https:\/\/db-engineering-consulting.com\/wp-content\/uploads\/2025\/03\/dbec2022_MyriamB_stock.adobe_.com_-300x200.jpg 300w, https:\/\/db-engineering-consulting.com\/wp-content\/uploads\/2025\/03\/dbec2022_MyriamB_stock.adobe_.com_-1024x683.jpg 1024w, https:\/\/db-engineering-consulting.com\/wp-content\/uploads\/2025\/03\/dbec2022_MyriamB_stock.adobe_.com_-768x512.jpg 768w, https:\/\/db-engineering-consulting.com\/wp-content\/uploads\/2025\/03\/dbec2022_MyriamB_stock.adobe_.com_-1536x1024.jpg 1536w, https:\/\/db-engineering-consulting.com\/wp-content\/uploads\/2025\/03\/dbec2022_MyriamB_stock.adobe_.com_-520x347.jpg 520w, https:\/\/db-engineering-consulting.com\/wp-content\/uploads\/2025\/03\/dbec2022_MyriamB_stock.adobe_.com_-1280x854.jpg 1280w, https:\/\/db-engineering-consulting.com\/wp-content\/uploads\/2025\/03\/dbec2022_MyriamB_stock.adobe_.com_.jpg 1600w","caption":"MyriamB - stock.adobe.com","alt":"Karriere - Freelancer"},"_links":{"self":[{"href":"https:\/\/db-engineering-consulting.com\/de\/wp-json\/wp\/v2\/pages\/2262","targetHints":{"allow":["GET"]}}],"collection":[{"href":"https:\/\/db-engineering-consulting.com\/de\/wp-json\/wp\/v2\/pages"}],"about":[{"href":"https:\/\/db-engineering-consulting.com\/de\/wp-json\/wp\/v2\/types\/page"}],"author":[{"embeddable":true,"href":"https:\/\/db-engineering-consulting.com\/de\/wp-json\/wp\/v2\/users\/8"}],"replies":[{"embeddable":true,"href":"https:\/\/db-engineering-consulting.com\/de\/wp-json\/wp\/v2\/comments?post=2262"}],"version-history":[{"count":6,"href":"https:\/\/db-engineering-consulting.com\/de\/wp-json\/wp\/v2\/pages\/2262\/revisions"}],"predecessor-version":[{"id":27170,"href":"https:\/\/db-engineering-consulting.com\/de\/wp-json\/wp\/v2\/pages\/2262\/revisions\/27170"}],"up":[{"embeddable":true,"href":"https:\/\/db-engineering-consulting.com\/de\/wp-json\/wp\/v2\/pages\/169"}],"wp:featuredmedia":[{"embeddable":true,"href":"https:\/\/db-engineering-consulting.com\/de\/wp-json\/wp\/v2\/media\/27164"}],"wp:attachment":[{"href":"https:\/\/db-engineering-consulting.com\/de\/wp-json\/wp\/v2\/media?parent=2262"}],"curies":[{"name":"wp","href":"https:\/\/api.w.org\/{rel}","templated":true}]}}