{"id":2385,"date":"2020-05-05T15:39:56","date_gmt":"2020-05-05T15:39:56","guid":{"rendered":"https:\/\/db-engineering-consulting.com\/?page_id=2385"},"modified":"2023-03-23T15:47:17","modified_gmt":"2023-03-23T15:47:17","slug":"suche","status":"publish","type":"page","link":"https:\/\/db-engineering-consulting.com\/de\/suche\/","title":{"rendered":"Suche"},"content":{"rendered":"\n<div class=\"wp-block-dbec-core-layout-grid  layout-grid layout-grid--outer-margin-large layout-grid--expanded\"><div class=\"grid grid--child-margin-small\">\n<div class=\"wp-block-dbec-core-layout-column  column is-6-small is-6-medium column--expanded\"><div class=\"layout-column\"><nav class=\"breadcrumbs\"><div class=\"breadcrumbs__inner\"><a class=\"breadcrumbs__home\" href=\"https:\/\/db-engineering-consulting.com\/de\/\" aria-label=\"Link Home\"><svg class=\"breadcrumbs__home-icon\"><use xlink:href=\"#home\"><\/use><\/svg><\/a> <svg class=\"breadcrumbs__delimiter\"><use xlink:href=\"#icon-arrow-right\"><\/use><\/svg> <span class=\"breadcrumbs__actual-page\">Suche<\/span><\/div><\/nav>\n\n\n<div class=\"wp-block-dbec-core-centered-headline\"><div class=\"centered-headline\"><h2 class=\"centered-headline__text\">Wonach suchen Sie? <\/h2><\/div><\/div>\n\n\n\n<div class=\"wp-block-dbec-core-search\"><search id=\"search\" class=\"search\" label-news=\"News\" label-projects=\"Projekte\" label-page=\"Seite\"><div><form class=\"search__control\" v-on:submit=\"onSubmit\"><input type=\"text\" name=\"search\" placeholder=\"Suchbegriff\" v-bind:value=\"searchInput\" class=\"search__input\" v-on:input=\"onSearchInput\" autocomplete=\"off\"\/><button class=\"base-button base-button--ghost\" v-bind:class=\"{ 'base-button--deactivated': searchDisabled }\"><span class=\"base-button__label\">Finden!<\/span><\/button><\/form><div class=\"search__count-results\" v-bind:class=\"{ 'search__count-results--visible': showCountResults }\"><span class=\"search__count-results-number\">[[ countResults ]]<\/span><span class=\"search__count-results-label\">\u00a0Suchergebnisse<\/span><\/div><div class=\"search__results\" v-bind:style=\"styleResults\" v-bind:ref=\"'containerResults'\"><div class=\"search__result\" v-for=\"(result, index) in results\"><component v-bind:is=\"getComponentByType(result.type)\" v-bind:key=\"'search_item_' + persistentIndex + '_' + index\" v-bind:post=\"result\" v-bind:label=\"getLabelByType(result.type)\" v-bind:index=\"index\"><\/component><\/div><\/div><div class=\"search__no-results\" v-bind:class=\"{ 'search__no-results--visible': noResults }\"><div class=\"search__no-results-headline\">Keine Ergebnisse<\/div><div class=\"search__no-results-copy\">Leider wurden keine passenden Inhalte gefunden. Probiere Sie es bitte mit einem anderen Suchbegriff!<\/div><\/div><div class=\"search__footer\"><button class=\"base-button base-button--ghost\" v-show=\"showButtonLoadMore\" v-on:click=\"onLoadMoreClicked\">Mehr laden<\/button><\/div><\/div><\/search><\/div>\n<\/div><\/div>\n<\/div><\/div>\n\n\n\n<div class=\"wp-block-dbec-core-layout-grid  layout-grid layout-grid--outer-margin-small layout-grid--expanded\"><div class=\"grid grid--child-margin-large\">\n<div class=\"wp-block-dbec-core-layout-column  column is-6-small is-6-medium column--expanded\"><div class=\"layout-column\"><\/div><\/div>\n<\/div><\/div>\n","protected":false},"excerpt":{"rendered":"","protected":false},"author":1,"featured_media":4614,"parent":0,"menu_order":0,"comment_status":"closed","ping_status":"closed","template":"","meta":{"post_allow-other-domains":"","footnotes":""},"class_list":["post-2385","page","type-page","status-publish","has-post-thumbnail","hentry"],"yoast_head":"<!-- This site is optimized with the Yoast SEO Premium plugin v26.0 (Yoast SEO v27.3) - https:\/\/yoast.com\/product\/yoast-seo-premium-wordpress\/ -->\n<title>Suche - DB Engineering &amp; Consulting<\/title>\n<meta name=\"robots\" content=\"noindex, follow\" \/>\n<meta property=\"og:locale\" content=\"de_DE\" \/>\n<meta property=\"og:type\" content=\"article\" \/>\n<meta property=\"og:title\" content=\"Suche\" \/>\n<meta property=\"og:url\" content=\"https:\/\/db-engineering-consulting.com\/de\/suche\/\" \/>\n<meta property=\"og:site_name\" content=\"DB Engineering &amp; Consulting\" \/>\n<meta property=\"article:modified_time\" content=\"2023-03-23T15:47:17+00:00\" \/>\n<meta property=\"og:image\" content=\"https:\/\/db-engineering-consulting.com\/wp-content\/uploads\/2020\/06\/AdobeStock_305900699-scaled.jpeg\" \/>\n\t<meta property=\"og:image:width\" content=\"2560\" \/>\n\t<meta property=\"og:image:height\" content=\"1280\" \/>\n\t<meta property=\"og:image:type\" content=\"image\/jpeg\" \/>\n<meta name=\"twitter:card\" content=\"summary_large_image\" \/>\n<meta name=\"twitter:label1\" content=\"Gesch\u00e4tzte Lesezeit\" \/>\n\t<meta name=\"twitter:data1\" content=\"1\u00a0Minute\" \/>\n<script type=\"application\/ld+json\" class=\"yoast-schema-graph\">{\"@context\":\"https:\\\/\\\/schema.org\",\"@graph\":[{\"@type\":\"WebPage\",\"@id\":\"https:\\\/\\\/db-engineering-consulting.com\\\/de\\\/suche\\\/\",\"url\":\"https:\\\/\\\/db-engineering-consulting.com\\\/de\\\/suche\\\/\",\"name\":\"Suche - DB Engineering &amp; Consulting\",\"isPartOf\":{\"@id\":\"https:\\\/\\\/db-engineering-consulting.com\\\/de\\\/#website\"},\"primaryImageOfPage\":{\"@id\":\"https:\\\/\\\/db-engineering-consulting.com\\\/de\\\/suche\\\/#primaryimage\"},\"image\":{\"@id\":\"https:\\\/\\\/db-engineering-consulting.com\\\/de\\\/suche\\\/#primaryimage\"},\"thumbnailUrl\":\"https:\\\/\\\/db-engineering-consulting.com\\\/wp-content\\\/uploads\\\/2020\\\/06\\\/AdobeStock_305900699-scaled.jpeg\",\"datePublished\":\"2020-05-05T15:39:56+00:00\",\"dateModified\":\"2023-03-23T15:47:17+00:00\",\"breadcrumb\":{\"@id\":\"https:\\\/\\\/db-engineering-consulting.com\\\/de\\\/suche\\\/#breadcrumb\"},\"inLanguage\":\"de\",\"potentialAction\":[{\"@type\":\"ReadAction\",\"target\":[\"https:\\\/\\\/db-engineering-consulting.com\\\/de\\\/suche\\\/\"]}]},{\"@type\":\"ImageObject\",\"inLanguage\":\"de\",\"@id\":\"https:\\\/\\\/db-engineering-consulting.com\\\/de\\\/suche\\\/#primaryimage\",\"url\":\"https:\\\/\\\/db-engineering-consulting.com\\\/wp-content\\\/uploads\\\/2020\\\/06\\\/AdobeStock_305900699-scaled.jpeg\",\"contentUrl\":\"https:\\\/\\\/db-engineering-consulting.com\\\/wp-content\\\/uploads\\\/2020\\\/06\\\/AdobeStock_305900699-scaled.jpeg\",\"width\":2560,\"height\":1280,\"caption\":\"deepagopi2011 - stock.adobe.com\"},{\"@type\":\"BreadcrumbList\",\"@id\":\"https:\\\/\\\/db-engineering-consulting.com\\\/de\\\/suche\\\/#breadcrumb\",\"itemListElement\":[{\"@type\":\"ListItem\",\"position\":1,\"name\":\"Home\",\"item\":\"https:\\\/\\\/db-engineering-consulting.com\\\/de\\\/\"},{\"@type\":\"ListItem\",\"position\":2,\"name\":\"Suche\"}]},{\"@type\":\"WebSite\",\"@id\":\"https:\\\/\\\/db-engineering-consulting.com\\\/de\\\/#website\",\"url\":\"https:\\\/\\\/db-engineering-consulting.com\\\/de\\\/\",\"name\":\"DB Engineering & Consulting\",\"description\":\"Part of DB E.C.O. Group\",\"publisher\":{\"@id\":\"https:\\\/\\\/db-engineering-consulting.com\\\/de\\\/#organization\"},\"potentialAction\":[{\"@type\":\"SearchAction\",\"target\":{\"@type\":\"EntryPoint\",\"urlTemplate\":\"https:\\\/\\\/db-engineering-consulting.com\\\/de\\\/?s={search_term_string}\"},\"query-input\":{\"@type\":\"PropertyValueSpecification\",\"valueRequired\":true,\"valueName\":\"search_term_string\"}}],\"inLanguage\":\"de\"},{\"@type\":\"Organization\",\"@id\":\"https:\\\/\\\/db-engineering-consulting.com\\\/de\\\/#organization\",\"name\":\"DB Engineering & Consulting GmbH\",\"url\":\"https:\\\/\\\/db-engineering-consulting.com\\\/de\\\/\",\"logo\":{\"@type\":\"ImageObject\",\"inLanguage\":\"de\",\"@id\":\"https:\\\/\\\/db-engineering-consulting.com\\\/de\\\/#\\\/schema\\\/logo\\\/image\\\/\",\"url\":\"https:\\\/\\\/db-engineering-consulting.com\\\/wp-content\\\/uploads\\\/2022\\\/10\\\/Logo_DB-EC-Part-of-ECO-Group-scaled.jpg\",\"contentUrl\":\"https:\\\/\\\/db-engineering-consulting.com\\\/wp-content\\\/uploads\\\/2022\\\/10\\\/Logo_DB-EC-Part-of-ECO-Group-scaled.jpg\",\"width\":2560,\"height\":454,\"caption\":\"DB Engineering & Consulting GmbH\"},\"image\":{\"@id\":\"https:\\\/\\\/db-engineering-consulting.com\\\/de\\\/#\\\/schema\\\/logo\\\/image\\\/\"},\"sameAs\":[\"https:\\\/\\\/www.linkedin.com\\\/company\\\/db-engineering-consulting\\\/\"],\"description\":\"DB Engineering & Consulting ist als Teil des integrierten Bahn-, Mobilit\u00e4ts- und Logistikkonzerns Deutsche Bahn in der Lage, das technische und betriebliche Fachwissen der DB national und international bereitzustellen. Das Unternehmen plant und realisiert komplexe, anforderungsgerechte Infrastruktur-, Mobilit\u00e4ts- und Transportl\u00f6sungen. Dabei stehen nachhaltige Konzepte im Fokus, die zur wirtschaftlichen Entwicklung von Regionen, zum Umweltschutz sowie zur Weiterentwicklung zukunftsf\u00e4higer Mobilit\u00e4t beitragen. Seit 1966 ist DB Engineering & Consulting in \u00fcber 100 L\u00e4ndern t\u00e4tig und hat Projekte in unterschiedlichsten Gr\u00f6\u00dfenordnungen umgesetzt. Mit mehr als 6.100 Mitarbeitenden aus 89 Nationen bringt das Unternehmen fachliche Kompetenz und interkulturelle Erfahrung in s\u00e4mtliche Projektphasen ein.\",\"email\":\"db-engineering-consulting@db-eco.com\",\"legalName\":\"DB Engineering & Consulting GmbH\",\"foundingDate\":\"1966-05-26\",\"vatID\":\"DE 114 139 523\",\"numberOfEmployees\":{\"@type\":\"QuantitativeValue\",\"minValue\":\"5001\",\"maxValue\":\"10000\"}}]}<\/script>\n<!-- \/ Yoast SEO Premium plugin. -->","yoast_head_json":{"title":"Suche - DB Engineering &amp; Consulting","robots":{"index":"noindex","follow":"follow"},"og_locale":"de_DE","og_type":"article","og_title":"Suche","og_url":"https:\/\/db-engineering-consulting.com\/de\/suche\/","og_site_name":"DB Engineering &amp; Consulting","article_modified_time":"2023-03-23T15:47:17+00:00","og_image":[{"width":2560,"height":1280,"url":"https:\/\/db-engineering-consulting.com\/wp-content\/uploads\/2020\/06\/AdobeStock_305900699-scaled.jpeg","type":"image\/jpeg"}],"twitter_card":"summary_large_image","twitter_misc":{"Gesch\u00e4tzte Lesezeit":"1\u00a0Minute"},"schema":{"@context":"https:\/\/schema.org","@graph":[{"@type":"WebPage","@id":"https:\/\/db-engineering-consulting.com\/de\/suche\/","url":"https:\/\/db-engineering-consulting.com\/de\/suche\/","name":"Suche - DB Engineering &amp; Consulting","isPartOf":{"@id":"https:\/\/db-engineering-consulting.com\/de\/#website"},"primaryImageOfPage":{"@id":"https:\/\/db-engineering-consulting.com\/de\/suche\/#primaryimage"},"image":{"@id":"https:\/\/db-engineering-consulting.com\/de\/suche\/#primaryimage"},"thumbnailUrl":"https:\/\/db-engineering-consulting.com\/wp-content\/uploads\/2020\/06\/AdobeStock_305900699-scaled.jpeg","datePublished":"2020-05-05T15:39:56+00:00","dateModified":"2023-03-23T15:47:17+00:00","breadcrumb":{"@id":"https:\/\/db-engineering-consulting.com\/de\/suche\/#breadcrumb"},"inLanguage":"de","potentialAction":[{"@type":"ReadAction","target":["https:\/\/db-engineering-consulting.com\/de\/suche\/"]}]},{"@type":"ImageObject","inLanguage":"de","@id":"https:\/\/db-engineering-consulting.com\/de\/suche\/#primaryimage","url":"https:\/\/db-engineering-consulting.com\/wp-content\/uploads\/2020\/06\/AdobeStock_305900699-scaled.jpeg","contentUrl":"https:\/\/db-engineering-consulting.com\/wp-content\/uploads\/2020\/06\/AdobeStock_305900699-scaled.jpeg","width":2560,"height":1280,"caption":"deepagopi2011 - stock.adobe.com"},{"@type":"BreadcrumbList","@id":"https:\/\/db-engineering-consulting.com\/de\/suche\/#breadcrumb","itemListElement":[{"@type":"ListItem","position":1,"name":"Home","item":"https:\/\/db-engineering-consulting.com\/de\/"},{"@type":"ListItem","position":2,"name":"Suche"}]},{"@type":"WebSite","@id":"https:\/\/db-engineering-consulting.com\/de\/#website","url":"https:\/\/db-engineering-consulting.com\/de\/","name":"DB Engineering & Consulting","description":"Part of DB E.C.O. Group","publisher":{"@id":"https:\/\/db-engineering-consulting.com\/de\/#organization"},"potentialAction":[{"@type":"SearchAction","target":{"@type":"EntryPoint","urlTemplate":"https:\/\/db-engineering-consulting.com\/de\/?s={search_term_string}"},"query-input":{"@type":"PropertyValueSpecification","valueRequired":true,"valueName":"search_term_string"}}],"inLanguage":"de"},{"@type":"Organization","@id":"https:\/\/db-engineering-consulting.com\/de\/#organization","name":"DB Engineering & Consulting GmbH","url":"https:\/\/db-engineering-consulting.com\/de\/","logo":{"@type":"ImageObject","inLanguage":"de","@id":"https:\/\/db-engineering-consulting.com\/de\/#\/schema\/logo\/image\/","url":"https:\/\/db-engineering-consulting.com\/wp-content\/uploads\/2022\/10\/Logo_DB-EC-Part-of-ECO-Group-scaled.jpg","contentUrl":"https:\/\/db-engineering-consulting.com\/wp-content\/uploads\/2022\/10\/Logo_DB-EC-Part-of-ECO-Group-scaled.jpg","width":2560,"height":454,"caption":"DB Engineering & Consulting GmbH"},"image":{"@id":"https:\/\/db-engineering-consulting.com\/de\/#\/schema\/logo\/image\/"},"sameAs":["https:\/\/www.linkedin.com\/company\/db-engineering-consulting\/"],"description":"DB Engineering & Consulting ist als Teil des integrierten Bahn-, Mobilit\u00e4ts- und Logistikkonzerns Deutsche Bahn in der Lage, das technische und betriebliche Fachwissen der DB national und international bereitzustellen. Das Unternehmen plant und realisiert komplexe, anforderungsgerechte Infrastruktur-, Mobilit\u00e4ts- und Transportl\u00f6sungen. Dabei stehen nachhaltige Konzepte im Fokus, die zur wirtschaftlichen Entwicklung von Regionen, zum Umweltschutz sowie zur Weiterentwicklung zukunftsf\u00e4higer Mobilit\u00e4t beitragen. Seit 1966 ist DB Engineering & Consulting in \u00fcber 100 L\u00e4ndern t\u00e4tig und hat Projekte in unterschiedlichsten Gr\u00f6\u00dfenordnungen umgesetzt. Mit mehr als 6.100 Mitarbeitenden aus 89 Nationen bringt das Unternehmen fachliche Kompetenz und interkulturelle Erfahrung in s\u00e4mtliche Projektphasen ein.","email":"db-engineering-consulting@db-eco.com","legalName":"DB Engineering & Consulting GmbH","foundingDate":"1966-05-26","vatID":"DE 114 139 523","numberOfEmployees":{"@type":"QuantitativeValue","minValue":"5001","maxValue":"10000"}}]}},"dbec_featured_media":{"source_url":"https:\/\/db-engineering-consulting.com\/wp-content\/uploads\/2020\/06\/AdobeStock_305900699-300x150.jpeg","source_set":"https:\/\/db-engineering-consulting.com\/wp-content\/uploads\/2020\/06\/AdobeStock_305900699-300x150.jpeg 300w, https:\/\/db-engineering-consulting.com\/wp-content\/uploads\/2020\/06\/AdobeStock_305900699-1024x512.jpeg 1024w, https:\/\/db-engineering-consulting.com\/wp-content\/uploads\/2020\/06\/AdobeStock_305900699-768x384.jpeg 768w, https:\/\/db-engineering-consulting.com\/wp-content\/uploads\/2020\/06\/AdobeStock_305900699-1536x768.jpeg 1536w, https:\/\/db-engineering-consulting.com\/wp-content\/uploads\/2020\/06\/AdobeStock_305900699-2048x1024.jpeg 2048w, https:\/\/db-engineering-consulting.com\/wp-content\/uploads\/2020\/06\/AdobeStock_305900699-520x260.jpeg 520w, https:\/\/db-engineering-consulting.com\/wp-content\/uploads\/2020\/06\/AdobeStock_305900699-1280x640.jpeg 1280w, https:\/\/db-engineering-consulting.com\/wp-content\/uploads\/2020\/06\/AdobeStock_305900699-1920x960.jpeg 1920w","caption":"deepagopi2011 - stock.adobe.com","alt":"DB Suche"},"_links":{"self":[{"href":"https:\/\/db-engineering-consulting.com\/de\/wp-json\/wp\/v2\/pages\/2385","targetHints":{"allow":["GET"]}}],"collection":[{"href":"https:\/\/db-engineering-consulting.com\/de\/wp-json\/wp\/v2\/pages"}],"about":[{"href":"https:\/\/db-engineering-consulting.com\/de\/wp-json\/wp\/v2\/types\/page"}],"author":[{"embeddable":true,"href":"https:\/\/db-engineering-consulting.com\/de\/wp-json\/wp\/v2\/users\/1"}],"replies":[{"embeddable":true,"href":"https:\/\/db-engineering-consulting.com\/de\/wp-json\/wp\/v2\/comments?post=2385"}],"version-history":[{"count":1,"href":"https:\/\/db-engineering-consulting.com\/de\/wp-json\/wp\/v2\/pages\/2385\/revisions"}],"predecessor-version":[{"id":21525,"href":"https:\/\/db-engineering-consulting.com\/de\/wp-json\/wp\/v2\/pages\/2385\/revisions\/21525"}],"wp:featuredmedia":[{"embeddable":true,"href":"https:\/\/db-engineering-consulting.com\/de\/wp-json\/wp\/v2\/media\/4614"}],"wp:attachment":[{"href":"https:\/\/db-engineering-consulting.com\/de\/wp-json\/wp\/v2\/media?parent=2385"}],"curies":[{"name":"wp","href":"https:\/\/api.w.org\/{rel}","templated":true}]}}