{"id":24581,"date":"2024-05-10T10:59:26","date_gmt":"2024-05-10T10:59:26","guid":{"rendered":"https:\/\/db-engineering-consulting.com\/?page_id=24581"},"modified":"2026-04-01T14:39:04","modified_gmt":"2026-04-01T14:39:04","slug":"datenschutzhinweise-kundendatenbank","status":"publish","type":"page","link":"https:\/\/db-engineering-consulting.com\/de\/datenschutzhinweise-kundendatenbank\/","title":{"rendered":"Datenschutzhinweise Kundendatenbank"},"content":{"rendered":"\n<div class=\"wp-block-dbec-core-layout-grid  layout-grid layout-grid--outer-margin-large layout-grid--expanded\"><div class=\"grid grid--child-margin-small\">\n<div class=\"wp-block-dbec-core-layout-column  column is-6-small is-6-medium column--expanded\"><div class=\"layout-column\"><nav class=\"breadcrumbs\"><div class=\"breadcrumbs__inner\"><a class=\"breadcrumbs__home\" href=\"https:\/\/db-engineering-consulting.com\/de\/\" aria-label=\"Link Home\"><svg class=\"breadcrumbs__home-icon\"><use xlink:href=\"#home\"><\/use><\/svg><\/a> <svg class=\"breadcrumbs__delimiter\"><use xlink:href=\"#icon-arrow-right\"><\/use><\/svg> <span class=\"breadcrumbs__actual-page\">Datenschutzhinweise Kundendatenbank<\/span><\/div><\/nav><\/div><\/div>\n\n\n\n<div class=\"wp-block-dbec-core-layout-column  column is-6-small is-3-medium column--expanded\"><div class=\"layout-column\">\n<h1 class=\"wp-block-heading headline-h2\" id=\"h-datenschutzhinweise-kundendatenbank\">Datenschutzhinweise Kundendatenbank<\/h1>\n\n\n\n<p>Wir f\u00fchren eine Kundendatenbank, in der unsere Kunden- und Partnerbeziehungen gepflegt und gemanagt werden. Hier finden Sie Informationen dar\u00fcber, welche Daten wir von Ihnen erheben, wie wir sie in unserer Kundendatenbank nutzen und wie Sie der Nutzung widersprechen k\u00f6nnen.<\/p>\n<\/div><\/div>\n<\/div><\/div>\n\n\n\n<div class=\"wp-block-dbec-core-layout-grid  layout-grid layout-grid--outer-margin-small layout-grid--expanded\"><div class=\"grid grid--child-margin-small\">\n<div class=\"wp-block-dbec-core-layout-column  column is-6-small is-6-medium column--expanded\"><div class=\"layout-column\">\n<div class=\"wp-block-dbec-core-accordion  wp-block-dbec-core-accordion--expanded\"><div class=\"accordion\" data-type=\"single\" data-initially-opened=\"false\"><div class=\"accordion__items\">\n<div class=\"wp-block-dbec-core-accordion-item\"><a-expandable id=\"\" class=\"accordion-item\"><button type=\"button\" slot=\"toggle\" class=\"accordion-item__bar\"><h3 class=\"accordion-item__label\">Wer ist verantwortlich f\u00fcr die Datenerhebung und -verarbeitung?<\/h3><svg class=\"accordion-item__arrow\" aria-hidden=\"true\"><use xlink:href=\"#icon-arrow-down\" \/><\/svg><\/button><div class=\"accordion-item__content\"><div class=\"layout-content\">\n<p>Die DB Engineering &amp; Consulting GmbH, Part of DB E.C.O.-Group, EUREF-Campus 14, Torgauer Str. 12-15, 10829 Berlin verarbeitet Ihre Daten als Verantwortliche.<\/p>\n\n\n\n<p>Die bestellte Datenschutzbeauftragte ist Frau Dr. Marein M\u00fcller.<\/p>\n\n\n\n<p>Sollten Sie Fragen oder Anregungen zum Datenschutz auf der Kundendatenbank haben, so kontaktieren Sie bitte das Team Datenschutz der DB Engineering &amp; Consulting GmbH unter E-Mail: <a href=\"mailto:datenschutz.db-ec@db-eco.com\">datenschutz.db-ec@db-eco.com<\/a><\/p>\n<\/div><\/div><\/a-expandable><\/div>\n\n\n\n<div class=\"wp-block-dbec-core-accordion-item\"><a-expandable id=\"\" class=\"accordion-item\"><button type=\"button\" slot=\"toggle\" class=\"accordion-item__bar\"><h3 class=\"accordion-item__label\">Welche Daten erheben wir und wie und warum verarbeiten wir Ihre Daten?<\/h3><svg class=\"accordion-item__arrow\" aria-hidden=\"true\"><use xlink:href=\"#icon-arrow-down\" \/><\/svg><\/button><div class=\"accordion-item__content\"><div class=\"layout-content\">\n<p>Wir erheben und verarbeiten Ihre pers\u00f6nlichen Daten ausschlie\u00dflich zu folgenden Zwecken: Pflege von Kundenbeziehungen und Pflege von Beziehungen zu Interessenten (Customer Relationship Management (CRM)) mit dem Ziel der Angebotserstellung und \u2013nachverfolgung.<\/p>\n\n\n\n<p>Wir speichern die von Ihnen zur Verf\u00fcgung gestellten Kontaktdaten sowie ggf. Ihre allgemein zug\u00e4nglichen Kontaktdaten. Im Einzelnen werden folgende Daten erhoben:<\/p>\n\n\n\n<ul class=\"wp-block-list\">\n<li>Anrede<\/li>\n\n\n\n<li>Titel<\/li>\n\n\n\n<li>Vorname<\/li>\n\n\n\n<li>Nachname<\/li>\n\n\n\n<li>Position<\/li>\n\n\n\n<li>Aufgaben<\/li>\n\n\n\n<li>Adressdaten (gesch\u00e4ftlich)<\/li>\n\n\n\n<li>Telefonnummer, Festnetz gesch\u00e4ftlich<\/li>\n\n\n\n<li>Telefonnummer, mobil gesch\u00e4ftlich<\/li>\n\n\n\n<li>E-Mail-Adresse<\/li>\n\n\n\n<li>Herkunft der Daten<\/li>\n\n\n\n<li>Bearbeitungsdatum<\/li>\n\n\n\n<li>Gesch\u00e4ftsbeziehung<\/li>\n<\/ul>\n\n\n\n<p>Soweit wir f\u00fcr Verarbeitungsvorg\u00e4nge personenbezogener Daten eine Einwilligung von Ihnen einholen, dient diese nach Artikel 6 Absatz 1 lit. a DSGVO als Rechtsgrundlage.<\/p>\n\n\n\n<p>Bei der Verarbeitung von personenbezogenen Daten, die zur Erf\u00fcllung eines Vertrages mit Ihnen erforderlich sind, ist der Vertrag nach Artikel 6 Absatz 1 lit. b DSGVO die Rechtsgrundlage. Artikel 6 Absatz 1 lit. b DSGVO gilt auch f\u00fcr Verarbeitungsvorg\u00e4nge, die zur Durchf\u00fchrung vorvertraglicher Ma\u00dfnahmen erforderlich sind, etwa in F\u00e4llen von Anfragen zu unseren Produkten oder Leistungen.<\/p>\n\n\n\n<p>Unterliegt unser Unternehmen einer rechtlichen Verpflichtung, durch welche eine Verarbeitung von personenbezogenen Daten erforderlich wird, wie beispielsweise zur Erf\u00fcllung steuerlicher Pflichten, so basiert die Verarbeitung auf Art. 6 Abs. 1 lit. c DSGVO.<\/p>\n<\/div><\/div><\/a-expandable><\/div>\n\n\n\n<div class=\"wp-block-dbec-core-accordion-item\"><a-expandable id=\"\" class=\"accordion-item\"><button type=\"button\" slot=\"toggle\" class=\"accordion-item__bar\"><h3 class=\"accordion-item__label\">Werden Daten weitergegeben?<\/h3><svg class=\"accordion-item__arrow\" aria-hidden=\"true\"><use xlink:href=\"#icon-arrow-down\" \/><\/svg><\/button><div class=\"accordion-item__content\"><div class=\"layout-content\">\n<p>F\u00fcr das Betreiben der Kundendatenbank ist in der Regel die Einschaltung weisungsabh\u00e4ngiger Auftragsverarbeiter erforderlich, wie z. B. von Rechenzentrumsbetreibern, Druck- oder Versanddienstleistern oder sonstigen an der Vertragserf\u00fcllung Beteiligten.<\/p>\n\n\n\n<p>Externe Dienstleister, die f\u00fcr uns im Auftrag Daten verarbeiten, werden von uns sorgf\u00e4ltig ausgew\u00e4hlt und vertraglich streng verpflichtet. Die Dienstleister arbeiten nach unserer Weisung, was durch strenge vertragliche Regelungen, durch technische und organisatorische Ma\u00dfnahmen und durch erg\u00e4nzende Kontrollen sichergestellt wird.<\/p>\n\n\n\n<p>Eine \u00dcbermittlung Ihrer Daten erfolgt im \u00dcbrigen nur, wenn Sie uns dazu eine ausdr\u00fcckliche Einwilligung erteilt haben oder aufgrund einer gesetzlichen Regelung oder im Rahmen bzw. zur Durchf\u00fchrung (vor-)vertraglicher Ma\u00dfnahmen.<\/p>\n\n\n\n<p><strong>Daten\u00fcbermittlung au\u00dferhalb der Europ\u00e4ischen Union bzw. des Europ\u00e4ischen Wirtschaftsraumes (EU\/EWR)<\/strong><\/p>\n\n\n\n<p>Auf Grund unserer Organisationsstruktur und um Ihnen unser optimales Leistungsspektrum anbieten zu k\u00f6nnen, w\u00fcrden wir gern unseren Vertriebs-Mitarbeitenden weltweit, insb. Vertriebs-Mitarbeitenden, die ihren Arbeitsort au\u00dferhalb der Europ\u00e4ischen Union bzw. des Europ\u00e4ischen Wirtschaftsraumes (EU\/EWR) haben, ebenfalls Zugriff auf Ihre Daten in der Kundendatenbank erm\u00f6glichen.<\/p>\n\n\n\n<p>F\u00fcr eine \u00dcbermittlung au\u00dferhalb der Europ\u00e4ischen Union bzw. des Europ\u00e4ischen Wirtschaftsraumes (EU\/EWR) holen wir grunds\u00e4tzlich Ihre Einwilligung ein.<\/p>\n<\/div><\/div><\/a-expandable><\/div>\n\n\n\n<div class=\"wp-block-dbec-core-accordion-item\"><a-expandable id=\"\" class=\"accordion-item\"><button type=\"button\" slot=\"toggle\" class=\"accordion-item__bar\"><h3 class=\"accordion-item__label\">Wie lange werden Ihre Daten gespeichert?<\/h3><svg class=\"accordion-item__arrow\" aria-hidden=\"true\"><use xlink:href=\"#icon-arrow-down\" \/><\/svg><\/button><div class=\"accordion-item__content\"><div class=\"layout-content\">\n<p>So speichern wir Ihre Daten im Rahmen eines Vertragsverh\u00e4ltnisses mindestens bis zur vollst\u00e4ndigen Beendigung des Vertrages. Anschlie\u00dfend werden die Daten f\u00fcr die Dauer der gesetzlichen Aufbewahrungsfristen aufbewahrt.<\/p>\n\n\n\n<p>Bei Kontaktanfragen speichern wir Ihre Daten, solange sie zur Bearbeitung des Vorgangs erforderlich sind. Eine automatisierte L\u00f6schung ist nach zwei Jahren Inaktivit\u00e4t vorgesehen. Sie erhalten 14 Tage vor Ablauf dieser zwei Jahre eine automatisierte E-Mail, in welcher sie gefragt werden, ob sie die Erlaubnis f\u00fcr die Fortf\u00fchrung im Datenbestand f\u00fcr weitere 2 Jahre geben m\u00f6chten. Sofern Sie auf diese E-Mail innerhalb der 14 Tage nicht reagieren, erfolgt die L\u00f6schung Ihrer Daten.<\/p>\n\n\n\n<p>Ihr Recht auf Widerspruch k\u00f6nnen Sie jederzeit \u00fcber Ihre Datenschutz-E-Mail wahrnehmen.<\/p>\n<\/div><\/div><\/a-expandable><\/div>\n\n\n\n<div class=\"wp-block-dbec-core-accordion-item\"><a-expandable id=\"\" class=\"accordion-item\"><button type=\"button\" slot=\"toggle\" class=\"accordion-item__bar\"><h3 class=\"accordion-item__label\">Werden Cookies eingesetzt?<\/h3><svg class=\"accordion-item__arrow\" aria-hidden=\"true\"><use xlink:href=\"#icon-arrow-down\" \/><\/svg><\/button><div class=\"accordion-item__content\"><div class=\"layout-content\">\n<p>Cookies werden nicht verwendet.<\/p>\n<\/div><\/div><\/a-expandable><\/div>\n\n\n\n<div class=\"wp-block-dbec-core-accordion-item\"><a-expandable id=\"\" class=\"accordion-item\"><button type=\"button\" slot=\"toggle\" class=\"accordion-item__bar\"><h3 class=\"accordion-item__label\">Werden Ihre Daten verschl\u00fcsselt?<\/h3><svg class=\"accordion-item__arrow\" aria-hidden=\"true\"><use xlink:href=\"#icon-arrow-down\" \/><\/svg><\/button><div class=\"accordion-item__content\"><div class=\"layout-content\">\n<p>Die Sicherheit Ihrer Daten ist uns wichtig. Deswegen werden Ihre Daten grunds\u00e4tzlich verschl\u00fcsselt in unserer Kundendatenbank abgelegt.<\/p>\n\n\n\n<p>Bitte beachten Sie, dass die Kommunikation per E-Mail unverschl\u00fcsselt erfolgt.<\/p>\n<\/div><\/div><\/a-expandable><\/div>\n\n\n\n<div class=\"wp-block-dbec-core-accordion-item\"><a-expandable id=\"\" class=\"accordion-item\"><button type=\"button\" slot=\"toggle\" class=\"accordion-item__bar\"><h3 class=\"accordion-item__label\">Welche Rechte haben Sie?<\/h3><svg class=\"accordion-item__arrow\" aria-hidden=\"true\"><use xlink:href=\"#icon-arrow-down\" \/><\/svg><\/button><div class=\"accordion-item__content\"><div class=\"layout-content\">\n<ul class=\"wp-block-list\">\n<li>Sie k\u00f6nnen Auskunft dar\u00fcber verlangen, welche Daten \u00fcber Sie gespeichert sind.<\/li>\n\n\n\n<li>Sie k\u00f6nnen Berichtigung, L\u00f6schung und Einschr\u00e4nkung der Bearbeitung (Sperrung) Ihrer personenbezogenen Daten verlangen, solange dies gesetzlich zul\u00e4ssig und im Rahmen des bestehenden Vertragsverh\u00e4ltnisses m\u00f6glich ist.<\/li>\n\n\n\n<li>Wenn Sie der Ansicht sind, dass die Verarbeitung Ihrer personenbezogenen Daten gegen Datenschutzrecht verst\u00f6\u00dft, haben Sie insb. gem\u00e4\u00df Art. 77 Abs. 1 DSGVO das Recht, sich bei einer Datenschutzaufsichtsbeh\u00f6rde zu beschweren. Die f\u00fcr die DB Engineering &amp; Consulting GmbH, Part of DB E.C.O. Group, zust\u00e4ndige Aufsichtsbeh\u00f6rde ist: Berliner Beauftragte f\u00fcr Datenschutz und Informationsfreiheit, Alt-Moabit 59-61, 10555 Berlin<\/li>\n\n\n\n<li>Sie haben das Recht auf \u00dcbertragbarkeit derjenigen Daten, die Sie uns auf der Basis einer Einwilligung oder eines Vertrages bereitgestellt haben (Daten\u00fcbertragbarkeit).<\/li>\n\n\n\n<li><strong>Widerruf:&nbsp;<\/strong>Wenn Sie uns eine Einwilligung zur Datenverarbeitung erteilt haben, k\u00f6nnen Sie diese jederzeit auf die gleiche Weise, wie Sie sie erteilt haben, widerrufen. Durch den Widerruf der Einwilligung wird die Rechtm\u00e4\u00dfigkeit der aufgrund der Einwilligung bis zum Widerruf erfolgten Datenverarbeitung nicht ber\u00fchrt.<\/li>\n\n\n\n<li><strong>Widerspruch:<\/strong>&nbsp;Sie k\u00f6nnen der Datenverarbeitung aus Gr\u00fcnden, die sich aus Ihrer besonderen Situation ergeben, widersprechen, wenn die Datenverarbeitung aufgrund unserer berechtigten Interessen erfolgt oder f\u00fcr die Wahrnehmung \u00f6ffentlicher Aufgaben erforderlich ist. Sollten wir Ihre Daten verarbeiten, um Direktwerbung zu betreiben, k\u00f6nnen Sie der werblichen Ansprache jederzeit mit Wirkung f\u00fcr die Zukunft widersprechen (Werbewiderspruch).<\/li>\n\n\n\n<li>F\u00fcr die Aus\u00fcbung Ihrer Rechte reicht ein Schreiben auf dem Postweg an: DB Engineering &amp; Consulting GmbH, Part of DB E.C.O. Group, Customer Relationship Management, EUREF-Campus 14, 10829 Berlin, oder per E-Mail an: <a href=\"mailto:datenschutz.db-ec@db-eco.com\">datenschutz.db-ec@db-eco.com<\/a><\/li>\n<\/ul>\n<\/div><\/div><\/a-expandable><\/div>\n<\/div><\/div><\/div>\n<\/div><\/div>\n<\/div><\/div>\n\n\n\n<div class=\"wp-block-dbec-core-layout-grid  layout-grid layout-grid--outer-margin-small layout-grid--expanded\"><div class=\"grid grid--child-margin-small\">\n<div class=\"wp-block-dbec-core-layout-column  column is-6-small is-4-medium column--expanded\"><div class=\"layout-column\">\n<div class=\"wp-block-dbec-core-layout-text  wp-block-dbec-core-layout-text--expanded\"><div class=\"layout-column layout-column--text\">\n<h2 class=\"wp-block-heading headline-h4\" id=\"h-aktualisierung-des-datenschutzhinweises\">Aktualisierung des Datenschutzhinweises<\/h2>\n\n\n\n<p>Wir passen den Datenschutzhinweis an ver\u00e4nderte Funktionalit\u00e4ten oder ge\u00e4nderte Rechtslagen an. Daher empfehlen wir, den Datenschutzhinweis in regelm\u00e4\u00dfigen Abst\u00e4nden zur Kenntnis zu nehmen. Sofern Ihre Einwilligung erforderlich ist, erfolgen die \u00c4nderungen nur mit Ihrer Zustimmung.<\/p>\n\n\n\n<p>Stand: 01.04.2026<\/p>\n<\/div><\/div>\n<\/div><\/div>\n<\/div><\/div>\n","protected":false},"excerpt":{"rendered":"","protected":false},"author":25,"featured_media":0,"parent":0,"menu_order":0,"comment_status":"closed","ping_status":"closed","template":"","meta":{"post_allow-other-domains":"","footnotes":""},"class_list":["post-24581","page","type-page","status-publish","hentry"],"yoast_head":"<!-- This site is optimized with the Yoast SEO Premium plugin v26.0 (Yoast SEO v27.3) - https:\/\/yoast.com\/product\/yoast-seo-premium-wordpress\/ -->\n<title>Datenschutzhinweise Kundendatenbank | DB E&amp;C<\/title>\n<meta name=\"description\" content=\"Erfahren Sie mehr zu den Datenschutzhinweisen f\u00fcr die Kundendatenbank bei der DB Engineering &amp; Consulting.\" \/>\n<meta name=\"robots\" content=\"index, follow, max-snippet:-1, max-image-preview:large, max-video-preview:-1\" \/>\n<link rel=\"canonical\" href=\"https:\/\/db-engineering-consulting.com\/de\/datenschutzhinweise-kundendatenbank\/\" \/>\n<meta property=\"og:locale\" content=\"de_DE\" \/>\n<meta property=\"og:type\" content=\"article\" \/>\n<meta property=\"og:title\" content=\"Datenschutzhinweise Kundendatenbank\" \/>\n<meta property=\"og:description\" content=\"Erfahren Sie mehr zu den Datenschutzhinweisen f\u00fcr die Kundendatenbank bei der DB Engineering &amp; Consulting.\" \/>\n<meta property=\"og:url\" content=\"https:\/\/db-engineering-consulting.com\/de\/datenschutzhinweise-kundendatenbank\/\" \/>\n<meta property=\"og:site_name\" content=\"DB Engineering &amp; Consulting\" \/>\n<meta property=\"article:modified_time\" content=\"2026-04-01T14:39:04+00:00\" \/>\n<meta name=\"twitter:card\" content=\"summary_large_image\" \/>\n<meta name=\"twitter:label1\" content=\"Gesch\u00e4tzte Lesezeit\" \/>\n\t<meta name=\"twitter:data1\" content=\"6\u00a0Minuten\" \/>\n<script type=\"application\/ld+json\" class=\"yoast-schema-graph\">{\"@context\":\"https:\\\/\\\/schema.org\",\"@graph\":[{\"@type\":\"WebPage\",\"@id\":\"https:\\\/\\\/db-engineering-consulting.com\\\/de\\\/datenschutzhinweise-kundendatenbank\\\/\",\"url\":\"https:\\\/\\\/db-engineering-consulting.com\\\/de\\\/datenschutzhinweise-kundendatenbank\\\/\",\"name\":\"Datenschutzhinweise Kundendatenbank | DB E&C\",\"isPartOf\":{\"@id\":\"https:\\\/\\\/db-engineering-consulting.com\\\/de\\\/#website\"},\"datePublished\":\"2024-05-10T10:59:26+00:00\",\"dateModified\":\"2026-04-01T14:39:04+00:00\",\"description\":\"Erfahren Sie mehr zu den Datenschutzhinweisen f\u00fcr die Kundendatenbank bei der DB Engineering & Consulting.\",\"breadcrumb\":{\"@id\":\"https:\\\/\\\/db-engineering-consulting.com\\\/de\\\/datenschutzhinweise-kundendatenbank\\\/#breadcrumb\"},\"inLanguage\":\"de\",\"potentialAction\":[{\"@type\":\"ReadAction\",\"target\":[\"https:\\\/\\\/db-engineering-consulting.com\\\/de\\\/datenschutzhinweise-kundendatenbank\\\/\"]}]},{\"@type\":\"BreadcrumbList\",\"@id\":\"https:\\\/\\\/db-engineering-consulting.com\\\/de\\\/datenschutzhinweise-kundendatenbank\\\/#breadcrumb\",\"itemListElement\":[{\"@type\":\"ListItem\",\"position\":1,\"name\":\"Home\",\"item\":\"https:\\\/\\\/db-engineering-consulting.com\\\/de\\\/\"},{\"@type\":\"ListItem\",\"position\":2,\"name\":\"Datenschutzhinweise Kundendatenbank\"}]},{\"@type\":\"WebSite\",\"@id\":\"https:\\\/\\\/db-engineering-consulting.com\\\/de\\\/#website\",\"url\":\"https:\\\/\\\/db-engineering-consulting.com\\\/de\\\/\",\"name\":\"DB Engineering & Consulting\",\"description\":\"Part of DB E.C.O. Group\",\"publisher\":{\"@id\":\"https:\\\/\\\/db-engineering-consulting.com\\\/de\\\/#organization\"},\"potentialAction\":[{\"@type\":\"SearchAction\",\"target\":{\"@type\":\"EntryPoint\",\"urlTemplate\":\"https:\\\/\\\/db-engineering-consulting.com\\\/de\\\/?s={search_term_string}\"},\"query-input\":{\"@type\":\"PropertyValueSpecification\",\"valueRequired\":true,\"valueName\":\"search_term_string\"}}],\"inLanguage\":\"de\"},{\"@type\":\"Organization\",\"@id\":\"https:\\\/\\\/db-engineering-consulting.com\\\/de\\\/#organization\",\"name\":\"DB Engineering & Consulting GmbH\",\"url\":\"https:\\\/\\\/db-engineering-consulting.com\\\/de\\\/\",\"logo\":{\"@type\":\"ImageObject\",\"inLanguage\":\"de\",\"@id\":\"https:\\\/\\\/db-engineering-consulting.com\\\/de\\\/#\\\/schema\\\/logo\\\/image\\\/\",\"url\":\"https:\\\/\\\/db-engineering-consulting.com\\\/wp-content\\\/uploads\\\/2022\\\/10\\\/Logo_DB-EC-Part-of-ECO-Group-scaled.jpg\",\"contentUrl\":\"https:\\\/\\\/db-engineering-consulting.com\\\/wp-content\\\/uploads\\\/2022\\\/10\\\/Logo_DB-EC-Part-of-ECO-Group-scaled.jpg\",\"width\":2560,\"height\":454,\"caption\":\"DB Engineering & Consulting GmbH\"},\"image\":{\"@id\":\"https:\\\/\\\/db-engineering-consulting.com\\\/de\\\/#\\\/schema\\\/logo\\\/image\\\/\"},\"sameAs\":[\"https:\\\/\\\/www.linkedin.com\\\/company\\\/db-engineering-consulting\\\/\"],\"description\":\"DB Engineering & Consulting ist als Teil des integrierten Bahn-, Mobilit\u00e4ts- und Logistikkonzerns Deutsche Bahn in der Lage, das technische und betriebliche Fachwissen der DB national und international bereitzustellen. Das Unternehmen plant und realisiert komplexe, anforderungsgerechte Infrastruktur-, Mobilit\u00e4ts- und Transportl\u00f6sungen. Dabei stehen nachhaltige Konzepte im Fokus, die zur wirtschaftlichen Entwicklung von Regionen, zum Umweltschutz sowie zur Weiterentwicklung zukunftsf\u00e4higer Mobilit\u00e4t beitragen. Seit 1966 ist DB Engineering & Consulting in \u00fcber 100 L\u00e4ndern t\u00e4tig und hat Projekte in unterschiedlichsten Gr\u00f6\u00dfenordnungen umgesetzt. Mit mehr als 6.100 Mitarbeitenden aus 89 Nationen bringt das Unternehmen fachliche Kompetenz und interkulturelle Erfahrung in s\u00e4mtliche Projektphasen ein.\",\"email\":\"db-engineering-consulting@db-eco.com\",\"legalName\":\"DB Engineering & Consulting GmbH\",\"foundingDate\":\"1966-05-26\",\"vatID\":\"DE 114 139 523\",\"numberOfEmployees\":{\"@type\":\"QuantitativeValue\",\"minValue\":\"5001\",\"maxValue\":\"10000\"}}]}<\/script>\n<!-- \/ Yoast SEO Premium plugin. -->","yoast_head_json":{"title":"Datenschutzhinweise Kundendatenbank | DB E&C","description":"Erfahren Sie mehr zu den Datenschutzhinweisen f\u00fcr die Kundendatenbank bei der DB Engineering & Consulting.","robots":{"index":"index","follow":"follow","max-snippet":"max-snippet:-1","max-image-preview":"max-image-preview:large","max-video-preview":"max-video-preview:-1"},"canonical":"https:\/\/db-engineering-consulting.com\/de\/datenschutzhinweise-kundendatenbank\/","og_locale":"de_DE","og_type":"article","og_title":"Datenschutzhinweise Kundendatenbank","og_description":"Erfahren Sie mehr zu den Datenschutzhinweisen f\u00fcr die Kundendatenbank bei der DB Engineering & Consulting.","og_url":"https:\/\/db-engineering-consulting.com\/de\/datenschutzhinweise-kundendatenbank\/","og_site_name":"DB Engineering &amp; Consulting","article_modified_time":"2026-04-01T14:39:04+00:00","twitter_card":"summary_large_image","twitter_misc":{"Gesch\u00e4tzte Lesezeit":"6\u00a0Minuten"},"schema":{"@context":"https:\/\/schema.org","@graph":[{"@type":"WebPage","@id":"https:\/\/db-engineering-consulting.com\/de\/datenschutzhinweise-kundendatenbank\/","url":"https:\/\/db-engineering-consulting.com\/de\/datenschutzhinweise-kundendatenbank\/","name":"Datenschutzhinweise Kundendatenbank | DB E&C","isPartOf":{"@id":"https:\/\/db-engineering-consulting.com\/de\/#website"},"datePublished":"2024-05-10T10:59:26+00:00","dateModified":"2026-04-01T14:39:04+00:00","description":"Erfahren Sie mehr zu den Datenschutzhinweisen f\u00fcr die Kundendatenbank bei der DB Engineering & Consulting.","breadcrumb":{"@id":"https:\/\/db-engineering-consulting.com\/de\/datenschutzhinweise-kundendatenbank\/#breadcrumb"},"inLanguage":"de","potentialAction":[{"@type":"ReadAction","target":["https:\/\/db-engineering-consulting.com\/de\/datenschutzhinweise-kundendatenbank\/"]}]},{"@type":"BreadcrumbList","@id":"https:\/\/db-engineering-consulting.com\/de\/datenschutzhinweise-kundendatenbank\/#breadcrumb","itemListElement":[{"@type":"ListItem","position":1,"name":"Home","item":"https:\/\/db-engineering-consulting.com\/de\/"},{"@type":"ListItem","position":2,"name":"Datenschutzhinweise Kundendatenbank"}]},{"@type":"WebSite","@id":"https:\/\/db-engineering-consulting.com\/de\/#website","url":"https:\/\/db-engineering-consulting.com\/de\/","name":"DB Engineering & Consulting","description":"Part of DB E.C.O. Group","publisher":{"@id":"https:\/\/db-engineering-consulting.com\/de\/#organization"},"potentialAction":[{"@type":"SearchAction","target":{"@type":"EntryPoint","urlTemplate":"https:\/\/db-engineering-consulting.com\/de\/?s={search_term_string}"},"query-input":{"@type":"PropertyValueSpecification","valueRequired":true,"valueName":"search_term_string"}}],"inLanguage":"de"},{"@type":"Organization","@id":"https:\/\/db-engineering-consulting.com\/de\/#organization","name":"DB Engineering & Consulting GmbH","url":"https:\/\/db-engineering-consulting.com\/de\/","logo":{"@type":"ImageObject","inLanguage":"de","@id":"https:\/\/db-engineering-consulting.com\/de\/#\/schema\/logo\/image\/","url":"https:\/\/db-engineering-consulting.com\/wp-content\/uploads\/2022\/10\/Logo_DB-EC-Part-of-ECO-Group-scaled.jpg","contentUrl":"https:\/\/db-engineering-consulting.com\/wp-content\/uploads\/2022\/10\/Logo_DB-EC-Part-of-ECO-Group-scaled.jpg","width":2560,"height":454,"caption":"DB Engineering & Consulting GmbH"},"image":{"@id":"https:\/\/db-engineering-consulting.com\/de\/#\/schema\/logo\/image\/"},"sameAs":["https:\/\/www.linkedin.com\/company\/db-engineering-consulting\/"],"description":"DB Engineering & Consulting ist als Teil des integrierten Bahn-, Mobilit\u00e4ts- und Logistikkonzerns Deutsche Bahn in der Lage, das technische und betriebliche Fachwissen der DB national und international bereitzustellen. Das Unternehmen plant und realisiert komplexe, anforderungsgerechte Infrastruktur-, Mobilit\u00e4ts- und Transportl\u00f6sungen. Dabei stehen nachhaltige Konzepte im Fokus, die zur wirtschaftlichen Entwicklung von Regionen, zum Umweltschutz sowie zur Weiterentwicklung zukunftsf\u00e4higer Mobilit\u00e4t beitragen. Seit 1966 ist DB Engineering & Consulting in \u00fcber 100 L\u00e4ndern t\u00e4tig und hat Projekte in unterschiedlichsten Gr\u00f6\u00dfenordnungen umgesetzt. Mit mehr als 6.100 Mitarbeitenden aus 89 Nationen bringt das Unternehmen fachliche Kompetenz und interkulturelle Erfahrung in s\u00e4mtliche Projektphasen ein.","email":"db-engineering-consulting@db-eco.com","legalName":"DB Engineering & Consulting GmbH","foundingDate":"1966-05-26","vatID":"DE 114 139 523","numberOfEmployees":{"@type":"QuantitativeValue","minValue":"5001","maxValue":"10000"}}]}},"dbec_featured_media":null,"_links":{"self":[{"href":"https:\/\/db-engineering-consulting.com\/de\/wp-json\/wp\/v2\/pages\/24581","targetHints":{"allow":["GET"]}}],"collection":[{"href":"https:\/\/db-engineering-consulting.com\/de\/wp-json\/wp\/v2\/pages"}],"about":[{"href":"https:\/\/db-engineering-consulting.com\/de\/wp-json\/wp\/v2\/types\/page"}],"author":[{"embeddable":true,"href":"https:\/\/db-engineering-consulting.com\/de\/wp-json\/wp\/v2\/users\/25"}],"replies":[{"embeddable":true,"href":"https:\/\/db-engineering-consulting.com\/de\/wp-json\/wp\/v2\/comments?post=24581"}],"version-history":[{"count":17,"href":"https:\/\/db-engineering-consulting.com\/de\/wp-json\/wp\/v2\/pages\/24581\/revisions"}],"predecessor-version":[{"id":30221,"href":"https:\/\/db-engineering-consulting.com\/de\/wp-json\/wp\/v2\/pages\/24581\/revisions\/30221"}],"wp:attachment":[{"href":"https:\/\/db-engineering-consulting.com\/de\/wp-json\/wp\/v2\/media?parent=24581"}],"curies":[{"name":"wp","href":"https:\/\/api.w.org\/{rel}","templated":true}]}}