{"id":24808,"date":"2024-05-10T10:59:26","date_gmt":"2024-05-10T10:59:26","guid":{"rendered":"https:\/\/db-engineering-consulting.com\/datenschutzhinweise-kundendatenbank\/"},"modified":"2026-04-01T14:37:58","modified_gmt":"2026-04-01T14:37:58","slug":"privacy-statement-for-our-client-database","status":"publish","type":"page","link":"https:\/\/db-engineering-consulting.com\/en\/privacy-statement-for-our-client-database\/","title":{"rendered":"Privacy statement for our client database"},"content":{"rendered":"\n<div class=\"wp-block-dbec-core-layout-grid  layout-grid layout-grid--outer-margin-large layout-grid--expanded\"><div class=\"grid grid--child-margin-small\">\n<div class=\"wp-block-dbec-core-layout-column  column is-6-small is-6-medium column--expanded\"><div class=\"layout-column\"><nav class=\"breadcrumbs\"><div class=\"breadcrumbs__inner\"><a class=\"breadcrumbs__home\" href=\"https:\/\/db-engineering-consulting.com\/en\/\" aria-label=\"Link Home\"><svg class=\"breadcrumbs__home-icon\"><use xlink:href=\"#home\"><\/use><\/svg><\/a> <svg class=\"breadcrumbs__delimiter\"><use xlink:href=\"#icon-arrow-right\"><\/use><\/svg> <span class=\"breadcrumbs__actual-page\">Privacy statement for our client database<\/span><\/div><\/nav><\/div><\/div>\n\n\n\n<div class=\"wp-block-dbec-core-layout-column  column is-6-small is-3-medium column--expanded\"><div class=\"layout-column\">\n<h1 class=\"wp-block-heading headline-h2\" id=\"h-privacy-statement-for-our-client-database\">Privacy statement for our client database<\/h1>\n\n\n\n<p>We maintain a client database in order to store and manage our client and partner relationships. The information below tells you what data we collect from you, how we use your data in our client database and how you can object to having your data processed.<\/p>\n<\/div><\/div>\n<\/div><\/div>\n\n\n\n<div class=\"wp-block-dbec-core-layout-grid  layout-grid layout-grid--outer-margin-small layout-grid--expanded\"><div class=\"grid grid--child-margin-small\">\n<div class=\"wp-block-dbec-core-layout-column  column is-6-small is-6-medium column--expanded\"><div class=\"layout-column\">\n<div class=\"wp-block-dbec-core-accordion  wp-block-dbec-core-accordion--expanded\"><div class=\"accordion\" data-type=\"single\" data-initially-opened=\"false\"><div class=\"accordion__items\">\n<div class=\"wp-block-dbec-core-accordion-item\"><a-expandable id=\"\" class=\"accordion-item\"><button type=\"button\" slot=\"toggle\" class=\"accordion-item__bar\"><h3 class=\"accordion-item__label\">Who is responsible for data collecting and processing?<\/h3><svg class=\"accordion-item__arrow\" aria-hidden=\"true\"><use xlink:href=\"#icon-arrow-down\" \/><\/svg><\/button><div class=\"accordion-item__content\"><div class=\"layout-content\">\n<p>The party responsible for processing your data (also known as the data processing controller) is DB Engineering &amp; Consulting GmbH, Part of DB E.C.O. Group, EUREF-Campus 14, Torgauer Str. 12-15, 10829 Berlin, Germany.<\/p>\n\n\n\n<p>The appointed data protection officer is Dr. Marein M\u00fcller.<\/p>\n\n\n\n<p>If you have any questions or suggestions on privacy as it relates to our client database, please e-mail our privacy team at: <\/p>\n\n\n\n<p><a href=\"mailto:datenschutz.db-ec@db-eco.com\">datenschutz.db-ec@db-eco.com<\/a><\/p>\n<\/div><\/div><\/a-expandable><\/div>\n\n\n\n<div class=\"wp-block-dbec-core-accordion-item\"><a-expandable id=\"\" class=\"accordion-item\"><button type=\"button\" slot=\"toggle\" class=\"accordion-item__bar\"><h3 class=\"accordion-item__label\">What data do we collect and how and why do we process your data?<\/h3><svg class=\"accordion-item__arrow\" aria-hidden=\"true\"><use xlink:href=\"#icon-arrow-down\" \/><\/svg><\/button><div class=\"accordion-item__content\"><div class=\"layout-content\">\n<p>We collect and process your personal data for the following purposes only:<\/p>\n\n\n\n<p>To maintain client relationships and cultivate relationships with interested parties (customer relationship management [CRM]), with the aim of preparing and following up on offers.<\/p>\n\n\n\n<p>We store the contact data provided by you and may also store contact data relating to you that is freely available. We collect the following data:<\/p>\n\n\n\n<ul class=\"wp-block-list\">\n<li>Form of address<\/li>\n\n\n\n<li>Title<\/li>\n\n\n\n<li>First name<\/li>\n\n\n\n<li>Last name<\/li>\n\n\n\n<li>Position<\/li>\n\n\n\n<li>Responsibilities<\/li>\n\n\n\n<li>Work address<\/li>\n\n\n\n<li>Work landline phone number<\/li>\n\n\n\n<li>Work cell phone number<\/li>\n\n\n\n<li>E-mail address<\/li>\n\n\n\n<li>Source of data<\/li>\n\n\n\n<li>Date of processing<\/li>\n\n\n\n<li>Business relationship<\/li>\n<\/ul>\n\n\n\n<p>If we request and receive your consent to process your personal data, this consent will constitute the legal basis for our data processing operations in accordance with Article 6 (1) a) of the EU General Data Protection Regulation (GDPR).<\/p>\n\n\n\n<p>Where the processing of your personal data is necessary for the performance of a contract with you, the contract will provide the legal basis under Article 6 (1) b) GDPR. Article 6 (1) b) GDPR also applies to data processing operations that are necessary for carrying out precontractual measures, such as responding to inquiries about our products and services.<\/p>\n\n\n\n<p>Where our company is under a legal obligation that requires us to process personal data, such as to comply with tax obligations, this processing will be based on Article 6 (1) c) GDPR.<\/p>\n<\/div><\/div><\/a-expandable><\/div>\n\n\n\n<div class=\"wp-block-dbec-core-accordion-item\"><a-expandable id=\"\" class=\"accordion-item\"><button type=\"button\" slot=\"toggle\" class=\"accordion-item__bar\"><h3 class=\"accordion-item__label\">Do we share your data with other parties?<\/h3><svg class=\"accordion-item__arrow\" aria-hidden=\"true\"><use xlink:href=\"#icon-arrow-down\" \/><\/svg><\/button><div class=\"accordion-item__content\"><div class=\"layout-content\">\n<p>To run our client database, we generally need to use data processors who act on our instructions, such as data center operators, providers of printing or shipping services and other external service providers involved in fulfilling contracts..<\/p>\n\n\n\n<p>External service providers who process data on our behalf are carefully selected by us and are subject to strict contractual obligations. The service providers follow our instructions; this is ensured by means of strict contractual provisions, technical and organizational measures, and additional monitoring.<\/p>\n\n\n\n<p>We do not otherwise share your data unless you have provided your express consent, we are required to do so by a statutory provision, or the performance of contractual or precontractual measures requires us to do so.<\/p>\n\n\n\n<p><strong>Transfers of personal data to countries outside the European Union (EU) and the European Economic Area (EEA)<\/strong><\/p>\n\n\n\n<p>Due to our organizational structure and in order to offer you our full range of products and services, we would like to be able to grant our sales employees worldwide \u2013 and in particular those sales employees who have their place of work outside the European Union or the European Economic Area \u2013 access to your data in our client database.<\/p>\n\n\n\n<p>We will always request your consent before transferring your data to countries outside the European Union or the European Economic Area.<\/p>\n<\/div><\/div><\/a-expandable><\/div>\n\n\n\n<div class=\"wp-block-dbec-core-accordion-item\"><a-expandable id=\"\" class=\"accordion-item\"><button type=\"button\" slot=\"toggle\" class=\"accordion-item__bar\"><h3 class=\"accordion-item__label\">How long is your data stored?<\/h3><svg class=\"accordion-item__arrow\" aria-hidden=\"true\"><use xlink:href=\"#icon-arrow-down\" \/><\/svg><\/button><div class=\"accordion-item__content\"><div class=\"layout-content\">\n<p>We store your data only for as long as is necessary to fulfill the purpose for which the data was collected (such as for a contractual relationship).<\/p>\n\n\n\n<p>For example, if we have a contractual relationship with you, we will store your data at least until such time as the contract is fully terminated. Thereafter, we will retain the data for the duration of applicable statutory retention periods.<\/p>\n\n\n\n<p>If you have requested that we contact you, we will store your data for as long as is required for us to process your request. We have set our system to automatically delete your data after two years of inactivity. You will receive an automated e-mail 14 days before the two years expire, asking you whether you wish to allow us to retain your data in the database for a further two years. If you do not respond to the e-mail within 14 days, we will delete your data.<\/p>\n\n\n\n<p>You can exercise your right to object to having your data processed at any time by following the directions in your privacy e-mail.<\/p>\n<\/div><\/div><\/a-expandable><\/div>\n\n\n\n<div class=\"wp-block-dbec-core-accordion-item\"><a-expandable id=\"\" class=\"accordion-item\"><button type=\"button\" slot=\"toggle\" class=\"accordion-item__bar\"><h3 class=\"accordion-item__label\">Are cookies used?<\/h3><svg class=\"accordion-item__arrow\" aria-hidden=\"true\"><use xlink:href=\"#icon-arrow-down\" \/><\/svg><\/button><div class=\"accordion-item__content\"><div class=\"layout-content\">\n<p>We do not use cookies.<\/p>\n<\/div><\/div><\/a-expandable><\/div>\n\n\n\n<div class=\"wp-block-dbec-core-accordion-item\"><a-expandable id=\"\" class=\"accordion-item\"><button type=\"button\" slot=\"toggle\" class=\"accordion-item__bar\"><h3 class=\"accordion-item__label\">Is data encrypted?<\/h3><svg class=\"accordion-item__arrow\" aria-hidden=\"true\"><use xlink:href=\"#icon-arrow-down\" \/><\/svg><\/button><div class=\"accordion-item__content\"><div class=\"layout-content\">\n<p>Keeping your data secure is very important to us. We always store your data in encrypted form in our client database.<\/p>\n\n\n\n<p>Please note that we do not use encryption in our e-mail communications.<\/p>\n<\/div><\/div><\/a-expandable><\/div>\n\n\n\n<div class=\"wp-block-dbec-core-accordion-item\"><a-expandable id=\"\" class=\"accordion-item\"><button type=\"button\" slot=\"toggle\" class=\"accordion-item__bar\"><h3 class=\"accordion-item__label\">What rights do you have?<\/h3><svg class=\"accordion-item__arrow\" aria-hidden=\"true\"><use xlink:href=\"#icon-arrow-down\" \/><\/svg><\/button><div class=\"accordion-item__content\"><div class=\"layout-content\">\n<ul class=\"wp-block-list\">\n<li>You may request information as to what personal data about you is being stored.<\/li>\n\n\n\n<li>You may request that your personal data be corrected, deleted or its processing restricted (blocked) provided this is permitted by law and possible in the existing contractual relationship.<\/li>\n\n\n\n<li>If you believe that the processing of personal data violates data protection law, you have the right to lodge a complaint with a data protection supervisory authority, in particular pursuant to Art. 77 (1) of the GDPR. The supervisory authority responsible for DB Engineering &amp; Consulting GmbH, Part of DB E.C.O. Group is: Berliner Beauftragte f\u00fcr Datenschutz und Informationsfreiheit, Alt-Moabit 59-61, 10555 Berlin, Germany<\/li>\n\n\n\n<li>You have the right to portability of the data that you have provided to us based on a declaration of consent or a contract (data portability).<\/li>\n\n\n\n<li><strong>Withdrawal of consent:\u00a0<\/strong>If you have given us your consent to data processing (for example, your consent to receive a newsletter), you may withdraw it at any time by the same means you used to give consent. Any processing of your personal data that took place from the time at which you granted your consent to the time at which you withdrew it will still be considered to have been lawful.<\/li>\n\n\n\n<li><strong>Right of objection:<\/strong>\u00a0You can object to the data processing for reasons arising from your particular situation, if the data processing is based on our legitimate interests or is necessary for the performance of public tasks.<br>If we process your data for the purpose of direct advertising, you may object to this promotional approach at any time with future effect.<\/li>\n\n\n\n<li>To exercise your rights, you may send a letter by post to: DB Engineering &amp; Consulting GmbH, Part of DB E.C.O. Group, Customer Relationship Management, EUREF-Campus 14, 10829 Berlin, Germany. Alternatively, you may send an e-mail to the following address:\u00a0 <a href=\"mailto:datenschutz.db-ec@db-eco.com\">datenschutz.db-ec@db-eco.com<\/a><\/li>\n<\/ul>\n<\/div><\/div><\/a-expandable><\/div>\n<\/div><\/div><\/div>\n<\/div><\/div>\n<\/div><\/div>\n\n\n\n<div class=\"wp-block-dbec-core-layout-grid  layout-grid layout-grid--outer-margin-small layout-grid--expanded\"><div class=\"grid grid--child-margin-small\">\n<div class=\"wp-block-dbec-core-layout-column  column is-6-small is-4-medium column--expanded\"><div class=\"layout-column\">\n<div class=\"wp-block-dbec-core-layout-text  wp-block-dbec-core-layout-text--expanded\"><div class=\"layout-column layout-column--text\">\n<h2 class=\"wp-block-heading headline-h4\" id=\"h-updates-to-this-privacy-statement\">Updates to this privacy statement<\/h2>\n\n\n\n<p>We update our privacy statement whenever there are changes to functions or to the legal situation. We recommend that you review the privacy statement regularly. If your approval is required, we will obtain it before making any changes.<\/p>\n\n\n\n<p>Last modified April 1, 2026<\/p>\n<\/div><\/div>\n<\/div><\/div>\n<\/div><\/div>\n","protected":false},"excerpt":{"rendered":"","protected":false},"author":25,"featured_media":0,"parent":0,"menu_order":0,"comment_status":"closed","ping_status":"closed","template":"","meta":{"post_allow-other-domains":"","footnotes":""},"class_list":["post-24808","page","type-page","status-publish","hentry"],"yoast_head":"<!-- This site is optimized with the Yoast SEO Premium plugin v26.0 (Yoast SEO v27.3) - https:\/\/yoast.com\/product\/yoast-seo-premium-wordpress\/ -->\n<title>Privacy statement for our client database | DB E&amp;C<\/title>\n<meta name=\"description\" content=\"Learn more about the privacy statement for our client database at DB Engineering &amp; Consulting!\" \/>\n<meta name=\"robots\" content=\"index, follow, max-snippet:-1, max-image-preview:large, max-video-preview:-1\" \/>\n<link rel=\"canonical\" href=\"https:\/\/db-engineering-consulting.com\/en\/privacy-statement-for-our-client-database\/\" \/>\n<meta property=\"og:locale\" content=\"en_US\" \/>\n<meta property=\"og:type\" content=\"article\" \/>\n<meta property=\"og:title\" content=\"Privacy statement for our client database\" \/>\n<meta property=\"og:description\" content=\"Learn more about the privacy statement for our client database at DB Engineering &amp; Consulting!\" \/>\n<meta property=\"og:url\" content=\"https:\/\/db-engineering-consulting.com\/en\/privacy-statement-for-our-client-database\/\" \/>\n<meta property=\"og:site_name\" content=\"DB Engineering &amp; Consulting\" \/>\n<meta property=\"article:modified_time\" content=\"2026-04-01T14:37:58+00:00\" \/>\n<meta name=\"twitter:card\" content=\"summary_large_image\" \/>\n<meta name=\"twitter:label1\" content=\"Est. reading time\" \/>\n\t<meta name=\"twitter:data1\" content=\"7 minutes\" \/>\n<script type=\"application\/ld+json\" class=\"yoast-schema-graph\">{\"@context\":\"https:\\\/\\\/schema.org\",\"@graph\":[{\"@type\":\"WebPage\",\"@id\":\"https:\\\/\\\/db-engineering-consulting.com\\\/en\\\/privacy-statement-for-our-client-database\\\/\",\"url\":\"https:\\\/\\\/db-engineering-consulting.com\\\/en\\\/privacy-statement-for-our-client-database\\\/\",\"name\":\"Privacy statement for our client database | DB E&C\",\"isPartOf\":{\"@id\":\"https:\\\/\\\/db-engineering-consulting.com\\\/en\\\/#website\"},\"datePublished\":\"2024-05-10T10:59:26+00:00\",\"dateModified\":\"2026-04-01T14:37:58+00:00\",\"description\":\"Learn more about the privacy statement for our client database at DB Engineering & Consulting!\",\"breadcrumb\":{\"@id\":\"https:\\\/\\\/db-engineering-consulting.com\\\/en\\\/privacy-statement-for-our-client-database\\\/#breadcrumb\"},\"inLanguage\":\"en-US\",\"potentialAction\":[{\"@type\":\"ReadAction\",\"target\":[\"https:\\\/\\\/db-engineering-consulting.com\\\/en\\\/privacy-statement-for-our-client-database\\\/\"]}]},{\"@type\":\"BreadcrumbList\",\"@id\":\"https:\\\/\\\/db-engineering-consulting.com\\\/en\\\/privacy-statement-for-our-client-database\\\/#breadcrumb\",\"itemListElement\":[{\"@type\":\"ListItem\",\"position\":1,\"name\":\"Home\",\"item\":\"https:\\\/\\\/db-engineering-consulting.com\\\/en\\\/\"},{\"@type\":\"ListItem\",\"position\":2,\"name\":\"Privacy statement for our client database\"}]},{\"@type\":\"WebSite\",\"@id\":\"https:\\\/\\\/db-engineering-consulting.com\\\/en\\\/#website\",\"url\":\"https:\\\/\\\/db-engineering-consulting.com\\\/en\\\/\",\"name\":\"DB Engineering & Consulting\",\"description\":\"Part of DB E.C.O. Group\",\"publisher\":{\"@id\":\"https:\\\/\\\/db-engineering-consulting.com\\\/en\\\/#organization\"},\"potentialAction\":[{\"@type\":\"SearchAction\",\"target\":{\"@type\":\"EntryPoint\",\"urlTemplate\":\"https:\\\/\\\/db-engineering-consulting.com\\\/en\\\/?s={search_term_string}\"},\"query-input\":{\"@type\":\"PropertyValueSpecification\",\"valueRequired\":true,\"valueName\":\"search_term_string\"}}],\"inLanguage\":\"en-US\"},{\"@type\":\"Organization\",\"@id\":\"https:\\\/\\\/db-engineering-consulting.com\\\/en\\\/#organization\",\"name\":\"DB Engineering & Consulting GmbH\",\"url\":\"https:\\\/\\\/db-engineering-consulting.com\\\/en\\\/\",\"logo\":{\"@type\":\"ImageObject\",\"inLanguage\":\"en-US\",\"@id\":\"https:\\\/\\\/db-engineering-consulting.com\\\/en\\\/#\\\/schema\\\/logo\\\/image\\\/\",\"url\":\"https:\\\/\\\/db-engineering-consulting.com\\\/wp-content\\\/uploads\\\/2022\\\/10\\\/Logo_DB-EC-Part-of-ECO-Group-scaled.jpg\",\"contentUrl\":\"https:\\\/\\\/db-engineering-consulting.com\\\/wp-content\\\/uploads\\\/2022\\\/10\\\/Logo_DB-EC-Part-of-ECO-Group-scaled.jpg\",\"width\":2560,\"height\":454,\"caption\":\"DB Engineering & Consulting GmbH\"},\"image\":{\"@id\":\"https:\\\/\\\/db-engineering-consulting.com\\\/en\\\/#\\\/schema\\\/logo\\\/image\\\/\"},\"sameAs\":[\"https:\\\/\\\/www.linkedin.com\\\/company\\\/db-engineering-consulting\\\/\"],\"description\":\"DB Engineering & Consulting ist als Teil des integrierten Bahn-, Mobilit\u00e4ts- und Logistikkonzerns Deutsche Bahn in der Lage, das technische und betriebliche Fachwissen der DB national und international bereitzustellen. Das Unternehmen plant und realisiert komplexe, anforderungsgerechte Infrastruktur-, Mobilit\u00e4ts- und Transportl\u00f6sungen. Dabei stehen nachhaltige Konzepte im Fokus, die zur wirtschaftlichen Entwicklung von Regionen, zum Umweltschutz sowie zur Weiterentwicklung zukunftsf\u00e4higer Mobilit\u00e4t beitragen. Seit 1966 ist DB Engineering & Consulting in \u00fcber 100 L\u00e4ndern t\u00e4tig und hat Projekte in unterschiedlichsten Gr\u00f6\u00dfenordnungen umgesetzt. Mit mehr als 6.100 Mitarbeitenden aus 89 Nationen bringt das Unternehmen fachliche Kompetenz und interkulturelle Erfahrung in s\u00e4mtliche Projektphasen ein.\",\"email\":\"db-engineering-consulting@db-eco.com\",\"legalName\":\"DB Engineering & Consulting GmbH\",\"foundingDate\":\"1966-05-26\",\"vatID\":\"DE 114 139 523\",\"numberOfEmployees\":{\"@type\":\"QuantitativeValue\",\"minValue\":\"5001\",\"maxValue\":\"10000\"}}]}<\/script>\n<!-- \/ Yoast SEO Premium plugin. -->","yoast_head_json":{"title":"Privacy statement for our client database | DB E&C","description":"Learn more about the privacy statement for our client database at DB Engineering & Consulting!","robots":{"index":"index","follow":"follow","max-snippet":"max-snippet:-1","max-image-preview":"max-image-preview:large","max-video-preview":"max-video-preview:-1"},"canonical":"https:\/\/db-engineering-consulting.com\/en\/privacy-statement-for-our-client-database\/","og_locale":"en_US","og_type":"article","og_title":"Privacy statement for our client database","og_description":"Learn more about the privacy statement for our client database at DB Engineering & Consulting!","og_url":"https:\/\/db-engineering-consulting.com\/en\/privacy-statement-for-our-client-database\/","og_site_name":"DB Engineering &amp; Consulting","article_modified_time":"2026-04-01T14:37:58+00:00","twitter_card":"summary_large_image","twitter_misc":{"Est. reading time":"7 minutes"},"schema":{"@context":"https:\/\/schema.org","@graph":[{"@type":"WebPage","@id":"https:\/\/db-engineering-consulting.com\/en\/privacy-statement-for-our-client-database\/","url":"https:\/\/db-engineering-consulting.com\/en\/privacy-statement-for-our-client-database\/","name":"Privacy statement for our client database | DB E&C","isPartOf":{"@id":"https:\/\/db-engineering-consulting.com\/en\/#website"},"datePublished":"2024-05-10T10:59:26+00:00","dateModified":"2026-04-01T14:37:58+00:00","description":"Learn more about the privacy statement for our client database at DB Engineering & Consulting!","breadcrumb":{"@id":"https:\/\/db-engineering-consulting.com\/en\/privacy-statement-for-our-client-database\/#breadcrumb"},"inLanguage":"en-US","potentialAction":[{"@type":"ReadAction","target":["https:\/\/db-engineering-consulting.com\/en\/privacy-statement-for-our-client-database\/"]}]},{"@type":"BreadcrumbList","@id":"https:\/\/db-engineering-consulting.com\/en\/privacy-statement-for-our-client-database\/#breadcrumb","itemListElement":[{"@type":"ListItem","position":1,"name":"Home","item":"https:\/\/db-engineering-consulting.com\/en\/"},{"@type":"ListItem","position":2,"name":"Privacy statement for our client database"}]},{"@type":"WebSite","@id":"https:\/\/db-engineering-consulting.com\/en\/#website","url":"https:\/\/db-engineering-consulting.com\/en\/","name":"DB Engineering & Consulting","description":"Part of DB E.C.O. Group","publisher":{"@id":"https:\/\/db-engineering-consulting.com\/en\/#organization"},"potentialAction":[{"@type":"SearchAction","target":{"@type":"EntryPoint","urlTemplate":"https:\/\/db-engineering-consulting.com\/en\/?s={search_term_string}"},"query-input":{"@type":"PropertyValueSpecification","valueRequired":true,"valueName":"search_term_string"}}],"inLanguage":"en-US"},{"@type":"Organization","@id":"https:\/\/db-engineering-consulting.com\/en\/#organization","name":"DB Engineering & Consulting GmbH","url":"https:\/\/db-engineering-consulting.com\/en\/","logo":{"@type":"ImageObject","inLanguage":"en-US","@id":"https:\/\/db-engineering-consulting.com\/en\/#\/schema\/logo\/image\/","url":"https:\/\/db-engineering-consulting.com\/wp-content\/uploads\/2022\/10\/Logo_DB-EC-Part-of-ECO-Group-scaled.jpg","contentUrl":"https:\/\/db-engineering-consulting.com\/wp-content\/uploads\/2022\/10\/Logo_DB-EC-Part-of-ECO-Group-scaled.jpg","width":2560,"height":454,"caption":"DB Engineering & Consulting GmbH"},"image":{"@id":"https:\/\/db-engineering-consulting.com\/en\/#\/schema\/logo\/image\/"},"sameAs":["https:\/\/www.linkedin.com\/company\/db-engineering-consulting\/"],"description":"DB Engineering & Consulting ist als Teil des integrierten Bahn-, Mobilit\u00e4ts- und Logistikkonzerns Deutsche Bahn in der Lage, das technische und betriebliche Fachwissen der DB national und international bereitzustellen. Das Unternehmen plant und realisiert komplexe, anforderungsgerechte Infrastruktur-, Mobilit\u00e4ts- und Transportl\u00f6sungen. Dabei stehen nachhaltige Konzepte im Fokus, die zur wirtschaftlichen Entwicklung von Regionen, zum Umweltschutz sowie zur Weiterentwicklung zukunftsf\u00e4higer Mobilit\u00e4t beitragen. Seit 1966 ist DB Engineering & Consulting in \u00fcber 100 L\u00e4ndern t\u00e4tig und hat Projekte in unterschiedlichsten Gr\u00f6\u00dfenordnungen umgesetzt. Mit mehr als 6.100 Mitarbeitenden aus 89 Nationen bringt das Unternehmen fachliche Kompetenz und interkulturelle Erfahrung in s\u00e4mtliche Projektphasen ein.","email":"db-engineering-consulting@db-eco.com","legalName":"DB Engineering & Consulting GmbH","foundingDate":"1966-05-26","vatID":"DE 114 139 523","numberOfEmployees":{"@type":"QuantitativeValue","minValue":"5001","maxValue":"10000"}}]}},"dbec_featured_media":null,"_links":{"self":[{"href":"https:\/\/db-engineering-consulting.com\/en\/wp-json\/wp\/v2\/pages\/24808","targetHints":{"allow":["GET"]}}],"collection":[{"href":"https:\/\/db-engineering-consulting.com\/en\/wp-json\/wp\/v2\/pages"}],"about":[{"href":"https:\/\/db-engineering-consulting.com\/en\/wp-json\/wp\/v2\/types\/page"}],"author":[{"embeddable":true,"href":"https:\/\/db-engineering-consulting.com\/en\/wp-json\/wp\/v2\/users\/25"}],"replies":[{"embeddable":true,"href":"https:\/\/db-engineering-consulting.com\/en\/wp-json\/wp\/v2\/comments?post=24808"}],"version-history":[{"count":16,"href":"https:\/\/db-engineering-consulting.com\/en\/wp-json\/wp\/v2\/pages\/24808\/revisions"}],"predecessor-version":[{"id":30220,"href":"https:\/\/db-engineering-consulting.com\/en\/wp-json\/wp\/v2\/pages\/24808\/revisions\/30220"}],"wp:attachment":[{"href":"https:\/\/db-engineering-consulting.com\/en\/wp-json\/wp\/v2\/media?parent=24808"}],"curies":[{"name":"wp","href":"https:\/\/api.w.org\/{rel}","templated":true}]}}