{"id":3285,"date":"2020-04-16T12:08:47","date_gmt":"2020-04-16T12:08:47","guid":{"rendered":"https:\/\/db-engineering-consulting.com\/projekte\/"},"modified":"2025-05-06T23:48:10","modified_gmt":"2025-05-06T23:48:10","slug":"projects","status":"publish","type":"page","link":"https:\/\/db-engineering-consulting.com\/en\/projects\/","title":{"rendered":"Projects"},"content":{"rendered":"\n<div class=\"wp-block-dbec-core-layout-grid  layout-grid layout-grid--outer-margin-none layout-grid--expanded\"><div class=\"grid grid--child-margin-large\">\n<div class=\"wp-block-dbec-core-layout-column  column is-6-small is-6-medium full-width column--expanded\"><div class=\"layout-column\">\n<div class=\"wp-block-dbec-core-header-gallery  undefined--expanded\" data-delay=\"4\" data-auto-swipe=\"false\"><div class=\"gallery gallery--bullets-outside gallery--static\"><div class=\"glide\"><div class=\"glide__track\" data-glide-el=\"track\"><ul class=\"glide__slides\">\n<li class=\"wp-block-dbec-core-slide-header  glide__slide\" data-autoplay=\"false\"><div class=\"slide-header slide-header--banner-height\"><div><img loading=\"lazy\" decoding=\"async\" class=\"slide-header__image\" src=\"https:\/\/db-engineering-consulting.com\/wp-content\/uploads\/2021\/06\/Vorschau-Company-presentation_engl.png\" srcset=\"https:\/\/db-engineering-consulting.com\/wp-content\/uploads\/2021\/06\/Vorschau-Company-presentation_engl-150x150.png 150w, https:\/\/db-engineering-consulting.com\/wp-content\/uploads\/2021\/06\/Vorschau-Company-presentation_engl-300x169.png 300w, https:\/\/db-engineering-consulting.com\/wp-content\/uploads\/2021\/06\/Vorschau-Company-presentation_engl-1024x576.png 640w, https:\/\/db-engineering-consulting.com\/wp-content\/uploads\/2021\/06\/Vorschau-Company-presentation_engl-520x293.png 520w, https:\/\/db-engineering-consulting.com\/wp-content\/uploads\/2021\/06\/Vorschau-Company-presentation_engl-768x432.png 640w, https:\/\/db-engineering-consulting.com\/wp-content\/uploads\/2021\/06\/Vorschau-Company-presentation_engl-1280x720.png 640w, https:\/\/db-engineering-consulting.com\/wp-content\/uploads\/2021\/06\/Vorschau-Company-presentation_engl-1536x700.png 640w\" alt=\"Projects - Railway track\" width=\"1536\" height=\"864\"\/><div class=\"slide-header__cover\"><\/div><\/div><div class=\"label-reference-container\"><div class=\"label-reference label-reference--static\" data-image-reference=\"GettyImages \/ Manuel Gutjahr\"><\/div><\/div><div class=\"slide-header__inner\"><div class=\"slide-header__center\"><div class=\"slide-header__container-headlines\"><h1 class=\"slide-header__headline\">Our reference projects<div class=\"slide-header__pulse-wrapper\"><div class=\"slide-header__pulse-line\"><\/div><\/div><\/h1><div class=\"slide-header__sub-headline\">Experience gained from numerous of projects worldwide: there is nothing too complex for us.<\/div><\/div><\/div><\/div><\/div><\/li>\n<\/ul><\/div><div class=\"glide__footer\"><div class=\"glide__play-pause\"><button type=\"button\" class=\"glide__play-pause-button\" aria-label=\"play\/pause automatic swipe\"><svg aria-hidden=\"true\" class=\"controls__icon-pause\"><use xlink:href=\"#icon-pause\" \/><\/svg><svg aria-hidden=\"true\" class=\"controls__icon-play\"><use xlink:href=\"#icon-play-small\" \/><\/svg><\/button><\/div><div class=\"glide__bullets\" data-glide-el=\"controls[nav]\"><button class=\"glide__bullet\" aria-label=\"Go to slide 1\" data-glide-dir=\"=0\"><\/button><\/div><div><\/div><\/div><\/div><\/div><\/div>\n<\/div><\/div>\n<\/div><\/div>\n\n\n\n<div class=\"wp-block-dbec-core-layout-grid  layout-grid layout-grid--outer-margin-small layout-grid--expanded\"><div class=\"grid grid--child-margin-large\">\n<div class=\"wp-block-dbec-core-layout-column  column is-6-small is-6-medium column--expanded\"><div class=\"layout-column\"><nav class=\"breadcrumbs\"><div class=\"breadcrumbs__inner\"><a class=\"breadcrumbs__home\" href=\"https:\/\/db-engineering-consulting.com\/en\/\" aria-label=\"Link Home\"><svg class=\"breadcrumbs__home-icon\"><use xlink:href=\"#home\"><\/use><\/svg><\/a> <svg class=\"breadcrumbs__delimiter\"><use xlink:href=\"#icon-arrow-right\"><\/use><\/svg> <span class=\"breadcrumbs__actual-page\">Projects<\/span><\/div><\/nav><\/div><\/div>\n<\/div><\/div>\n\n\n\n<div class=\"wp-block-dbec-core-layout-grid  layout-grid layout-grid--outer-margin-small layout-grid--expanded\"><div class=\"grid grid--child-margin-large\">\n<div class=\"wp-block-dbec-core-layout-column  column is-6-small is-6-medium column--expanded\"><div class=\"layout-column\">\n<div class=\"wp-block-dbec-core-list-projects\"><list-posts id=\"list-posts\" class=\"list-posts\" option-sort-newest=\"\" option-sort-oldest=\"\" option-sort-popular=\"\" default-option-category=\"\" default-option-region=\"Worldwide\" default-option-project=\"All products\" default-option-issue=\"All subjects\" post-type=\"PROJECT_POSTS\" additional-domain=\"\"><div><div class=\"list-posts__control\"><div class=\"list-posts__wrapper-select\"><label for=\"vslist-posts__select-region__combobox\" class=\"list-posts__select-label\">Filter by region<\/label><v-select uid=\"list-posts__select-region\" v-bind:clearable=\"false\" v-bind:value=\"selectedFilters.dbec_region\" v-on:input=\"onChangeRegion\" v-bind:options=\"options.dbec_region\"><\/v-select><\/div><div class=\"list-posts__wrapper-select\"><label for=\"vslist-posts__select-product__combobox\" class=\"list-posts__select-label\">Filter by product<\/label><v-select uid=\"list-posts__select-product\" v-bind:clearable=\"false\" v-bind:value=\"selectedFilters.dbec_product\" v-on:input=\"onChangeProduct\" v-bind:options=\"options.dbec_product\"><\/v-select><\/div><div class=\"list-posts__wrapper-select\"><label for=\"vslist-posts__select-issue__combobox\" class=\"list-posts__select-label\">Filter by subject<\/label><v-select uid=\"list-posts__select-issue\" v-bind:clearable=\"false\" v-bind:value=\"selectedFilters.dbec_issue\" v-on:input=\"onChangeIssue\" v-bind:options=\"options.dbec_issue\"><\/v-select><\/div><\/div><div class=\"list-posts__results\" v-bind:style=\"styleResults\" v-bind:ref=\"'containerResults'\"><div class=\"list-posts__post\" v-for=\"(post, index) in posts\"><component v-bind:is=\"post.component\" v-bind:key=\"'post_item_' + persistentIndex + '_' + index\" v-bind:post=\"post\" v-bind:index=\"index\" show-background-image=\"yes\"><\/component><\/div><div v-show=\"showInnerBlocks\" class=\"list-posts__inner-blocks\"><\/div><\/div><div class=\"list-posts__footer\"><sliding-pagination v-bind:current=\"actualPage\" v-bind:total=\"totalPages\" v-on:page-change=\"onPaginationClicked\"><template v-slot:previous-page=\"undefined\"><svg class=\"c-sliding-pagination__arrow c-sliding-pagination__arrow--left\"><use xlink:href=\"#icon-arrow-right\" \/><\/svg><\/template><template v-slot:next-page=\"undefined\"><svg class=\"c-sliding-pagination__arrow c-sliding-pagination__arrow-right\"><use xlink:href=\"#icon-arrow-right\" \/><\/svg><\/template><\/sliding-pagination><\/div><\/div><\/list-posts><\/div>\n<\/div><\/div>\n<\/div><\/div>\n","protected":false},"excerpt":{"rendered":"","protected":false},"author":1,"featured_media":5869,"parent":0,"menu_order":0,"comment_status":"closed","ping_status":"closed","template":"","meta":{"post_allow-other-domains":"","footnotes":""},"class_list":["post-3285","page","type-page","status-publish","has-post-thumbnail","hentry"],"yoast_head":"<!-- This site is optimized with the Yoast SEO Premium plugin v26.0 (Yoast SEO v27.3) - https:\/\/yoast.com\/product\/yoast-seo-premium-wordpress\/ -->\n<title>Projects and References - our work from all over the globe | DB E&amp;C<\/title>\n<meta name=\"description\" content=\"Projects - Thousands of our successful projects worldwide show: there\u00b4s nothing too complex for us. Learn more about our references!\" \/>\n<meta name=\"robots\" content=\"index, follow, max-snippet:-1, max-image-preview:large, max-video-preview:-1\" \/>\n<link rel=\"canonical\" href=\"https:\/\/db-engineering-consulting.com\/en\/projects\/\" \/>\n<meta property=\"og:locale\" content=\"en_US\" \/>\n<meta property=\"og:type\" content=\"article\" \/>\n<meta property=\"og:title\" content=\"Projects\" \/>\n<meta property=\"og:description\" content=\"Projects - Thousands of our successful projects worldwide show: there\u00b4s nothing too complex for us. Learn more about our references!\" \/>\n<meta property=\"og:url\" content=\"https:\/\/db-engineering-consulting.com\/en\/projects\/\" \/>\n<meta property=\"og:site_name\" content=\"DB Engineering &amp; Consulting\" \/>\n<meta property=\"article:modified_time\" content=\"2025-05-06T23:48:10+00:00\" \/>\n<meta property=\"og:image\" content=\"https:\/\/db-engineering-consulting.com\/wp-content\/uploads\/2020\/06\/Vorschau-Company-presentation_engl.png\" \/>\n\t<meta property=\"og:image:width\" content=\"1536\" \/>\n\t<meta property=\"og:image:height\" content=\"864\" \/>\n\t<meta property=\"og:image:type\" content=\"image\/png\" \/>\n<meta name=\"twitter:card\" content=\"summary_large_image\" \/>\n<meta name=\"twitter:label1\" content=\"Est. reading time\" \/>\n\t<meta name=\"twitter:data1\" content=\"1 minute\" \/>\n<script type=\"application\/ld+json\" class=\"yoast-schema-graph\">{\"@context\":\"https:\\\/\\\/schema.org\",\"@graph\":[{\"@type\":\"WebPage\",\"@id\":\"https:\\\/\\\/db-engineering-consulting.com\\\/en\\\/projects\\\/\",\"url\":\"https:\\\/\\\/db-engineering-consulting.com\\\/en\\\/projects\\\/\",\"name\":\"Projects and References - our work from all over the globe | DB E&C\",\"isPartOf\":{\"@id\":\"https:\\\/\\\/db-engineering-consulting.com\\\/en\\\/#website\"},\"primaryImageOfPage\":{\"@id\":\"https:\\\/\\\/db-engineering-consulting.com\\\/en\\\/projects\\\/#primaryimage\"},\"image\":{\"@id\":\"https:\\\/\\\/db-engineering-consulting.com\\\/en\\\/projects\\\/#primaryimage\"},\"thumbnailUrl\":\"https:\\\/\\\/db-engineering-consulting.com\\\/wp-content\\\/uploads\\\/2020\\\/06\\\/Vorschau-Company-presentation_engl.png\",\"datePublished\":\"2020-04-16T12:08:47+00:00\",\"dateModified\":\"2025-05-06T23:48:10+00:00\",\"description\":\"Projects - Thousands of our successful projects worldwide show: there\u00b4s nothing too complex for us. Learn more about our references!\",\"breadcrumb\":{\"@id\":\"https:\\\/\\\/db-engineering-consulting.com\\\/en\\\/projects\\\/#breadcrumb\"},\"inLanguage\":\"en-US\",\"potentialAction\":[{\"@type\":\"ReadAction\",\"target\":[\"https:\\\/\\\/db-engineering-consulting.com\\\/en\\\/projects\\\/\"]}]},{\"@type\":\"ImageObject\",\"inLanguage\":\"en-US\",\"@id\":\"https:\\\/\\\/db-engineering-consulting.com\\\/en\\\/projects\\\/#primaryimage\",\"url\":\"https:\\\/\\\/db-engineering-consulting.com\\\/wp-content\\\/uploads\\\/2020\\\/06\\\/Vorschau-Company-presentation_engl.png\",\"contentUrl\":\"https:\\\/\\\/db-engineering-consulting.com\\\/wp-content\\\/uploads\\\/2020\\\/06\\\/Vorschau-Company-presentation_engl.png\",\"width\":1536,\"height\":864,\"caption\":\"Getty Images\"},{\"@type\":\"BreadcrumbList\",\"@id\":\"https:\\\/\\\/db-engineering-consulting.com\\\/en\\\/projects\\\/#breadcrumb\",\"itemListElement\":[{\"@type\":\"ListItem\",\"position\":1,\"name\":\"Home\",\"item\":\"https:\\\/\\\/db-engineering-consulting.com\\\/en\\\/\"},{\"@type\":\"ListItem\",\"position\":2,\"name\":\"Projects\"}]},{\"@type\":\"WebSite\",\"@id\":\"https:\\\/\\\/db-engineering-consulting.com\\\/en\\\/#website\",\"url\":\"https:\\\/\\\/db-engineering-consulting.com\\\/en\\\/\",\"name\":\"DB Engineering & Consulting\",\"description\":\"Part of DB E.C.O. Group\",\"publisher\":{\"@id\":\"https:\\\/\\\/db-engineering-consulting.com\\\/en\\\/#organization\"},\"potentialAction\":[{\"@type\":\"SearchAction\",\"target\":{\"@type\":\"EntryPoint\",\"urlTemplate\":\"https:\\\/\\\/db-engineering-consulting.com\\\/en\\\/?s={search_term_string}\"},\"query-input\":{\"@type\":\"PropertyValueSpecification\",\"valueRequired\":true,\"valueName\":\"search_term_string\"}}],\"inLanguage\":\"en-US\"},{\"@type\":\"Organization\",\"@id\":\"https:\\\/\\\/db-engineering-consulting.com\\\/en\\\/#organization\",\"name\":\"DB Engineering & Consulting GmbH\",\"url\":\"https:\\\/\\\/db-engineering-consulting.com\\\/en\\\/\",\"logo\":{\"@type\":\"ImageObject\",\"inLanguage\":\"en-US\",\"@id\":\"https:\\\/\\\/db-engineering-consulting.com\\\/en\\\/#\\\/schema\\\/logo\\\/image\\\/\",\"url\":\"https:\\\/\\\/db-engineering-consulting.com\\\/wp-content\\\/uploads\\\/2022\\\/10\\\/Logo_DB-EC-Part-of-ECO-Group-scaled.jpg\",\"contentUrl\":\"https:\\\/\\\/db-engineering-consulting.com\\\/wp-content\\\/uploads\\\/2022\\\/10\\\/Logo_DB-EC-Part-of-ECO-Group-scaled.jpg\",\"width\":2560,\"height\":454,\"caption\":\"DB Engineering & Consulting GmbH\"},\"image\":{\"@id\":\"https:\\\/\\\/db-engineering-consulting.com\\\/en\\\/#\\\/schema\\\/logo\\\/image\\\/\"},\"sameAs\":[\"https:\\\/\\\/www.linkedin.com\\\/company\\\/db-engineering-consulting\\\/\"],\"description\":\"DB Engineering & Consulting ist als Teil des integrierten Bahn-, Mobilit\u00e4ts- und Logistikkonzerns Deutsche Bahn in der Lage, das technische und betriebliche Fachwissen der DB national und international bereitzustellen. Das Unternehmen plant und realisiert komplexe, anforderungsgerechte Infrastruktur-, Mobilit\u00e4ts- und Transportl\u00f6sungen. Dabei stehen nachhaltige Konzepte im Fokus, die zur wirtschaftlichen Entwicklung von Regionen, zum Umweltschutz sowie zur Weiterentwicklung zukunftsf\u00e4higer Mobilit\u00e4t beitragen. Seit 1966 ist DB Engineering & Consulting in \u00fcber 100 L\u00e4ndern t\u00e4tig und hat Projekte in unterschiedlichsten Gr\u00f6\u00dfenordnungen umgesetzt. Mit mehr als 6.100 Mitarbeitenden aus 89 Nationen bringt das Unternehmen fachliche Kompetenz und interkulturelle Erfahrung in s\u00e4mtliche Projektphasen ein.\",\"email\":\"db-engineering-consulting@db-eco.com\",\"legalName\":\"DB Engineering & Consulting GmbH\",\"foundingDate\":\"1966-05-26\",\"vatID\":\"DE 114 139 523\",\"numberOfEmployees\":{\"@type\":\"QuantitativeValue\",\"minValue\":\"5001\",\"maxValue\":\"10000\"}}]}<\/script>\n<!-- \/ Yoast SEO Premium plugin. -->","yoast_head_json":{"title":"Projects and References - our work from all over the globe | DB E&C","description":"Projects - Thousands of our successful projects worldwide show: there\u00b4s nothing too complex for us. Learn more about our references!","robots":{"index":"index","follow":"follow","max-snippet":"max-snippet:-1","max-image-preview":"max-image-preview:large","max-video-preview":"max-video-preview:-1"},"canonical":"https:\/\/db-engineering-consulting.com\/en\/projects\/","og_locale":"en_US","og_type":"article","og_title":"Projects","og_description":"Projects - Thousands of our successful projects worldwide show: there\u00b4s nothing too complex for us. Learn more about our references!","og_url":"https:\/\/db-engineering-consulting.com\/en\/projects\/","og_site_name":"DB Engineering &amp; Consulting","article_modified_time":"2025-05-06T23:48:10+00:00","og_image":[{"width":1536,"height":864,"url":"https:\/\/db-engineering-consulting.com\/wp-content\/uploads\/2020\/06\/Vorschau-Company-presentation_engl.png","type":"image\/png"}],"twitter_card":"summary_large_image","twitter_misc":{"Est. reading time":"1 minute"},"schema":{"@context":"https:\/\/schema.org","@graph":[{"@type":"WebPage","@id":"https:\/\/db-engineering-consulting.com\/en\/projects\/","url":"https:\/\/db-engineering-consulting.com\/en\/projects\/","name":"Projects and References - our work from all over the globe | DB E&C","isPartOf":{"@id":"https:\/\/db-engineering-consulting.com\/en\/#website"},"primaryImageOfPage":{"@id":"https:\/\/db-engineering-consulting.com\/en\/projects\/#primaryimage"},"image":{"@id":"https:\/\/db-engineering-consulting.com\/en\/projects\/#primaryimage"},"thumbnailUrl":"https:\/\/db-engineering-consulting.com\/wp-content\/uploads\/2020\/06\/Vorschau-Company-presentation_engl.png","datePublished":"2020-04-16T12:08:47+00:00","dateModified":"2025-05-06T23:48:10+00:00","description":"Projects - Thousands of our successful projects worldwide show: there\u00b4s nothing too complex for us. Learn more about our references!","breadcrumb":{"@id":"https:\/\/db-engineering-consulting.com\/en\/projects\/#breadcrumb"},"inLanguage":"en-US","potentialAction":[{"@type":"ReadAction","target":["https:\/\/db-engineering-consulting.com\/en\/projects\/"]}]},{"@type":"ImageObject","inLanguage":"en-US","@id":"https:\/\/db-engineering-consulting.com\/en\/projects\/#primaryimage","url":"https:\/\/db-engineering-consulting.com\/wp-content\/uploads\/2020\/06\/Vorschau-Company-presentation_engl.png","contentUrl":"https:\/\/db-engineering-consulting.com\/wp-content\/uploads\/2020\/06\/Vorschau-Company-presentation_engl.png","width":1536,"height":864,"caption":"Getty Images"},{"@type":"BreadcrumbList","@id":"https:\/\/db-engineering-consulting.com\/en\/projects\/#breadcrumb","itemListElement":[{"@type":"ListItem","position":1,"name":"Home","item":"https:\/\/db-engineering-consulting.com\/en\/"},{"@type":"ListItem","position":2,"name":"Projects"}]},{"@type":"WebSite","@id":"https:\/\/db-engineering-consulting.com\/en\/#website","url":"https:\/\/db-engineering-consulting.com\/en\/","name":"DB Engineering & Consulting","description":"Part of DB E.C.O. Group","publisher":{"@id":"https:\/\/db-engineering-consulting.com\/en\/#organization"},"potentialAction":[{"@type":"SearchAction","target":{"@type":"EntryPoint","urlTemplate":"https:\/\/db-engineering-consulting.com\/en\/?s={search_term_string}"},"query-input":{"@type":"PropertyValueSpecification","valueRequired":true,"valueName":"search_term_string"}}],"inLanguage":"en-US"},{"@type":"Organization","@id":"https:\/\/db-engineering-consulting.com\/en\/#organization","name":"DB Engineering & Consulting GmbH","url":"https:\/\/db-engineering-consulting.com\/en\/","logo":{"@type":"ImageObject","inLanguage":"en-US","@id":"https:\/\/db-engineering-consulting.com\/en\/#\/schema\/logo\/image\/","url":"https:\/\/db-engineering-consulting.com\/wp-content\/uploads\/2022\/10\/Logo_DB-EC-Part-of-ECO-Group-scaled.jpg","contentUrl":"https:\/\/db-engineering-consulting.com\/wp-content\/uploads\/2022\/10\/Logo_DB-EC-Part-of-ECO-Group-scaled.jpg","width":2560,"height":454,"caption":"DB Engineering & Consulting GmbH"},"image":{"@id":"https:\/\/db-engineering-consulting.com\/en\/#\/schema\/logo\/image\/"},"sameAs":["https:\/\/www.linkedin.com\/company\/db-engineering-consulting\/"],"description":"DB Engineering & Consulting ist als Teil des integrierten Bahn-, Mobilit\u00e4ts- und Logistikkonzerns Deutsche Bahn in der Lage, das technische und betriebliche Fachwissen der DB national und international bereitzustellen. Das Unternehmen plant und realisiert komplexe, anforderungsgerechte Infrastruktur-, Mobilit\u00e4ts- und Transportl\u00f6sungen. Dabei stehen nachhaltige Konzepte im Fokus, die zur wirtschaftlichen Entwicklung von Regionen, zum Umweltschutz sowie zur Weiterentwicklung zukunftsf\u00e4higer Mobilit\u00e4t beitragen. Seit 1966 ist DB Engineering & Consulting in \u00fcber 100 L\u00e4ndern t\u00e4tig und hat Projekte in unterschiedlichsten Gr\u00f6\u00dfenordnungen umgesetzt. Mit mehr als 6.100 Mitarbeitenden aus 89 Nationen bringt das Unternehmen fachliche Kompetenz und interkulturelle Erfahrung in s\u00e4mtliche Projektphasen ein.","email":"db-engineering-consulting@db-eco.com","legalName":"DB Engineering & Consulting GmbH","foundingDate":"1966-05-26","vatID":"DE 114 139 523","numberOfEmployees":{"@type":"QuantitativeValue","minValue":"5001","maxValue":"10000"}}]}},"dbec_featured_media":{"source_url":"https:\/\/db-engineering-consulting.com\/wp-content\/uploads\/2020\/06\/Vorschau-Company-presentation_engl-300x169.png","source_set":"https:\/\/db-engineering-consulting.com\/wp-content\/uploads\/2020\/06\/Vorschau-Company-presentation_engl-300x169.png 300w, https:\/\/db-engineering-consulting.com\/wp-content\/uploads\/2020\/06\/Vorschau-Company-presentation_engl-1024x576.png 1024w, https:\/\/db-engineering-consulting.com\/wp-content\/uploads\/2020\/06\/Vorschau-Company-presentation_engl-768x432.png 768w, https:\/\/db-engineering-consulting.com\/wp-content\/uploads\/2020\/06\/Vorschau-Company-presentation_engl-520x293.png 520w, https:\/\/db-engineering-consulting.com\/wp-content\/uploads\/2020\/06\/Vorschau-Company-presentation_engl-1280x720.png 1280w, https:\/\/db-engineering-consulting.com\/wp-content\/uploads\/2020\/06\/Vorschau-Company-presentation_engl.png 1536w","caption":"Getty Images","alt":""},"_links":{"self":[{"href":"https:\/\/db-engineering-consulting.com\/en\/wp-json\/wp\/v2\/pages\/3285","targetHints":{"allow":["GET"]}}],"collection":[{"href":"https:\/\/db-engineering-consulting.com\/en\/wp-json\/wp\/v2\/pages"}],"about":[{"href":"https:\/\/db-engineering-consulting.com\/en\/wp-json\/wp\/v2\/types\/page"}],"author":[{"embeddable":true,"href":"https:\/\/db-engineering-consulting.com\/en\/wp-json\/wp\/v2\/users\/1"}],"replies":[{"embeddable":true,"href":"https:\/\/db-engineering-consulting.com\/en\/wp-json\/wp\/v2\/comments?post=3285"}],"version-history":[{"count":3,"href":"https:\/\/db-engineering-consulting.com\/en\/wp-json\/wp\/v2\/pages\/3285\/revisions"}],"predecessor-version":[{"id":27423,"href":"https:\/\/db-engineering-consulting.com\/en\/wp-json\/wp\/v2\/pages\/3285\/revisions\/27423"}],"wp:featuredmedia":[{"embeddable":true,"href":"https:\/\/db-engineering-consulting.com\/en\/wp-json\/wp\/v2\/media\/5869"}],"wp:attachment":[{"href":"https:\/\/db-engineering-consulting.com\/en\/wp-json\/wp\/v2\/media?parent=3285"}],"curies":[{"name":"wp","href":"https:\/\/api.w.org\/{rel}","templated":true}]}}