{"id":3315,"date":"2020-05-04T13:44:11","date_gmt":"2020-05-04T13:44:11","guid":{"rendered":"https:\/\/db-engineering-consulting.com\/karriere\/freelancer-2\/"},"modified":"2025-03-27T13:57:12","modified_gmt":"2025-03-27T13:57:12","slug":"freelancer-jobs","status":"publish","type":"page","link":"https:\/\/db-engineering-consulting.com\/en\/careers\/freelancer-jobs\/","title":{"rendered":"Freelancer"},"content":{"rendered":"\n<div class=\"wp-block-dbec-core-layout-grid  layout-grid layout-grid--outer-margin-large layout-grid--expanded\"><div class=\"grid grid--child-margin-large\">\n<div class=\"wp-block-dbec-core-layout-column  column is-6-small is-6-medium column--expanded\"><div class=\"layout-column\"><nav class=\"breadcrumbs\"><div class=\"breadcrumbs__inner\"><a class=\"breadcrumbs__home\" href=\"https:\/\/db-engineering-consulting.com\/en\/\" aria-label=\"Link Home\"><svg class=\"breadcrumbs__home-icon\"><use xlink:href=\"#home\"><\/use><\/svg><\/a> <svg class=\"breadcrumbs__delimiter\"><use xlink:href=\"#icon-arrow-right\"><\/use><\/svg> <a href=\"https:\/\/db-engineering-consulting.com\/en\/careers\/\">Careers<\/a> <svg class=\"breadcrumbs__delimiter\"><use xlink:href=\"#icon-arrow-right\"><\/use><\/svg> <span class=\"breadcrumbs__actual-page\">Freelancer<\/span><\/div><\/nav><\/div><\/div>\n<\/div><\/div>\n\n\n\n<div class=\"wp-block-dbec-core-layout-grid  layout-grid layout-grid--outer-margin-small layout-grid--expanded\"><div class=\"grid grid--child-margin-small\">\n<div class=\"wp-block-dbec-core-layout-column  column is-6-small is-3-medium column--expanded\"><div class=\"layout-column\">\n<h1 class=\"wp-block-heading headline-h2\">Freelancer<\/h1>\n\n\n\n<div class=\"wp-block-dbec-core-layout-text  wp-block-dbec-core-layout-text--expanded\"><div class=\"layout-column layout-column--text\">\n<div class=\"wp-block-dbec-core-base-card\"><a class=\"base-card\" href=\"https:\/\/freelance.db-ec.de\/\" target=\"_blank\" rel=\"noopener noreferrer\"><figure class=\"base-card__figure\"><img decoding=\"async\" class=\"base-card__image\" src=\"https:\/\/db-engineering-consulting.com\/wp-content\/uploads\/2025\/03\/dbec2022_MyriamB_stock.adobe_.com_-e1743083809862.jpg\" srcset=\"https:\/\/db-engineering-consulting.com\/wp-content\/uploads\/2025\/03\/dbec2022_MyriamB_stock.adobe_.com_-e1743083809862-300x200.jpg 300w, https:\/\/db-engineering-consulting.com\/wp-content\/uploads\/2025\/03\/dbec2022_MyriamB_stock.adobe_.com_-e1743083809862-1024x683.jpg 1024w, https:\/\/db-engineering-consulting.com\/wp-content\/uploads\/2025\/03\/dbec2022_MyriamB_stock.adobe_.com_-e1743083809862-150x150.jpg 150w, https:\/\/db-engineering-consulting.com\/wp-content\/uploads\/2025\/03\/dbec2022_MyriamB_stock.adobe_.com_-e1743083809862-768x512.jpg 768w, https:\/\/db-engineering-consulting.com\/wp-content\/uploads\/2025\/03\/dbec2022_MyriamB_stock.adobe_.com_-e1743083809862-1536x1024.jpg 1536w, https:\/\/db-engineering-consulting.com\/wp-content\/uploads\/2025\/03\/dbec2022_MyriamB_stock.adobe_.com_-e1743083809862-520x347.jpg 520w, https:\/\/db-engineering-consulting.com\/wp-content\/uploads\/2025\/03\/dbec2022_MyriamB_stock.adobe_.com_-e1743083809862-768x512.jpg 768w, https:\/\/db-engineering-consulting.com\/wp-content\/uploads\/2025\/03\/dbec2022_MyriamB_stock.adobe_.com_-e1743083809862-1280x854.jpg 1280w\" alt=\"Career - Freelancer\" width=\"1600\" height=\"1067\" loading=\"lazy\" sizes=\"auto, (min-width: 1330px) calc(((1200px - 35px * 5) * (3 \/ 6)) + (35px * (3 - 1))), (min-width: 768px) calc((((100vw - 130px) - 35px * 5) * (3 \/ 6)) + (35px * (3 - 1))), calc(100vw - 60px)\"\/><div class=\"label-reference\" data-image-reference=\"<p&gt;MyriamB &#8211; stock.adobe.com<\/p&gt;\n\"><\/div><\/figure><h3 class=\"base-card__title\">Shaping the future of mobility together<\/h3><div class=\"base-card__copy\">Thank you for your interest in DB Engineering &amp; Consulting and for visiting our website, which offers you the option of creating a profile in our freelancer database.<\/div><\/a><\/div>\n\n\n\n<div class=\"wp-block-dbec-core-base-button\"><div class=\"wrapper-base-button wrapper-base-button--left\"><a class=\"base-button base-button--red\" href=\"https:\/\/freelance.db-ec.de\/\" target=\"_blank\" rel=\"noopener\"><span class=\"base-button__label\">Apply here<\/span><svg class=\"base-button__icon\"><use xlink:href=\"#icon-link\" \/><\/svg><\/a><\/div><\/div>\n<\/div><\/div>\n<\/div><\/div>\n\n\n\n<div class=\"wp-block-dbec-core-layout-column  column is-6-small is-2-medium is-offset-left-1-medium column--expanded\"><div class=\"layout-column\"><div class=\"wp-block-dbec-core-social-sharing\"><div class=\"social-sharing\" data-subject=\"Here is an article for you: [TITLE]\" data-recipient=\"mail recipient en\" data-body=\"Here is an article by DB Engineering &#038; Consulting for you: [TITLE] at [LINK]\"><span class=\"social-sharing__label\">Share<\/span><div class=\"social-sharing__links\"><a class=\"social-sharing__link social-sharing__link--linkedin\" href=\"\/\" target=\"_blank\" rel=\"noopener noreferrer\" aria-label=\"Link LinkedIn\"><svg class=\"social-sharing__icon\"><use xlink:href=\"#icon-linked-in\"\/><\/svg><\/a><a class=\"social-sharing__link social-sharing__link--mail\" href=\"\/\" target=\"_blank\" rel=\"noopener noreferrer\" aria-label=\"Link Mail\"><svg class=\"social-sharing__icon\"><use xlink:href=\"#icon-mail\"\/><\/svg><\/a><\/div><\/div><\/div>\n\n\n<div class=\"wp-block-dbec-core-layout-text  wp-block-dbec-core-layout-text--expanded\"><div class=\"layout-column layout-column--text\">\n<h2 class=\"wp-block-heading headline-h4\">Contact<\/h2>\n\n\n<div class=\"contact-person\"><h3 class=\"contact-person__name\">Coordination Freelancer<\/h3><div class=\"contact-person__position\">Ressources Management<\/div><div class=\"contact-person__address\">DB Engineering &#038; Consulting<br \/>\r\nEUREF-Campus 14<br \/>\r\n10829 Berlin<br \/>\r\nGermany<\/div><\/div><\/div><\/div>\n<\/div><\/div>\n<\/div><\/div>\n","protected":false},"excerpt":{"rendered":"","protected":false},"author":8,"featured_media":27163,"parent":3288,"menu_order":0,"comment_status":"closed","ping_status":"closed","template":"","meta":{"post_allow-other-domains":"","footnotes":""},"class_list":["post-3315","page","type-page","status-publish","has-post-thumbnail","hentry"],"yoast_head":"<!-- This site is optimized with the Yoast SEO Premium plugin v26.0 (Yoast SEO v27.4) - https:\/\/yoast.com\/product\/yoast-seo-premium-wordpress\/ -->\n<title>Freelancer jobs - work with us | DB Engineering &amp; Consulting<\/title>\n<meta name=\"description\" content=\"Freelancer jobs - create a freelancer profile in our database and shape the future of mobility together with us. Apply now!\" \/>\n<meta name=\"robots\" content=\"index, follow, max-snippet:-1, max-image-preview:large, max-video-preview:-1\" \/>\n<link rel=\"canonical\" href=\"https:\/\/db-engineering-consulting.com\/en\/careers\/freelancer-jobs\/\" \/>\n<meta property=\"og:locale\" content=\"en_US\" \/>\n<meta property=\"og:type\" content=\"article\" \/>\n<meta property=\"og:title\" content=\"Freelancer\" \/>\n<meta property=\"og:description\" content=\"Freelancer jobs - create a freelancer profile in our database and shape the future of mobility together with us. Apply now!\" \/>\n<meta property=\"og:url\" content=\"https:\/\/db-engineering-consulting.com\/en\/careers\/freelancer-jobs\/\" \/>\n<meta property=\"og:site_name\" content=\"DB Engineering &amp; Consulting\" \/>\n<meta property=\"article:modified_time\" content=\"2025-03-27T13:57:12+00:00\" \/>\n<meta property=\"og:image\" content=\"https:\/\/db-engineering-consulting.com\/wp-content\/uploads\/2025\/03\/dbec2022_MyriamB_stock.adobe_.com_-e1743083809862.jpg\" \/>\n\t<meta property=\"og:image:width\" content=\"1600\" \/>\n\t<meta property=\"og:image:height\" content=\"1067\" \/>\n\t<meta property=\"og:image:type\" content=\"image\/jpeg\" \/>\n<meta name=\"twitter:card\" content=\"summary_large_image\" \/>\n<meta name=\"twitter:label1\" content=\"Est. reading time\" \/>\n\t<meta name=\"twitter:data1\" content=\"1 minute\" \/>\n<script type=\"application\/ld+json\" class=\"yoast-schema-graph\">{\"@context\":\"https:\\\/\\\/schema.org\",\"@graph\":[{\"@type\":\"WebPage\",\"@id\":\"https:\\\/\\\/db-engineering-consulting.com\\\/en\\\/careers\\\/freelancer-jobs\\\/\",\"url\":\"https:\\\/\\\/db-engineering-consulting.com\\\/en\\\/careers\\\/freelancer-jobs\\\/\",\"name\":\"Freelancer jobs - work with us | DB Engineering & Consulting\",\"isPartOf\":{\"@id\":\"https:\\\/\\\/db-engineering-consulting.com\\\/en\\\/#website\"},\"primaryImageOfPage\":{\"@id\":\"https:\\\/\\\/db-engineering-consulting.com\\\/en\\\/careers\\\/freelancer-jobs\\\/#primaryimage\"},\"image\":{\"@id\":\"https:\\\/\\\/db-engineering-consulting.com\\\/en\\\/careers\\\/freelancer-jobs\\\/#primaryimage\"},\"thumbnailUrl\":\"https:\\\/\\\/db-engineering-consulting.com\\\/wp-content\\\/uploads\\\/2025\\\/03\\\/dbec2022_MyriamB_stock.adobe_.com_-e1743083809862.jpg\",\"datePublished\":\"2020-05-04T13:44:11+00:00\",\"dateModified\":\"2025-03-27T13:57:12+00:00\",\"description\":\"Freelancer jobs - create a freelancer profile in our database and shape the future of mobility together with us. Apply now!\",\"breadcrumb\":{\"@id\":\"https:\\\/\\\/db-engineering-consulting.com\\\/en\\\/careers\\\/freelancer-jobs\\\/#breadcrumb\"},\"inLanguage\":\"en-US\",\"potentialAction\":[{\"@type\":\"ReadAction\",\"target\":[\"https:\\\/\\\/db-engineering-consulting.com\\\/en\\\/careers\\\/freelancer-jobs\\\/\"]}]},{\"@type\":\"ImageObject\",\"inLanguage\":\"en-US\",\"@id\":\"https:\\\/\\\/db-engineering-consulting.com\\\/en\\\/careers\\\/freelancer-jobs\\\/#primaryimage\",\"url\":\"https:\\\/\\\/db-engineering-consulting.com\\\/wp-content\\\/uploads\\\/2025\\\/03\\\/dbec2022_MyriamB_stock.adobe_.com_-e1743083809862.jpg\",\"contentUrl\":\"https:\\\/\\\/db-engineering-consulting.com\\\/wp-content\\\/uploads\\\/2025\\\/03\\\/dbec2022_MyriamB_stock.adobe_.com_-e1743083809862.jpg\",\"width\":1600,\"height\":1067,\"caption\":\"MyriamB - stock.adobe.com\"},{\"@type\":\"BreadcrumbList\",\"@id\":\"https:\\\/\\\/db-engineering-consulting.com\\\/en\\\/careers\\\/freelancer-jobs\\\/#breadcrumb\",\"itemListElement\":[{\"@type\":\"ListItem\",\"position\":1,\"name\":\"Home\",\"item\":\"https:\\\/\\\/db-engineering-consulting.com\\\/en\\\/\"},{\"@type\":\"ListItem\",\"position\":2,\"name\":\"Careers\",\"item\":\"https:\\\/\\\/db-engineering-consulting.com\\\/en\\\/careers\\\/\"},{\"@type\":\"ListItem\",\"position\":3,\"name\":\"Freelancer\"}]},{\"@type\":\"WebSite\",\"@id\":\"https:\\\/\\\/db-engineering-consulting.com\\\/en\\\/#website\",\"url\":\"https:\\\/\\\/db-engineering-consulting.com\\\/en\\\/\",\"name\":\"DB Engineering & Consulting\",\"description\":\"Part of DB E.C.O. Group\",\"publisher\":{\"@id\":\"https:\\\/\\\/db-engineering-consulting.com\\\/en\\\/#organization\"},\"potentialAction\":[{\"@type\":\"SearchAction\",\"target\":{\"@type\":\"EntryPoint\",\"urlTemplate\":\"https:\\\/\\\/db-engineering-consulting.com\\\/en\\\/?s={search_term_string}\"},\"query-input\":{\"@type\":\"PropertyValueSpecification\",\"valueRequired\":true,\"valueName\":\"search_term_string\"}}],\"inLanguage\":\"en-US\"},{\"@type\":\"Organization\",\"@id\":\"https:\\\/\\\/db-engineering-consulting.com\\\/en\\\/#organization\",\"name\":\"DB Engineering & Consulting GmbH\",\"url\":\"https:\\\/\\\/db-engineering-consulting.com\\\/en\\\/\",\"logo\":{\"@type\":\"ImageObject\",\"inLanguage\":\"en-US\",\"@id\":\"https:\\\/\\\/db-engineering-consulting.com\\\/en\\\/#\\\/schema\\\/logo\\\/image\\\/\",\"url\":\"https:\\\/\\\/db-engineering-consulting.com\\\/wp-content\\\/uploads\\\/2022\\\/10\\\/Logo_DB-EC-Part-of-ECO-Group-scaled.jpg\",\"contentUrl\":\"https:\\\/\\\/db-engineering-consulting.com\\\/wp-content\\\/uploads\\\/2022\\\/10\\\/Logo_DB-EC-Part-of-ECO-Group-scaled.jpg\",\"width\":2560,\"height\":454,\"caption\":\"DB Engineering & Consulting GmbH\"},\"image\":{\"@id\":\"https:\\\/\\\/db-engineering-consulting.com\\\/en\\\/#\\\/schema\\\/logo\\\/image\\\/\"},\"sameAs\":[\"https:\\\/\\\/www.linkedin.com\\\/company\\\/db-engineering-consulting\\\/\"],\"description\":\"DB Engineering & Consulting ist als Teil des integrierten Bahn-, Mobilit\u00e4ts- und Logistikkonzerns Deutsche Bahn in der Lage, das technische und betriebliche Fachwissen der DB national und international bereitzustellen. Das Unternehmen plant und realisiert komplexe, anforderungsgerechte Infrastruktur-, Mobilit\u00e4ts- und Transportl\u00f6sungen. Dabei stehen nachhaltige Konzepte im Fokus, die zur wirtschaftlichen Entwicklung von Regionen, zum Umweltschutz sowie zur Weiterentwicklung zukunftsf\u00e4higer Mobilit\u00e4t beitragen. Seit 1966 ist DB Engineering & Consulting in \u00fcber 100 L\u00e4ndern t\u00e4tig und hat Projekte in unterschiedlichsten Gr\u00f6\u00dfenordnungen umgesetzt. Mit mehr als 6.100 Mitarbeitenden aus 89 Nationen bringt das Unternehmen fachliche Kompetenz und interkulturelle Erfahrung in s\u00e4mtliche Projektphasen ein.\",\"email\":\"db-engineering-consulting@db-eco.com\",\"legalName\":\"DB Engineering & Consulting GmbH\",\"foundingDate\":\"1966-05-26\",\"vatID\":\"DE 114 139 523\",\"numberOfEmployees\":{\"@type\":\"QuantitativeValue\",\"minValue\":\"5001\",\"maxValue\":\"10000\"}}]}<\/script>\n<!-- \/ Yoast SEO Premium plugin. -->","yoast_head_json":{"title":"Freelancer jobs - work with us | DB Engineering & Consulting","description":"Freelancer jobs - create a freelancer profile in our database and shape the future of mobility together with us. Apply now!","robots":{"index":"index","follow":"follow","max-snippet":"max-snippet:-1","max-image-preview":"max-image-preview:large","max-video-preview":"max-video-preview:-1"},"canonical":"https:\/\/db-engineering-consulting.com\/en\/careers\/freelancer-jobs\/","og_locale":"en_US","og_type":"article","og_title":"Freelancer","og_description":"Freelancer jobs - create a freelancer profile in our database and shape the future of mobility together with us. Apply now!","og_url":"https:\/\/db-engineering-consulting.com\/en\/careers\/freelancer-jobs\/","og_site_name":"DB Engineering &amp; Consulting","article_modified_time":"2025-03-27T13:57:12+00:00","og_image":[{"width":1600,"height":1067,"url":"https:\/\/db-engineering-consulting.com\/wp-content\/uploads\/2025\/03\/dbec2022_MyriamB_stock.adobe_.com_-e1743083809862.jpg","type":"image\/jpeg"}],"twitter_card":"summary_large_image","twitter_misc":{"Est. reading time":"1 minute"},"schema":{"@context":"https:\/\/schema.org","@graph":[{"@type":"WebPage","@id":"https:\/\/db-engineering-consulting.com\/en\/careers\/freelancer-jobs\/","url":"https:\/\/db-engineering-consulting.com\/en\/careers\/freelancer-jobs\/","name":"Freelancer jobs - work with us | DB Engineering & Consulting","isPartOf":{"@id":"https:\/\/db-engineering-consulting.com\/en\/#website"},"primaryImageOfPage":{"@id":"https:\/\/db-engineering-consulting.com\/en\/careers\/freelancer-jobs\/#primaryimage"},"image":{"@id":"https:\/\/db-engineering-consulting.com\/en\/careers\/freelancer-jobs\/#primaryimage"},"thumbnailUrl":"https:\/\/db-engineering-consulting.com\/wp-content\/uploads\/2025\/03\/dbec2022_MyriamB_stock.adobe_.com_-e1743083809862.jpg","datePublished":"2020-05-04T13:44:11+00:00","dateModified":"2025-03-27T13:57:12+00:00","description":"Freelancer jobs - create a freelancer profile in our database and shape the future of mobility together with us. Apply now!","breadcrumb":{"@id":"https:\/\/db-engineering-consulting.com\/en\/careers\/freelancer-jobs\/#breadcrumb"},"inLanguage":"en-US","potentialAction":[{"@type":"ReadAction","target":["https:\/\/db-engineering-consulting.com\/en\/careers\/freelancer-jobs\/"]}]},{"@type":"ImageObject","inLanguage":"en-US","@id":"https:\/\/db-engineering-consulting.com\/en\/careers\/freelancer-jobs\/#primaryimage","url":"https:\/\/db-engineering-consulting.com\/wp-content\/uploads\/2025\/03\/dbec2022_MyriamB_stock.adobe_.com_-e1743083809862.jpg","contentUrl":"https:\/\/db-engineering-consulting.com\/wp-content\/uploads\/2025\/03\/dbec2022_MyriamB_stock.adobe_.com_-e1743083809862.jpg","width":1600,"height":1067,"caption":"MyriamB - stock.adobe.com"},{"@type":"BreadcrumbList","@id":"https:\/\/db-engineering-consulting.com\/en\/careers\/freelancer-jobs\/#breadcrumb","itemListElement":[{"@type":"ListItem","position":1,"name":"Home","item":"https:\/\/db-engineering-consulting.com\/en\/"},{"@type":"ListItem","position":2,"name":"Careers","item":"https:\/\/db-engineering-consulting.com\/en\/careers\/"},{"@type":"ListItem","position":3,"name":"Freelancer"}]},{"@type":"WebSite","@id":"https:\/\/db-engineering-consulting.com\/en\/#website","url":"https:\/\/db-engineering-consulting.com\/en\/","name":"DB Engineering & Consulting","description":"Part of DB E.C.O. Group","publisher":{"@id":"https:\/\/db-engineering-consulting.com\/en\/#organization"},"potentialAction":[{"@type":"SearchAction","target":{"@type":"EntryPoint","urlTemplate":"https:\/\/db-engineering-consulting.com\/en\/?s={search_term_string}"},"query-input":{"@type":"PropertyValueSpecification","valueRequired":true,"valueName":"search_term_string"}}],"inLanguage":"en-US"},{"@type":"Organization","@id":"https:\/\/db-engineering-consulting.com\/en\/#organization","name":"DB Engineering & Consulting GmbH","url":"https:\/\/db-engineering-consulting.com\/en\/","logo":{"@type":"ImageObject","inLanguage":"en-US","@id":"https:\/\/db-engineering-consulting.com\/en\/#\/schema\/logo\/image\/","url":"https:\/\/db-engineering-consulting.com\/wp-content\/uploads\/2022\/10\/Logo_DB-EC-Part-of-ECO-Group-scaled.jpg","contentUrl":"https:\/\/db-engineering-consulting.com\/wp-content\/uploads\/2022\/10\/Logo_DB-EC-Part-of-ECO-Group-scaled.jpg","width":2560,"height":454,"caption":"DB Engineering & Consulting GmbH"},"image":{"@id":"https:\/\/db-engineering-consulting.com\/en\/#\/schema\/logo\/image\/"},"sameAs":["https:\/\/www.linkedin.com\/company\/db-engineering-consulting\/"],"description":"DB Engineering & Consulting ist als Teil des integrierten Bahn-, Mobilit\u00e4ts- und Logistikkonzerns Deutsche Bahn in der Lage, das technische und betriebliche Fachwissen der DB national und international bereitzustellen. Das Unternehmen plant und realisiert komplexe, anforderungsgerechte Infrastruktur-, Mobilit\u00e4ts- und Transportl\u00f6sungen. Dabei stehen nachhaltige Konzepte im Fokus, die zur wirtschaftlichen Entwicklung von Regionen, zum Umweltschutz sowie zur Weiterentwicklung zukunftsf\u00e4higer Mobilit\u00e4t beitragen. Seit 1966 ist DB Engineering & Consulting in \u00fcber 100 L\u00e4ndern t\u00e4tig und hat Projekte in unterschiedlichsten Gr\u00f6\u00dfenordnungen umgesetzt. Mit mehr als 6.100 Mitarbeitenden aus 89 Nationen bringt das Unternehmen fachliche Kompetenz und interkulturelle Erfahrung in s\u00e4mtliche Projektphasen ein.","email":"db-engineering-consulting@db-eco.com","legalName":"DB Engineering & Consulting GmbH","foundingDate":"1966-05-26","vatID":"DE 114 139 523","numberOfEmployees":{"@type":"QuantitativeValue","minValue":"5001","maxValue":"10000"}}]}},"dbec_featured_media":{"source_url":"https:\/\/db-engineering-consulting.com\/wp-content\/uploads\/2025\/03\/dbec2022_MyriamB_stock.adobe_.com_-e1743083809862-300x200.jpg","source_set":"https:\/\/db-engineering-consulting.com\/wp-content\/uploads\/2025\/03\/dbec2022_MyriamB_stock.adobe_.com_-e1743083809862-300x200.jpg 300w, https:\/\/db-engineering-consulting.com\/wp-content\/uploads\/2025\/03\/dbec2022_MyriamB_stock.adobe_.com_-e1743083809862-1024x683.jpg 1024w, https:\/\/db-engineering-consulting.com\/wp-content\/uploads\/2025\/03\/dbec2022_MyriamB_stock.adobe_.com_-e1743083809862-768x512.jpg 768w, https:\/\/db-engineering-consulting.com\/wp-content\/uploads\/2025\/03\/dbec2022_MyriamB_stock.adobe_.com_-e1743083809862-1536x1024.jpg 1536w, https:\/\/db-engineering-consulting.com\/wp-content\/uploads\/2025\/03\/dbec2022_MyriamB_stock.adobe_.com_-e1743083809862-520x347.jpg 520w, https:\/\/db-engineering-consulting.com\/wp-content\/uploads\/2025\/03\/dbec2022_MyriamB_stock.adobe_.com_-e1743083809862-1280x854.jpg 1280w, https:\/\/db-engineering-consulting.com\/wp-content\/uploads\/2025\/03\/dbec2022_MyriamB_stock.adobe_.com_-e1743083809862.jpg 1600w","caption":"MyriamB - stock.adobe.com","alt":"Career - Freelancer"},"_links":{"self":[{"href":"https:\/\/db-engineering-consulting.com\/en\/wp-json\/wp\/v2\/pages\/3315","targetHints":{"allow":["GET"]}}],"collection":[{"href":"https:\/\/db-engineering-consulting.com\/en\/wp-json\/wp\/v2\/pages"}],"about":[{"href":"https:\/\/db-engineering-consulting.com\/en\/wp-json\/wp\/v2\/types\/page"}],"author":[{"embeddable":true,"href":"https:\/\/db-engineering-consulting.com\/en\/wp-json\/wp\/v2\/users\/8"}],"replies":[{"embeddable":true,"href":"https:\/\/db-engineering-consulting.com\/en\/wp-json\/wp\/v2\/comments?post=3315"}],"version-history":[{"count":5,"href":"https:\/\/db-engineering-consulting.com\/en\/wp-json\/wp\/v2\/pages\/3315\/revisions"}],"predecessor-version":[{"id":27169,"href":"https:\/\/db-engineering-consulting.com\/en\/wp-json\/wp\/v2\/pages\/3315\/revisions\/27169"}],"up":[{"embeddable":true,"href":"https:\/\/db-engineering-consulting.com\/en\/wp-json\/wp\/v2\/pages\/3288"}],"wp:featuredmedia":[{"embeddable":true,"href":"https:\/\/db-engineering-consulting.com\/en\/wp-json\/wp\/v2\/media\/27163"}],"wp:attachment":[{"href":"https:\/\/db-engineering-consulting.com\/en\/wp-json\/wp\/v2\/media?parent=3315"}],"curies":[{"name":"wp","href":"https:\/\/api.w.org\/{rel}","templated":true}]}}