{"id":3677,"date":"2020-04-30T18:30:48","date_gmt":"2020-04-30T18:30:48","guid":{"rendered":"https:\/\/db-engineering-consulting.com\/kurzportrait\/"},"modified":"2026-04-01T12:38:09","modified_gmt":"2026-04-01T12:38:09","slug":"company-profile","status":"publish","type":"page","link":"https:\/\/db-engineering-consulting.com\/en\/company-profile\/","title":{"rendered":"Company profile"},"content":{"rendered":"\n<div class=\"wp-block-dbec-core-layout-grid  layout-grid layout-grid--outer-margin-large layout-grid--expanded\"><div class=\"grid grid--child-margin-small\">\n<div class=\"wp-block-dbec-core-layout-column  column is-6-small is-6-medium column--expanded\"><div class=\"layout-column\"><nav class=\"breadcrumbs\"><div class=\"breadcrumbs__inner\"><a class=\"breadcrumbs__home\" href=\"https:\/\/db-engineering-consulting.com\/en\/\" aria-label=\"Link Home\"><svg class=\"breadcrumbs__home-icon\"><use xlink:href=\"#home\"><\/use><\/svg><\/a> <svg class=\"breadcrumbs__delimiter\"><use xlink:href=\"#icon-arrow-right\"><\/use><\/svg> <span class=\"breadcrumbs__actual-page\">Company profile<\/span><\/div><\/nav><\/div><\/div>\n<\/div><\/div>\n\n\n\n<div class=\"wp-block-dbec-core-layout-grid  layout-grid layout-grid--outer-margin-small layout-grid--expanded\"><div class=\"grid grid--child-margin-small\">\n<div class=\"wp-block-dbec-core-layout-column  column is-6-small is-3-medium column--expanded\"><div class=\"layout-column\">\n<h1 class=\"wp-block-heading headline-h2\" id=\"h-facts-amp-figures\">Facts &amp; figures<\/h1>\n\n\n\n<div class=\"wp-block-dbec-core-layout-text  wp-block-dbec-core-layout-text--expanded\"><div class=\"layout-column layout-column--text\">\n<p>We&#8217;ve compiled a short overview of key information about DB Engineering &amp; Consulting in our company profile:<\/p>\n<\/div><\/div>\n\n\n\n<div class=\"wp-block-dbec-core-accordion  wp-block-dbec-core-accordion--expanded\"><div class=\"accordion\" data-type=\"multiple\" data-initially-opened=\"false\"><div class=\"accordion__items\">\n<div class=\"wp-block-dbec-core-accordion-item\"><a-expandable id=\"\" class=\"accordion-item\"><button type=\"button\" slot=\"toggle\" class=\"accordion-item__bar\"><h3 class=\"accordion-item__label\">Head office<\/h3><svg class=\"accordion-item__arrow\" aria-hidden=\"true\"><use xlink:href=\"#icon-arrow-down\" \/><\/svg><\/button><div class=\"accordion-item__content\"><div class=\"layout-content\">\n<p><strong>DB Engineering &amp; Consulting<\/strong><br>EUREF-Campus 14<br>10829 Berlin, Germany<\/p>\n\n\n\n<p>Entered in the Commercial Register<br>(Magistrates\u2019 Court of Berlin-Charlottenburg)<br>under Commercial Register ID HR B 56655<br>VAT ID DE 114 139 523<\/p>\n<\/div><\/div><\/a-expandable><\/div>\n\n\n\n<div class=\"wp-block-dbec-core-accordion-item\"><a-expandable id=\"\" class=\"accordion-item\"><button type=\"button\" slot=\"toggle\" class=\"accordion-item__bar\"><h3 class=\"accordion-item__label\">Founding year<\/h3><svg class=\"accordion-item__arrow\" aria-hidden=\"true\"><use xlink:href=\"#icon-arrow-down\" \/><\/svg><\/button><div class=\"accordion-item__content\"><div class=\"layout-content\">\n<p>1966<\/p>\n<\/div><\/div><\/a-expandable><\/div>\n\n\n\n<div class=\"wp-block-dbec-core-accordion-item\"><a-expandable id=\"\" class=\"accordion-item\"><button type=\"button\" slot=\"toggle\" class=\"accordion-item__bar\"><h3 class=\"accordion-item__label\">Product portfolio<\/h3><svg class=\"accordion-item__arrow\" aria-hidden=\"true\"><use xlink:href=\"#icon-arrow-down\" \/><\/svg><\/button><div class=\"accordion-item__content\"><div class=\"layout-content\">\n<ul class=\"wp-block-list\">\n<li>Design<\/li>\n\n\n\n<li>Construction Supervision<\/li>\n\n\n\n<li>Consulting<\/li>\n\n\n\n<li>Project Management<\/li>\n\n\n\n<li>Testing and Commissioning<\/li>\n\n\n\n<li>Environmental &amp; Geo Services<\/li>\n<\/ul>\n<\/div><\/div><\/a-expandable><\/div>\n\n\n\n<div class=\"wp-block-dbec-core-accordion-item\"><a-expandable id=\"\" class=\"accordion-item\"><button type=\"button\" slot=\"toggle\" class=\"accordion-item__bar\"><h3 class=\"accordion-item__label\">Customers<\/h3><svg class=\"accordion-item__arrow\" aria-hidden=\"true\"><use xlink:href=\"#icon-arrow-down\" \/><\/svg><\/button><div class=\"accordion-item__content\"><div class=\"layout-content\">\n<ul class=\"wp-block-list\">\n<li>Public legal entities<\/li>\n\n\n\n<li>National and private railway companies<\/li>\n\n\n\n<li>Regional and municipal transport operators<\/li>\n\n\n\n<li>Industrial undertakings<\/li>\n\n\n\n<li>Private investors<\/li>\n\n\n\n<li>National and international financing institutions<\/li>\n<\/ul>\n<\/div><\/div><\/a-expandable><\/div>\n\n\n\n<div class=\"wp-block-dbec-core-accordion-item\"><a-expandable id=\"\" class=\"accordion-item\"><button type=\"button\" slot=\"toggle\" class=\"accordion-item__bar\"><h3 class=\"accordion-item__label\">Employees<\/h3><svg class=\"accordion-item__arrow\" aria-hidden=\"true\"><use xlink:href=\"#icon-arrow-down\" \/><\/svg><\/button><div class=\"accordion-item__content\"><div class=\"layout-content\">\n<p>6.200 worldwide<\/p>\n<\/div><\/div><\/a-expandable><\/div>\n\n\n\n<div class=\"wp-block-dbec-core-accordion-item\"><a-expandable id=\"\" class=\"accordion-item\"><button type=\"button\" slot=\"toggle\" class=\"accordion-item__bar\"><h3 class=\"accordion-item__label\">EBA assessors<\/h3><svg class=\"accordion-item__arrow\" aria-hidden=\"true\"><use xlink:href=\"#icon-arrow-down\" \/><\/svg><\/button><div class=\"accordion-item__content\"><div class=\"layout-content\">\n<p>Several employees of DB Engineering &amp; Consulting are recognized by the EBA [Eisenbahn-Bundesamt, the Federal Railway Authority in Germany] as independent experts\/assessors for safety installations and electrical engineering plant in the fields of plan verification and acceptance inspections.<\/p>\n<\/div><\/div><\/a-expandable><\/div>\n\n\n\n<div class=\"wp-block-dbec-core-accordion-item\"><a-expandable id=\"\" class=\"accordion-item\"><button type=\"button\" slot=\"toggle\" class=\"accordion-item__bar\"><h3 class=\"accordion-item__label\">Shareholders<\/h3><svg class=\"accordion-item__arrow\" aria-hidden=\"true\"><use xlink:href=\"#icon-arrow-down\" \/><\/svg><\/button><div class=\"accordion-item__content\"><div class=\"layout-content\">\n<p>Deutsche Bahn AG<\/p>\n<\/div><\/div><\/a-expandable><\/div>\n\n\n\n<div class=\"wp-block-dbec-core-accordion-item\"><a-expandable id=\"\" class=\"accordion-item\"><button type=\"button\" slot=\"toggle\" class=\"accordion-item__bar\"><h3 class=\"accordion-item__label\">Management Board<\/h3><svg class=\"accordion-item__arrow\" aria-hidden=\"true\"><use xlink:href=\"#icon-arrow-down\" \/><\/svg><\/button><div class=\"accordion-item__content\"><div class=\"layout-content\">\n<p>Andrea Bertallot (CEO and German Market)<\/p>\n\n\n\n<p>Dr. Ulla Kopp (Finance\/Controlling)<\/p>\n\n\n\n<p>Stefan Geisperger (International Markets and Consulting)<\/p>\n\n\n\n<p>Jeroen Hansmann (Human Resources)<\/p>\n<\/div><\/div><\/a-expandable><\/div>\n\n\n\n<div class=\"wp-block-dbec-core-accordion-item\"><a-expandable id=\"\" class=\"accordion-item\"><button type=\"button\" slot=\"toggle\" class=\"accordion-item__bar\"><h3 class=\"accordion-item__label\">Quality management<\/h3><svg class=\"accordion-item__arrow\" aria-hidden=\"true\"><use xlink:href=\"#icon-arrow-down\" \/><\/svg><\/button><div class=\"accordion-item__content\"><div class=\"layout-content\">\n<p>Certified in accordance with DIN EN ISO 9001 and DIN EN ISO 45001 by DEKRA<\/p>\n<\/div><\/div><\/a-expandable><\/div>\n\n\n\n<div class=\"wp-block-dbec-core-accordion-item\"><a-expandable id=\"\" class=\"accordion-item\"><button type=\"button\" slot=\"toggle\" class=\"accordion-item__bar\"><h3 class=\"accordion-item__label\">Investment holdings<\/h3><svg class=\"accordion-item__arrow\" aria-hidden=\"true\"><use xlink:href=\"#icon-arrow-down\" \/><\/svg><\/button><div class=\"accordion-item__content\"><div class=\"layout-content\">\n<ul class=\"wp-block-list\">\n<li>DB International (Beijing) Co., Ltd., China<\/li>\n\n\n\n<li>Rail Technology Company Ltd., Saudi Arabia<\/li>\n\n\n\n<li>DB Engineering &amp; Consulting India Pvt. Ldt., India<\/li>\n\n\n\n<li><a rel=\"noreferrer noopener\" href=\"http:\/\/infraview.net\/\" target=\"_blank\">infraView GmbH<\/a>, Germany<\/li>\n\n\n\n<li><a href=\"https:\/\/www.ese.de\/en\/\" target=\"_blank\" rel=\"noreferrer noopener\">ESE Engineering und Software-Entwicklung GmbH<\/a>, Germany<\/li>\n\n\n\n<li><a href=\"https:\/\/inno2grid.com\/en\/\">inno2grid GmbH<\/a>, Germany<\/li>\n<\/ul>\n\n\n\n<p>DB E.C.O. North America Inc. is an independent member of DB Group governed by a board of directors appointed by its shareholder, DB US Holding Corporation.<\/p>\n<\/div><\/div><\/a-expandable><\/div>\n\n\n\n<div class=\"wp-block-dbec-core-accordion-item\"><a-expandable id=\"\" class=\"accordion-item\"><button type=\"button\" slot=\"toggle\" class=\"accordion-item__bar\"><h3 class=\"accordion-item__label\">Memberships<\/h3><svg class=\"accordion-item__arrow\" aria-hidden=\"true\"><use xlink:href=\"#icon-arrow-down\" \/><\/svg><\/button><div class=\"accordion-item__content\"><div class=\"layout-content\">\n<p>We are currently members of the following (inter alia): UIC, UITP, VDEI, VDV, DVWG and in other national and international specialist and trade associations. We are also registered with international financing institutions.<\/p>\n<\/div><\/div><\/a-expandable><\/div>\n<\/div><\/div><\/div>\n<\/div><\/div>\n\n\n\n<div class=\"wp-block-dbec-core-layout-column  column is-6-small is-2-medium is-offset-left-1-medium column--expanded\"><div class=\"layout-column\"><div class=\"wp-block-dbec-core-social-sharing\"><div class=\"social-sharing\" data-subject=\"Here is an article for you: [TITLE]\" data-recipient=\"mail recipient en\" data-body=\"Here is an article by DB Engineering &#038; Consulting for you: [TITLE] at [LINK]\"><span class=\"social-sharing__label\">Share<\/span><div class=\"social-sharing__links\"><a class=\"social-sharing__link social-sharing__link--linkedin\" href=\"\/\" target=\"_blank\" rel=\"noopener noreferrer\" aria-label=\"Link LinkedIn\"><svg class=\"social-sharing__icon\"><use xlink:href=\"#icon-linked-in\"\/><\/svg><\/a><a class=\"social-sharing__link social-sharing__link--mail\" href=\"\/\" target=\"_blank\" rel=\"noopener noreferrer\" aria-label=\"Link Mail\"><svg class=\"social-sharing__icon\"><use xlink:href=\"#icon-mail\"\/><\/svg><\/a><\/div><\/div><\/div><\/div><\/div>\n<\/div><\/div>\n","protected":false},"excerpt":{"rendered":"","protected":false},"author":8,"featured_media":986,"parent":0,"menu_order":0,"comment_status":"closed","ping_status":"closed","template":"","meta":{"post_allow-other-domains":"","footnotes":""},"class_list":["post-3677","page","type-page","status-publish","has-post-thumbnail","hentry"],"yoast_head":"<!-- This site is optimized with the Yoast SEO Premium plugin v26.0 (Yoast SEO v27.4) - https:\/\/yoast.com\/product\/yoast-seo-premium-wordpress\/ -->\n<title>Company profile - facts &amp; figures | DB Engineering &amp; Consulting<\/title>\n<meta name=\"description\" content=\"Company Profile: Learn more about DB Engineering &amp; Consulting\u00b4s facts &amp; figures in this short overview of key information!\" \/>\n<meta name=\"robots\" content=\"index, follow, max-snippet:-1, max-image-preview:large, max-video-preview:-1\" \/>\n<link rel=\"canonical\" href=\"https:\/\/db-engineering-consulting.com\/en\/company-profile\/\" \/>\n<meta property=\"og:locale\" content=\"en_US\" \/>\n<meta property=\"og:type\" content=\"article\" \/>\n<meta property=\"og:title\" content=\"Company profile\" \/>\n<meta property=\"og:description\" content=\"Company Profile: Learn more about DB Engineering &amp; Consulting\u00b4s facts &amp; figures in this short overview of key information!\" \/>\n<meta property=\"og:url\" content=\"https:\/\/db-engineering-consulting.com\/en\/company-profile\/\" \/>\n<meta property=\"og:site_name\" content=\"DB Engineering &amp; Consulting\" \/>\n<meta property=\"article:modified_time\" content=\"2026-04-01T12:38:09+00:00\" \/>\n<meta property=\"og:image\" content=\"https:\/\/db-engineering-consulting.com\/wp-content\/uploads\/2020\/04\/EUREF_Geb\u00e4ude_Fiedler_Diana-scaled.jpg\" \/>\n\t<meta property=\"og:image:width\" content=\"2560\" \/>\n\t<meta property=\"og:image:height\" content=\"1057\" \/>\n\t<meta property=\"og:image:type\" content=\"image\/jpeg\" \/>\n<meta name=\"twitter:card\" content=\"summary_large_image\" \/>\n<meta name=\"twitter:label1\" content=\"Est. reading time\" \/>\n\t<meta name=\"twitter:data1\" content=\"2 minutes\" \/>\n<script type=\"application\/ld+json\" class=\"yoast-schema-graph\">{\"@context\":\"https:\\\/\\\/schema.org\",\"@graph\":[{\"@type\":\"WebPage\",\"@id\":\"https:\\\/\\\/db-engineering-consulting.com\\\/en\\\/company-profile\\\/\",\"url\":\"https:\\\/\\\/db-engineering-consulting.com\\\/en\\\/company-profile\\\/\",\"name\":\"Company profile - facts & figures | DB Engineering & Consulting\",\"isPartOf\":{\"@id\":\"https:\\\/\\\/db-engineering-consulting.com\\\/en\\\/#website\"},\"primaryImageOfPage\":{\"@id\":\"https:\\\/\\\/db-engineering-consulting.com\\\/en\\\/company-profile\\\/#primaryimage\"},\"image\":{\"@id\":\"https:\\\/\\\/db-engineering-consulting.com\\\/en\\\/company-profile\\\/#primaryimage\"},\"thumbnailUrl\":\"https:\\\/\\\/db-engineering-consulting.com\\\/wp-content\\\/uploads\\\/2020\\\/04\\\/EUREF_Geb\u00e4ude_Fiedler_Diana-scaled.jpg\",\"datePublished\":\"2020-04-30T18:30:48+00:00\",\"dateModified\":\"2026-04-01T12:38:09+00:00\",\"description\":\"Company Profile: Learn more about DB Engineering & Consulting\u00b4s facts & figures in this short overview of key information!\",\"breadcrumb\":{\"@id\":\"https:\\\/\\\/db-engineering-consulting.com\\\/en\\\/company-profile\\\/#breadcrumb\"},\"inLanguage\":\"en-US\",\"potentialAction\":[{\"@type\":\"ReadAction\",\"target\":[\"https:\\\/\\\/db-engineering-consulting.com\\\/en\\\/company-profile\\\/\"]}]},{\"@type\":\"ImageObject\",\"inLanguage\":\"en-US\",\"@id\":\"https:\\\/\\\/db-engineering-consulting.com\\\/en\\\/company-profile\\\/#primaryimage\",\"url\":\"https:\\\/\\\/db-engineering-consulting.com\\\/wp-content\\\/uploads\\\/2020\\\/04\\\/EUREF_Geb\u00e4ude_Fiedler_Diana-scaled.jpg\",\"contentUrl\":\"https:\\\/\\\/db-engineering-consulting.com\\\/wp-content\\\/uploads\\\/2020\\\/04\\\/EUREF_Geb\u00e4ude_Fiedler_Diana-scaled.jpg\",\"width\":2560,\"height\":1057,\"caption\":\"DB Engineering & Consulting\"},{\"@type\":\"BreadcrumbList\",\"@id\":\"https:\\\/\\\/db-engineering-consulting.com\\\/en\\\/company-profile\\\/#breadcrumb\",\"itemListElement\":[{\"@type\":\"ListItem\",\"position\":1,\"name\":\"Home\",\"item\":\"https:\\\/\\\/db-engineering-consulting.com\\\/en\\\/\"},{\"@type\":\"ListItem\",\"position\":2,\"name\":\"Company profile\"}]},{\"@type\":\"WebSite\",\"@id\":\"https:\\\/\\\/db-engineering-consulting.com\\\/en\\\/#website\",\"url\":\"https:\\\/\\\/db-engineering-consulting.com\\\/en\\\/\",\"name\":\"DB Engineering & Consulting\",\"description\":\"Part of DB E.C.O. Group\",\"publisher\":{\"@id\":\"https:\\\/\\\/db-engineering-consulting.com\\\/en\\\/#organization\"},\"potentialAction\":[{\"@type\":\"SearchAction\",\"target\":{\"@type\":\"EntryPoint\",\"urlTemplate\":\"https:\\\/\\\/db-engineering-consulting.com\\\/en\\\/?s={search_term_string}\"},\"query-input\":{\"@type\":\"PropertyValueSpecification\",\"valueRequired\":true,\"valueName\":\"search_term_string\"}}],\"inLanguage\":\"en-US\"},{\"@type\":\"Organization\",\"@id\":\"https:\\\/\\\/db-engineering-consulting.com\\\/en\\\/#organization\",\"name\":\"DB Engineering & Consulting GmbH\",\"url\":\"https:\\\/\\\/db-engineering-consulting.com\\\/en\\\/\",\"logo\":{\"@type\":\"ImageObject\",\"inLanguage\":\"en-US\",\"@id\":\"https:\\\/\\\/db-engineering-consulting.com\\\/en\\\/#\\\/schema\\\/logo\\\/image\\\/\",\"url\":\"https:\\\/\\\/db-engineering-consulting.com\\\/wp-content\\\/uploads\\\/2022\\\/10\\\/Logo_DB-EC-Part-of-ECO-Group-scaled.jpg\",\"contentUrl\":\"https:\\\/\\\/db-engineering-consulting.com\\\/wp-content\\\/uploads\\\/2022\\\/10\\\/Logo_DB-EC-Part-of-ECO-Group-scaled.jpg\",\"width\":2560,\"height\":454,\"caption\":\"DB Engineering & Consulting GmbH\"},\"image\":{\"@id\":\"https:\\\/\\\/db-engineering-consulting.com\\\/en\\\/#\\\/schema\\\/logo\\\/image\\\/\"},\"sameAs\":[\"https:\\\/\\\/www.linkedin.com\\\/company\\\/db-engineering-consulting\\\/\"],\"description\":\"DB Engineering & Consulting ist als Teil des integrierten Bahn-, Mobilit\u00e4ts- und Logistikkonzerns Deutsche Bahn in der Lage, das technische und betriebliche Fachwissen der DB national und international bereitzustellen. Das Unternehmen plant und realisiert komplexe, anforderungsgerechte Infrastruktur-, Mobilit\u00e4ts- und Transportl\u00f6sungen. Dabei stehen nachhaltige Konzepte im Fokus, die zur wirtschaftlichen Entwicklung von Regionen, zum Umweltschutz sowie zur Weiterentwicklung zukunftsf\u00e4higer Mobilit\u00e4t beitragen. Seit 1966 ist DB Engineering & Consulting in \u00fcber 100 L\u00e4ndern t\u00e4tig und hat Projekte in unterschiedlichsten Gr\u00f6\u00dfenordnungen umgesetzt. Mit mehr als 6.100 Mitarbeitenden aus 89 Nationen bringt das Unternehmen fachliche Kompetenz und interkulturelle Erfahrung in s\u00e4mtliche Projektphasen ein.\",\"email\":\"db-engineering-consulting@db-eco.com\",\"legalName\":\"DB Engineering & Consulting GmbH\",\"foundingDate\":\"1966-05-26\",\"vatID\":\"DE 114 139 523\",\"numberOfEmployees\":{\"@type\":\"QuantitativeValue\",\"minValue\":\"5001\",\"maxValue\":\"10000\"}}]}<\/script>\n<!-- \/ Yoast SEO Premium plugin. -->","yoast_head_json":{"title":"Company profile - facts & figures | DB Engineering & Consulting","description":"Company Profile: Learn more about DB Engineering & Consulting\u00b4s facts & figures in this short overview of key information!","robots":{"index":"index","follow":"follow","max-snippet":"max-snippet:-1","max-image-preview":"max-image-preview:large","max-video-preview":"max-video-preview:-1"},"canonical":"https:\/\/db-engineering-consulting.com\/en\/company-profile\/","og_locale":"en_US","og_type":"article","og_title":"Company profile","og_description":"Company Profile: Learn more about DB Engineering & Consulting\u00b4s facts & figures in this short overview of key information!","og_url":"https:\/\/db-engineering-consulting.com\/en\/company-profile\/","og_site_name":"DB Engineering &amp; Consulting","article_modified_time":"2026-04-01T12:38:09+00:00","og_image":[{"width":2560,"height":1057,"url":"https:\/\/db-engineering-consulting.com\/wp-content\/uploads\/2020\/04\/EUREF_Geb\u00e4ude_Fiedler_Diana-scaled.jpg","type":"image\/jpeg"}],"twitter_card":"summary_large_image","twitter_misc":{"Est. reading time":"2 minutes"},"schema":{"@context":"https:\/\/schema.org","@graph":[{"@type":"WebPage","@id":"https:\/\/db-engineering-consulting.com\/en\/company-profile\/","url":"https:\/\/db-engineering-consulting.com\/en\/company-profile\/","name":"Company profile - facts & figures | DB Engineering & Consulting","isPartOf":{"@id":"https:\/\/db-engineering-consulting.com\/en\/#website"},"primaryImageOfPage":{"@id":"https:\/\/db-engineering-consulting.com\/en\/company-profile\/#primaryimage"},"image":{"@id":"https:\/\/db-engineering-consulting.com\/en\/company-profile\/#primaryimage"},"thumbnailUrl":"https:\/\/db-engineering-consulting.com\/wp-content\/uploads\/2020\/04\/EUREF_Geb\u00e4ude_Fiedler_Diana-scaled.jpg","datePublished":"2020-04-30T18:30:48+00:00","dateModified":"2026-04-01T12:38:09+00:00","description":"Company Profile: Learn more about DB Engineering & Consulting\u00b4s facts & figures in this short overview of key information!","breadcrumb":{"@id":"https:\/\/db-engineering-consulting.com\/en\/company-profile\/#breadcrumb"},"inLanguage":"en-US","potentialAction":[{"@type":"ReadAction","target":["https:\/\/db-engineering-consulting.com\/en\/company-profile\/"]}]},{"@type":"ImageObject","inLanguage":"en-US","@id":"https:\/\/db-engineering-consulting.com\/en\/company-profile\/#primaryimage","url":"https:\/\/db-engineering-consulting.com\/wp-content\/uploads\/2020\/04\/EUREF_Geb\u00e4ude_Fiedler_Diana-scaled.jpg","contentUrl":"https:\/\/db-engineering-consulting.com\/wp-content\/uploads\/2020\/04\/EUREF_Geb\u00e4ude_Fiedler_Diana-scaled.jpg","width":2560,"height":1057,"caption":"DB Engineering & Consulting"},{"@type":"BreadcrumbList","@id":"https:\/\/db-engineering-consulting.com\/en\/company-profile\/#breadcrumb","itemListElement":[{"@type":"ListItem","position":1,"name":"Home","item":"https:\/\/db-engineering-consulting.com\/en\/"},{"@type":"ListItem","position":2,"name":"Company profile"}]},{"@type":"WebSite","@id":"https:\/\/db-engineering-consulting.com\/en\/#website","url":"https:\/\/db-engineering-consulting.com\/en\/","name":"DB Engineering & Consulting","description":"Part of DB E.C.O. Group","publisher":{"@id":"https:\/\/db-engineering-consulting.com\/en\/#organization"},"potentialAction":[{"@type":"SearchAction","target":{"@type":"EntryPoint","urlTemplate":"https:\/\/db-engineering-consulting.com\/en\/?s={search_term_string}"},"query-input":{"@type":"PropertyValueSpecification","valueRequired":true,"valueName":"search_term_string"}}],"inLanguage":"en-US"},{"@type":"Organization","@id":"https:\/\/db-engineering-consulting.com\/en\/#organization","name":"DB Engineering & Consulting GmbH","url":"https:\/\/db-engineering-consulting.com\/en\/","logo":{"@type":"ImageObject","inLanguage":"en-US","@id":"https:\/\/db-engineering-consulting.com\/en\/#\/schema\/logo\/image\/","url":"https:\/\/db-engineering-consulting.com\/wp-content\/uploads\/2022\/10\/Logo_DB-EC-Part-of-ECO-Group-scaled.jpg","contentUrl":"https:\/\/db-engineering-consulting.com\/wp-content\/uploads\/2022\/10\/Logo_DB-EC-Part-of-ECO-Group-scaled.jpg","width":2560,"height":454,"caption":"DB Engineering & Consulting GmbH"},"image":{"@id":"https:\/\/db-engineering-consulting.com\/en\/#\/schema\/logo\/image\/"},"sameAs":["https:\/\/www.linkedin.com\/company\/db-engineering-consulting\/"],"description":"DB Engineering & Consulting ist als Teil des integrierten Bahn-, Mobilit\u00e4ts- und Logistikkonzerns Deutsche Bahn in der Lage, das technische und betriebliche Fachwissen der DB national und international bereitzustellen. Das Unternehmen plant und realisiert komplexe, anforderungsgerechte Infrastruktur-, Mobilit\u00e4ts- und Transportl\u00f6sungen. Dabei stehen nachhaltige Konzepte im Fokus, die zur wirtschaftlichen Entwicklung von Regionen, zum Umweltschutz sowie zur Weiterentwicklung zukunftsf\u00e4higer Mobilit\u00e4t beitragen. Seit 1966 ist DB Engineering & Consulting in \u00fcber 100 L\u00e4ndern t\u00e4tig und hat Projekte in unterschiedlichsten Gr\u00f6\u00dfenordnungen umgesetzt. Mit mehr als 6.100 Mitarbeitenden aus 89 Nationen bringt das Unternehmen fachliche Kompetenz und interkulturelle Erfahrung in s\u00e4mtliche Projektphasen ein.","email":"db-engineering-consulting@db-eco.com","legalName":"DB Engineering & Consulting GmbH","foundingDate":"1966-05-26","vatID":"DE 114 139 523","numberOfEmployees":{"@type":"QuantitativeValue","minValue":"5001","maxValue":"10000"}}]}},"dbec_featured_media":{"source_url":"https:\/\/db-engineering-consulting.com\/wp-content\/uploads\/2020\/04\/EUREF_Geb\u00e4ude_Fiedler_Diana-300x124.jpg","source_set":"https:\/\/db-engineering-consulting.com\/wp-content\/uploads\/2020\/04\/EUREF_Geb\u00e4ude_Fiedler_Diana-300x124.jpg 300w, https:\/\/db-engineering-consulting.com\/wp-content\/uploads\/2020\/04\/EUREF_Geb\u00e4ude_Fiedler_Diana-1024x423.jpg 1024w, https:\/\/db-engineering-consulting.com\/wp-content\/uploads\/2020\/04\/EUREF_Geb\u00e4ude_Fiedler_Diana-768x317.jpg 768w, https:\/\/db-engineering-consulting.com\/wp-content\/uploads\/2020\/04\/EUREF_Geb\u00e4ude_Fiedler_Diana-1536x634.jpg 1536w, https:\/\/db-engineering-consulting.com\/wp-content\/uploads\/2020\/04\/EUREF_Geb\u00e4ude_Fiedler_Diana-2048x845.jpg 2048w, https:\/\/db-engineering-consulting.com\/wp-content\/uploads\/2020\/04\/EUREF_Geb\u00e4ude_Fiedler_Diana-520x215.jpg 520w, https:\/\/db-engineering-consulting.com\/wp-content\/uploads\/2020\/04\/EUREF_Geb\u00e4ude_Fiedler_Diana-1280x528.jpg 1280w, https:\/\/db-engineering-consulting.com\/wp-content\/uploads\/2020\/04\/EUREF_Geb\u00e4ude_Fiedler_Diana-1920x792.jpg 1920w","caption":"DB Engineering & Consulting","alt":""},"_links":{"self":[{"href":"https:\/\/db-engineering-consulting.com\/en\/wp-json\/wp\/v2\/pages\/3677","targetHints":{"allow":["GET"]}}],"collection":[{"href":"https:\/\/db-engineering-consulting.com\/en\/wp-json\/wp\/v2\/pages"}],"about":[{"href":"https:\/\/db-engineering-consulting.com\/en\/wp-json\/wp\/v2\/types\/page"}],"author":[{"embeddable":true,"href":"https:\/\/db-engineering-consulting.com\/en\/wp-json\/wp\/v2\/users\/8"}],"replies":[{"embeddable":true,"href":"https:\/\/db-engineering-consulting.com\/en\/wp-json\/wp\/v2\/comments?post=3677"}],"version-history":[{"count":23,"href":"https:\/\/db-engineering-consulting.com\/en\/wp-json\/wp\/v2\/pages\/3677\/revisions"}],"predecessor-version":[{"id":30212,"href":"https:\/\/db-engineering-consulting.com\/en\/wp-json\/wp\/v2\/pages\/3677\/revisions\/30212"}],"wp:featuredmedia":[{"embeddable":true,"href":"https:\/\/db-engineering-consulting.com\/en\/wp-json\/wp\/v2\/media\/986"}],"wp:attachment":[{"href":"https:\/\/db-engineering-consulting.com\/en\/wp-json\/wp\/v2\/media?parent=3677"}],"curies":[{"name":"wp","href":"https:\/\/api.w.org\/{rel}","templated":true}]}}