{"id":3933,"date":"2020-05-04T12:31:33","date_gmt":"2020-05-04T12:31:33","guid":{"rendered":"https:\/\/db-engineering-consulting.com\/karriere\/berufsbilder-2\/"},"modified":"2025-03-24T10:38:30","modified_gmt":"2025-03-24T10:38:30","slug":"jobs-worldwide","status":"publish","type":"page","link":"https:\/\/db-engineering-consulting.com\/en\/careers\/jobs-worldwide\/","title":{"rendered":"Areas of our expertise"},"content":{"rendered":"\n<div class=\"wp-block-dbec-core-layout-grid  layout-grid layout-grid--outer-margin-large layout-grid--expanded\"><div class=\"grid grid--child-margin-large\">\n<div class=\"wp-block-dbec-core-layout-column  column is-6-small is-6-medium column--expanded\"><div class=\"layout-column\"><nav class=\"breadcrumbs\"><div class=\"breadcrumbs__inner\"><a class=\"breadcrumbs__home\" href=\"https:\/\/db-engineering-consulting.com\/en\/\" aria-label=\"Link Home\"><svg class=\"breadcrumbs__home-icon\"><use xlink:href=\"#home\"><\/use><\/svg><\/a> <svg class=\"breadcrumbs__delimiter\"><use xlink:href=\"#icon-arrow-right\"><\/use><\/svg> <a href=\"https:\/\/db-engineering-consulting.com\/en\/careers\/\">Careers<\/a> <svg class=\"breadcrumbs__delimiter\"><use xlink:href=\"#icon-arrow-right\"><\/use><\/svg> <span class=\"breadcrumbs__actual-page\">Areas of our expertise<\/span><\/div><\/nav><\/div><\/div>\n<\/div><\/div>\n\n\n\n<div class=\"wp-block-dbec-core-layout-grid  layout-grid layout-grid--outer-margin-small layout-grid--expanded\"><div class=\"grid grid--child-margin-small\">\n<div class=\"wp-block-dbec-core-layout-column  column is-6-small is-3-medium column--expanded\"><div class=\"layout-column\">\n<h1 class=\"wp-block-heading headline-h2\">Areas of our expertise<\/h1>\n\n\n\n<div class=\"wp-block-dbec-core-sub-headline\"><p class=\"sub-headline\">With our sustainable approach, gained from decades of experience delivering railway projects, we ensure the future success of economic regions, make important contributions to the protection of the environment and help shape the world of the future.<\/p><\/div>\n\n\n\n<p><\/p>\n<\/div><\/div>\n\n\n\n<div class=\"wp-block-dbec-core-layout-column  column is-6-small is-2-medium is-offset-left-1-medium column--expanded\"><div class=\"layout-column\">\n<div class=\"wp-block-dbec-core-layout-text  wp-block-dbec-core-layout-text--expanded\"><div class=\"layout-column layout-column--text\"><div class=\"wp-block-dbec-core-social-sharing\"><div class=\"social-sharing\" data-subject=\"Here is an article for you: [TITLE]\" data-recipient=\"mail recipient en\" data-body=\"Here is an article by DB Engineering &#038; Consulting for you: [TITLE] at [LINK]\"><span class=\"social-sharing__label\">Share<\/span><div class=\"social-sharing__links\"><a class=\"social-sharing__link social-sharing__link--linkedin\" href=\"\/\" target=\"_blank\" rel=\"noopener noreferrer\" aria-label=\"Link LinkedIn\"><svg class=\"social-sharing__icon\"><use xlink:href=\"#icon-linked-in\"\/><\/svg><\/a><a class=\"social-sharing__link social-sharing__link--mail\" href=\"\/\" target=\"_blank\" rel=\"noopener noreferrer\" aria-label=\"Link Mail\"><svg class=\"social-sharing__icon\"><use xlink:href=\"#icon-mail\"\/><\/svg><\/a><\/div><\/div><\/div>\n\n\n<div class=\"wp-block-dbec-core-base-button\"><div class=\"wrapper-base-button wrapper-base-button--left\"><a class=\"base-button base-button--ghost\" href=\"https:\/\/www.linkedin.com\/company\/db-engineering-consulting\/mycompany\/?viewAsMember=true\" target=\"_blank\" rel=\"noopener\"><span class=\"base-button__label\">Follow us on LinkedIn<\/span><svg class=\"base-button__icon\"><use xlink:href=\"#icon-link\" \/><\/svg><\/a><\/div><\/div>\n<\/div><\/div>\n<\/div><\/div>\n<\/div><\/div>\n\n\n\n<div class=\"wp-block-dbec-core-layout-grid  layout-grid layout-grid--outer-margin-none layout-grid--expanded\"><div class=\"grid grid--child-margin-small\">\n<div class=\"wp-block-dbec-core-layout-column  column is-6-small is-6-medium column--expanded\"><div class=\"layout-column\">\n<p>As part of the DB Group, we represent 180 years of rail experience and\u00a0our infrastructure projects\u00a0connect continents. We set the standard for transportation and modern mobility. We rely on innovative methods for our complex projects. Therefore, we are looking for passionate experts who share our commitment to provide tailor-made solutions for our customers. There is a particular demand for expertise in the subdisciplines of operations, signaling, telecoms, trackwork, slab track, track maintenance, power supply, overhead catenary systems, rolling stock and project management\/ program management.<\/p>\n\n\n\n<div class=\"wp-block-dbec-core-centered-headline\"><div class=\"centered-headline\"><h2 class=\"centered-headline__text\">Your profile is a combination of the three elements below? Great &#8211; welcome!<\/h2><\/div><\/div>\n\n\n\n<div class=\"wp-block-dbec-core-icons  wp-block-dbec-core-icons-item--expanded\"><div class=\"icons__wrapper\">\n<div class=\"wp-block-dbec-core-icons-item\"><div class=\"icons__inner\"><img decoding=\"async\" class=\"icons__image\" src=\"https:\/\/db-engineering-consulting.com\/wp-content\/uploads\/2025\/03\/icon_project.svg\" alt=\"Career - project icon\" loading=\"lazy\"\/><div class=\"icons__headline\">Project Phase<\/div><div class=\"icons__copy\">Design | Design Review | Feasibility Study | Operation \/ Maintenance | Supervision Testing \/ Commissioning<\/div><\/div><\/div>\n\n\n\n<div class=\"wp-block-dbec-core-icons-item\"><div class=\"icons__inner\"><img decoding=\"async\" class=\"icons__image\" src=\"https:\/\/db-engineering-consulting.com\/wp-content\/uploads\/2025\/03\/icon_areasofexpertise.svg\" alt=\"Careers - icon areas of expertise\" loading=\"lazy\"\/><div class=\"icons__headline\">Areas of Expertise<\/div><div class=\"icons__copy\">Alignment | Building \/ Architecture | Geology \/ Survey | HSEQ | Logistics | MEP | OCS | Project Management | Power Supply | RAMS | Rolling Stock | Signalling | Telecommunication | Trackwork<\/div><\/div><\/div>\n\n\n\n<div class=\"wp-block-dbec-core-icons-item\"><div class=\"icons__inner\"><img decoding=\"async\" class=\"icons__image\" src=\"https:\/\/db-engineering-consulting.com\/wp-content\/uploads\/2025\/03\/icon_system.svg\" alt=\"Career: icon system\" loading=\"lazy\"\/><div class=\"icons__headline\">System Type<\/div><div class=\"icons__copy\">High Speed | Long Distance | Metro \/ LRT \/ LRV \/ Tram<\/div><\/div><\/div>\n<\/div><\/div>\n\n\n\n<div class=\"wp-block-dbec-core-text-image-teaser  text-image-teaser--align-image-right\"><div class=\"text-image-teaser text-image-teaser--align-image-right text-image-teaser--fade-in-static\"><div class=\"grid\"><div class=\"column is-6-small is-4-medium text-image-teaser__column-image\"><div class=\"text-image-teaser__wrapper-media\">\n<div class=\"wp-block-dbec-core-figure\"><figure class=\"figure\"><div class=\"figure__inner\"><img decoding=\"async\" class=\"figure__image\" src=\"https:\/\/db-engineering-consulting.com\/wp-content\/uploads\/2025\/03\/dbec2006k_dusan-petkovic_stock.adobe_.com_.jpg\" srcset=\"https:\/\/db-engineering-consulting.com\/wp-content\/uploads\/2025\/03\/dbec2006k_dusan-petkovic_stock.adobe_.com_-300x200.jpg 300w, https:\/\/db-engineering-consulting.com\/wp-content\/uploads\/2025\/03\/dbec2006k_dusan-petkovic_stock.adobe_.com_-1024x682.jpg 1024w, https:\/\/db-engineering-consulting.com\/wp-content\/uploads\/2025\/03\/dbec2006k_dusan-petkovic_stock.adobe_.com_-150x150.jpg 150w, https:\/\/db-engineering-consulting.com\/wp-content\/uploads\/2025\/03\/dbec2006k_dusan-petkovic_stock.adobe_.com_-768x512.jpg 768w, https:\/\/db-engineering-consulting.com\/wp-content\/uploads\/2025\/03\/dbec2006k_dusan-petkovic_stock.adobe_.com_-1536x1023.jpg 1536w, https:\/\/db-engineering-consulting.com\/wp-content\/uploads\/2025\/03\/dbec2006k_dusan-petkovic_stock.adobe_.com_-520x346.jpg 520w, https:\/\/db-engineering-consulting.com\/wp-content\/uploads\/2025\/03\/dbec2006k_dusan-petkovic_stock.adobe_.com_-768x512.jpg 768w, https:\/\/db-engineering-consulting.com\/wp-content\/uploads\/2025\/03\/dbec2006k_dusan-petkovic_stock.adobe_.com_-1280x853.jpg 1280w\" alt=\"Career - Areas of expertise\" width=\"1600\" height=\"1066\" loading=\"lazy\" sizes=\"auto, (min-width: 1330px) 1200px, (min-width: 768px) calc(100vw - 130px), calc(100vw - 60px)\"\/><div class=\"label-reference\" data-image-reference=\"<p&gt;Dusan Petkovic &#8211; stock.adobe.com<\/p&gt;\n\"><\/div><\/div><\/figure><\/div>\n<\/div><\/div><div class=\"column is-6-small is-2-medium text-image-teaser__column-text\"><div class=\"text-image-teaser__container-text\"><h2 class=\"text-image-teaser__headline\">Join our team of experts<\/h2><p class=\"text-image-teaser__copy\">Take on responsibility in DB infrastructure projects in the areas of construction supervision, design, validation and project management right from the start.<\/p><a class=\"base-button base-button--ghost\" href=\"https:\/\/db.jobs\/service\/search\/en-en\/5379744?qli=true&amp;query=&amp;queryJoined=&amp;itemsPerPage=10&amp;pageNum=0&amp;legalentity=DB+Engineering+%26+Consulting+GmbH&amp;clickedFacet=legalentity\" target=\"_blank\" rel=\"noopener noreferrer\"><span class=\"base-button__label\">Our vacancies<\/span><svg class=\"base-button__icon\"><use xlink:href=\"#icon-link\" \/><\/svg><\/a><\/div><\/div><\/div><\/div><\/div>\n<\/div><\/div>\n<\/div><\/div>\n","protected":false},"excerpt":{"rendered":"","protected":false},"author":8,"featured_media":27106,"parent":3288,"menu_order":0,"comment_status":"closed","ping_status":"closed","template":"","meta":{"post_allow-other-domains":"","footnotes":""},"class_list":["post-3933","page","type-page","status-publish","has-post-thumbnail","hentry"],"yoast_head":"<!-- This site is optimized with the Yoast SEO Premium plugin v26.0 (Yoast SEO v27.3) - https:\/\/yoast.com\/product\/yoast-seo-premium-wordpress\/ -->\n<title>Jobs worldwide: learn about our areas of expertise | DB E&amp;C<\/title>\n<meta name=\"description\" content=\"Jobs worldwide: We are seeking experts who are committed to provide custom-fit solutions, shaping the railways of tomorrow. Apply now!\" \/>\n<meta name=\"robots\" content=\"index, follow, max-snippet:-1, max-image-preview:large, max-video-preview:-1\" \/>\n<link rel=\"canonical\" href=\"https:\/\/db-engineering-consulting.com\/en\/careers\/jobs-worldwide\/\" \/>\n<meta property=\"og:locale\" content=\"en_US\" \/>\n<meta property=\"og:type\" content=\"article\" \/>\n<meta property=\"og:title\" content=\"Areas of our expertise\" \/>\n<meta property=\"og:description\" content=\"Jobs worldwide: We are seeking experts who are committed to provide custom-fit solutions, shaping the railways of tomorrow. Apply now!\" \/>\n<meta property=\"og:url\" content=\"https:\/\/db-engineering-consulting.com\/en\/careers\/jobs-worldwide\/\" \/>\n<meta property=\"og:site_name\" content=\"DB Engineering &amp; Consulting\" \/>\n<meta property=\"article:modified_time\" content=\"2025-03-24T10:38:30+00:00\" \/>\n<meta property=\"og:image\" content=\"https:\/\/db-engineering-consulting.com\/wp-content\/uploads\/2025\/03\/dbec2006k_dusan-petkovic_stock.adobe_.com_.jpg\" \/>\n\t<meta property=\"og:image:width\" content=\"1600\" \/>\n\t<meta property=\"og:image:height\" content=\"1066\" \/>\n\t<meta property=\"og:image:type\" content=\"image\/jpeg\" \/>\n<meta name=\"twitter:card\" content=\"summary_large_image\" \/>\n<meta name=\"twitter:label1\" content=\"Est. reading time\" \/>\n\t<meta name=\"twitter:data1\" content=\"3 minutes\" \/>\n<script type=\"application\/ld+json\" class=\"yoast-schema-graph\">{\"@context\":\"https:\\\/\\\/schema.org\",\"@graph\":[{\"@type\":\"WebPage\",\"@id\":\"https:\\\/\\\/db-engineering-consulting.com\\\/en\\\/careers\\\/jobs-worldwide\\\/\",\"url\":\"https:\\\/\\\/db-engineering-consulting.com\\\/en\\\/careers\\\/jobs-worldwide\\\/\",\"name\":\"Jobs worldwide: learn about our areas of expertise | DB E&C\",\"isPartOf\":{\"@id\":\"https:\\\/\\\/db-engineering-consulting.com\\\/en\\\/#website\"},\"primaryImageOfPage\":{\"@id\":\"https:\\\/\\\/db-engineering-consulting.com\\\/en\\\/careers\\\/jobs-worldwide\\\/#primaryimage\"},\"image\":{\"@id\":\"https:\\\/\\\/db-engineering-consulting.com\\\/en\\\/careers\\\/jobs-worldwide\\\/#primaryimage\"},\"thumbnailUrl\":\"https:\\\/\\\/db-engineering-consulting.com\\\/wp-content\\\/uploads\\\/2025\\\/03\\\/dbec2006k_dusan-petkovic_stock.adobe_.com_-e1743083353646.jpg\",\"datePublished\":\"2020-05-04T12:31:33+00:00\",\"dateModified\":\"2025-03-24T10:38:30+00:00\",\"description\":\"Jobs worldwide: We are seeking experts who are committed to provide custom-fit solutions, shaping the railways of tomorrow. Apply now!\",\"breadcrumb\":{\"@id\":\"https:\\\/\\\/db-engineering-consulting.com\\\/en\\\/careers\\\/jobs-worldwide\\\/#breadcrumb\"},\"inLanguage\":\"en-US\",\"potentialAction\":[{\"@type\":\"ReadAction\",\"target\":[\"https:\\\/\\\/db-engineering-consulting.com\\\/en\\\/careers\\\/jobs-worldwide\\\/\"]}]},{\"@type\":\"ImageObject\",\"inLanguage\":\"en-US\",\"@id\":\"https:\\\/\\\/db-engineering-consulting.com\\\/en\\\/careers\\\/jobs-worldwide\\\/#primaryimage\",\"url\":\"https:\\\/\\\/db-engineering-consulting.com\\\/wp-content\\\/uploads\\\/2025\\\/03\\\/dbec2006k_dusan-petkovic_stock.adobe_.com_-e1743083353646.jpg\",\"contentUrl\":\"https:\\\/\\\/db-engineering-consulting.com\\\/wp-content\\\/uploads\\\/2025\\\/03\\\/dbec2006k_dusan-petkovic_stock.adobe_.com_-e1743083353646.jpg\",\"width\":1600,\"height\":1066,\"caption\":\"dusan petkovic - stock.adobe.com\"},{\"@type\":\"BreadcrumbList\",\"@id\":\"https:\\\/\\\/db-engineering-consulting.com\\\/en\\\/careers\\\/jobs-worldwide\\\/#breadcrumb\",\"itemListElement\":[{\"@type\":\"ListItem\",\"position\":1,\"name\":\"Home\",\"item\":\"https:\\\/\\\/db-engineering-consulting.com\\\/en\\\/\"},{\"@type\":\"ListItem\",\"position\":2,\"name\":\"Careers\",\"item\":\"https:\\\/\\\/db-engineering-consulting.com\\\/en\\\/careers\\\/\"},{\"@type\":\"ListItem\",\"position\":3,\"name\":\"Areas of our expertise\"}]},{\"@type\":\"WebSite\",\"@id\":\"https:\\\/\\\/db-engineering-consulting.com\\\/en\\\/#website\",\"url\":\"https:\\\/\\\/db-engineering-consulting.com\\\/en\\\/\",\"name\":\"DB Engineering & Consulting\",\"description\":\"Part of DB E.C.O. Group\",\"publisher\":{\"@id\":\"https:\\\/\\\/db-engineering-consulting.com\\\/en\\\/#organization\"},\"potentialAction\":[{\"@type\":\"SearchAction\",\"target\":{\"@type\":\"EntryPoint\",\"urlTemplate\":\"https:\\\/\\\/db-engineering-consulting.com\\\/en\\\/?s={search_term_string}\"},\"query-input\":{\"@type\":\"PropertyValueSpecification\",\"valueRequired\":true,\"valueName\":\"search_term_string\"}}],\"inLanguage\":\"en-US\"},{\"@type\":\"Organization\",\"@id\":\"https:\\\/\\\/db-engineering-consulting.com\\\/en\\\/#organization\",\"name\":\"DB Engineering & Consulting GmbH\",\"url\":\"https:\\\/\\\/db-engineering-consulting.com\\\/en\\\/\",\"logo\":{\"@type\":\"ImageObject\",\"inLanguage\":\"en-US\",\"@id\":\"https:\\\/\\\/db-engineering-consulting.com\\\/en\\\/#\\\/schema\\\/logo\\\/image\\\/\",\"url\":\"https:\\\/\\\/db-engineering-consulting.com\\\/wp-content\\\/uploads\\\/2022\\\/10\\\/Logo_DB-EC-Part-of-ECO-Group-scaled.jpg\",\"contentUrl\":\"https:\\\/\\\/db-engineering-consulting.com\\\/wp-content\\\/uploads\\\/2022\\\/10\\\/Logo_DB-EC-Part-of-ECO-Group-scaled.jpg\",\"width\":2560,\"height\":454,\"caption\":\"DB Engineering & Consulting GmbH\"},\"image\":{\"@id\":\"https:\\\/\\\/db-engineering-consulting.com\\\/en\\\/#\\\/schema\\\/logo\\\/image\\\/\"},\"sameAs\":[\"https:\\\/\\\/www.linkedin.com\\\/company\\\/db-engineering-consulting\\\/\"],\"description\":\"DB Engineering & Consulting ist als Teil des integrierten Bahn-, Mobilit\u00e4ts- und Logistikkonzerns Deutsche Bahn in der Lage, das technische und betriebliche Fachwissen der DB national und international bereitzustellen. Das Unternehmen plant und realisiert komplexe, anforderungsgerechte Infrastruktur-, Mobilit\u00e4ts- und Transportl\u00f6sungen. Dabei stehen nachhaltige Konzepte im Fokus, die zur wirtschaftlichen Entwicklung von Regionen, zum Umweltschutz sowie zur Weiterentwicklung zukunftsf\u00e4higer Mobilit\u00e4t beitragen. Seit 1966 ist DB Engineering & Consulting in \u00fcber 100 L\u00e4ndern t\u00e4tig und hat Projekte in unterschiedlichsten Gr\u00f6\u00dfenordnungen umgesetzt. Mit mehr als 6.100 Mitarbeitenden aus 89 Nationen bringt das Unternehmen fachliche Kompetenz und interkulturelle Erfahrung in s\u00e4mtliche Projektphasen ein.\",\"email\":\"db-engineering-consulting@db-eco.com\",\"legalName\":\"DB Engineering & Consulting GmbH\",\"foundingDate\":\"1966-05-26\",\"vatID\":\"DE 114 139 523\",\"numberOfEmployees\":{\"@type\":\"QuantitativeValue\",\"minValue\":\"5001\",\"maxValue\":\"10000\"}}]}<\/script>\n<!-- \/ Yoast SEO Premium plugin. -->","yoast_head_json":{"title":"Jobs worldwide: learn about our areas of expertise | DB E&C","description":"Jobs worldwide: We are seeking experts who are committed to provide custom-fit solutions, shaping the railways of tomorrow. Apply now!","robots":{"index":"index","follow":"follow","max-snippet":"max-snippet:-1","max-image-preview":"max-image-preview:large","max-video-preview":"max-video-preview:-1"},"canonical":"https:\/\/db-engineering-consulting.com\/en\/careers\/jobs-worldwide\/","og_locale":"en_US","og_type":"article","og_title":"Areas of our expertise","og_description":"Jobs worldwide: We are seeking experts who are committed to provide custom-fit solutions, shaping the railways of tomorrow. Apply now!","og_url":"https:\/\/db-engineering-consulting.com\/en\/careers\/jobs-worldwide\/","og_site_name":"DB Engineering &amp; Consulting","article_modified_time":"2025-03-24T10:38:30+00:00","og_image":[{"width":1600,"height":1066,"url":"https:\/\/db-engineering-consulting.com\/wp-content\/uploads\/2025\/03\/dbec2006k_dusan-petkovic_stock.adobe_.com_.jpg","type":"image\/jpeg"}],"twitter_card":"summary_large_image","twitter_misc":{"Est. reading time":"3 minutes"},"schema":{"@context":"https:\/\/schema.org","@graph":[{"@type":"WebPage","@id":"https:\/\/db-engineering-consulting.com\/en\/careers\/jobs-worldwide\/","url":"https:\/\/db-engineering-consulting.com\/en\/careers\/jobs-worldwide\/","name":"Jobs worldwide: learn about our areas of expertise | DB E&C","isPartOf":{"@id":"https:\/\/db-engineering-consulting.com\/en\/#website"},"primaryImageOfPage":{"@id":"https:\/\/db-engineering-consulting.com\/en\/careers\/jobs-worldwide\/#primaryimage"},"image":{"@id":"https:\/\/db-engineering-consulting.com\/en\/careers\/jobs-worldwide\/#primaryimage"},"thumbnailUrl":"https:\/\/db-engineering-consulting.com\/wp-content\/uploads\/2025\/03\/dbec2006k_dusan-petkovic_stock.adobe_.com_-e1743083353646.jpg","datePublished":"2020-05-04T12:31:33+00:00","dateModified":"2025-03-24T10:38:30+00:00","description":"Jobs worldwide: We are seeking experts who are committed to provide custom-fit solutions, shaping the railways of tomorrow. Apply now!","breadcrumb":{"@id":"https:\/\/db-engineering-consulting.com\/en\/careers\/jobs-worldwide\/#breadcrumb"},"inLanguage":"en-US","potentialAction":[{"@type":"ReadAction","target":["https:\/\/db-engineering-consulting.com\/en\/careers\/jobs-worldwide\/"]}]},{"@type":"ImageObject","inLanguage":"en-US","@id":"https:\/\/db-engineering-consulting.com\/en\/careers\/jobs-worldwide\/#primaryimage","url":"https:\/\/db-engineering-consulting.com\/wp-content\/uploads\/2025\/03\/dbec2006k_dusan-petkovic_stock.adobe_.com_-e1743083353646.jpg","contentUrl":"https:\/\/db-engineering-consulting.com\/wp-content\/uploads\/2025\/03\/dbec2006k_dusan-petkovic_stock.adobe_.com_-e1743083353646.jpg","width":1600,"height":1066,"caption":"dusan petkovic - stock.adobe.com"},{"@type":"BreadcrumbList","@id":"https:\/\/db-engineering-consulting.com\/en\/careers\/jobs-worldwide\/#breadcrumb","itemListElement":[{"@type":"ListItem","position":1,"name":"Home","item":"https:\/\/db-engineering-consulting.com\/en\/"},{"@type":"ListItem","position":2,"name":"Careers","item":"https:\/\/db-engineering-consulting.com\/en\/careers\/"},{"@type":"ListItem","position":3,"name":"Areas of our expertise"}]},{"@type":"WebSite","@id":"https:\/\/db-engineering-consulting.com\/en\/#website","url":"https:\/\/db-engineering-consulting.com\/en\/","name":"DB Engineering & Consulting","description":"Part of DB E.C.O. Group","publisher":{"@id":"https:\/\/db-engineering-consulting.com\/en\/#organization"},"potentialAction":[{"@type":"SearchAction","target":{"@type":"EntryPoint","urlTemplate":"https:\/\/db-engineering-consulting.com\/en\/?s={search_term_string}"},"query-input":{"@type":"PropertyValueSpecification","valueRequired":true,"valueName":"search_term_string"}}],"inLanguage":"en-US"},{"@type":"Organization","@id":"https:\/\/db-engineering-consulting.com\/en\/#organization","name":"DB Engineering & Consulting GmbH","url":"https:\/\/db-engineering-consulting.com\/en\/","logo":{"@type":"ImageObject","inLanguage":"en-US","@id":"https:\/\/db-engineering-consulting.com\/en\/#\/schema\/logo\/image\/","url":"https:\/\/db-engineering-consulting.com\/wp-content\/uploads\/2022\/10\/Logo_DB-EC-Part-of-ECO-Group-scaled.jpg","contentUrl":"https:\/\/db-engineering-consulting.com\/wp-content\/uploads\/2022\/10\/Logo_DB-EC-Part-of-ECO-Group-scaled.jpg","width":2560,"height":454,"caption":"DB Engineering & Consulting GmbH"},"image":{"@id":"https:\/\/db-engineering-consulting.com\/en\/#\/schema\/logo\/image\/"},"sameAs":["https:\/\/www.linkedin.com\/company\/db-engineering-consulting\/"],"description":"DB Engineering & Consulting ist als Teil des integrierten Bahn-, Mobilit\u00e4ts- und Logistikkonzerns Deutsche Bahn in der Lage, das technische und betriebliche Fachwissen der DB national und international bereitzustellen. Das Unternehmen plant und realisiert komplexe, anforderungsgerechte Infrastruktur-, Mobilit\u00e4ts- und Transportl\u00f6sungen. Dabei stehen nachhaltige Konzepte im Fokus, die zur wirtschaftlichen Entwicklung von Regionen, zum Umweltschutz sowie zur Weiterentwicklung zukunftsf\u00e4higer Mobilit\u00e4t beitragen. Seit 1966 ist DB Engineering & Consulting in \u00fcber 100 L\u00e4ndern t\u00e4tig und hat Projekte in unterschiedlichsten Gr\u00f6\u00dfenordnungen umgesetzt. Mit mehr als 6.100 Mitarbeitenden aus 89 Nationen bringt das Unternehmen fachliche Kompetenz und interkulturelle Erfahrung in s\u00e4mtliche Projektphasen ein.","email":"db-engineering-consulting@db-eco.com","legalName":"DB Engineering & Consulting GmbH","foundingDate":"1966-05-26","vatID":"DE 114 139 523","numberOfEmployees":{"@type":"QuantitativeValue","minValue":"5001","maxValue":"10000"}}]}},"dbec_featured_media":{"source_url":"https:\/\/db-engineering-consulting.com\/wp-content\/uploads\/2025\/03\/dbec2006k_dusan-petkovic_stock.adobe_.com_-e1743083353646-300x200.jpg","source_set":"https:\/\/db-engineering-consulting.com\/wp-content\/uploads\/2025\/03\/dbec2006k_dusan-petkovic_stock.adobe_.com_-e1743083353646-300x200.jpg 300w, https:\/\/db-engineering-consulting.com\/wp-content\/uploads\/2025\/03\/dbec2006k_dusan-petkovic_stock.adobe_.com_-e1743083353646-1024x682.jpg 1024w, https:\/\/db-engineering-consulting.com\/wp-content\/uploads\/2025\/03\/dbec2006k_dusan-petkovic_stock.adobe_.com_-e1743083353646-768x512.jpg 768w, https:\/\/db-engineering-consulting.com\/wp-content\/uploads\/2025\/03\/dbec2006k_dusan-petkovic_stock.adobe_.com_-e1743083353646-1536x1023.jpg 1536w, https:\/\/db-engineering-consulting.com\/wp-content\/uploads\/2025\/03\/dbec2006k_dusan-petkovic_stock.adobe_.com_-e1743083353646-520x346.jpg 520w, https:\/\/db-engineering-consulting.com\/wp-content\/uploads\/2025\/03\/dbec2006k_dusan-petkovic_stock.adobe_.com_-e1743083353646-1280x853.jpg 1280w, https:\/\/db-engineering-consulting.com\/wp-content\/uploads\/2025\/03\/dbec2006k_dusan-petkovic_stock.adobe_.com_-e1743083353646.jpg 1600w","caption":"dusan petkovic - stock.adobe.com","alt":"Career - Areas of expertise"},"_links":{"self":[{"href":"https:\/\/db-engineering-consulting.com\/en\/wp-json\/wp\/v2\/pages\/3933","targetHints":{"allow":["GET"]}}],"collection":[{"href":"https:\/\/db-engineering-consulting.com\/en\/wp-json\/wp\/v2\/pages"}],"about":[{"href":"https:\/\/db-engineering-consulting.com\/en\/wp-json\/wp\/v2\/types\/page"}],"author":[{"embeddable":true,"href":"https:\/\/db-engineering-consulting.com\/en\/wp-json\/wp\/v2\/users\/8"}],"replies":[{"embeddable":true,"href":"https:\/\/db-engineering-consulting.com\/en\/wp-json\/wp\/v2\/comments?post=3933"}],"version-history":[{"count":2,"href":"https:\/\/db-engineering-consulting.com\/en\/wp-json\/wp\/v2\/pages\/3933\/revisions"}],"predecessor-version":[{"id":27109,"href":"https:\/\/db-engineering-consulting.com\/en\/wp-json\/wp\/v2\/pages\/3933\/revisions\/27109"}],"up":[{"embeddable":true,"href":"https:\/\/db-engineering-consulting.com\/en\/wp-json\/wp\/v2\/pages\/3288"}],"wp:featuredmedia":[{"embeddable":true,"href":"https:\/\/db-engineering-consulting.com\/en\/wp-json\/wp\/v2\/media\/27106"}],"wp:attachment":[{"href":"https:\/\/db-engineering-consulting.com\/en\/wp-json\/wp\/v2\/media?parent=3933"}],"curies":[{"name":"wp","href":"https:\/\/api.w.org\/{rel}","templated":true}]}}