{"id":8512,"date":"2020-10-28T15:22:37","date_gmt":"2020-10-28T15:22:37","guid":{"rendered":"https:\/\/db-engineering-consulting.com\/?page_id=8512"},"modified":"2025-05-06T23:48:54","modified_gmt":"2025-05-06T23:48:54","slug":"used-and-refurbished-rolling-stock","status":"publish","type":"page","link":"https:\/\/db-engineering-consulting.com\/en\/used-and-refurbished-rolling-stock\/","title":{"rendered":"Used and refurbished rolling stock"},"content":{"rendered":"\n<div class=\"wp-block-dbec-core-layout-grid  layout-grid layout-grid--outer-margin-none layout-grid--expanded\"><div class=\"grid grid--child-margin-large\">\n<div class=\"wp-block-dbec-core-layout-column  column is-6-small is-6-medium full-width column--expanded\"><div class=\"layout-column\">\n<div class=\"wp-block-dbec-core-header-gallery  undefined--expanded\" data-delay=\"4\" data-auto-swipe=\"false\"><div class=\"gallery gallery--bullets-outside gallery--static\"><div class=\"glide\"><div class=\"glide__track\" data-glide-el=\"track\"><ul class=\"glide__slides\">\n<li class=\"wp-block-dbec-core-slide-header  glide__slide\" data-autoplay=\"false\"><div class=\"slide-header slide-header--banner-height\"><div><img loading=\"lazy\" decoding=\"async\" class=\"slide-header__image\" src=\"https:\/\/db-engineering-consulting.com\/wp-content\/uploads\/2020\/10\/dbec1844k.jpg\" srcset=\"https:\/\/db-engineering-consulting.com\/wp-content\/uploads\/2020\/10\/dbec1844k-150x150.jpg 150w, https:\/\/db-engineering-consulting.com\/wp-content\/uploads\/2020\/10\/dbec1844k-300x200.jpg 300w, https:\/\/db-engineering-consulting.com\/wp-content\/uploads\/2020\/10\/dbec1844k-1024x683.jpg 640w, https:\/\/db-engineering-consulting.com\/wp-content\/uploads\/2020\/10\/dbec1844k-520x347.jpg 520w, https:\/\/db-engineering-consulting.com\/wp-content\/uploads\/2020\/10\/dbec1844k-768x512.jpg 640w, https:\/\/db-engineering-consulting.com\/wp-content\/uploads\/2020\/10\/dbec1844k-1280x854.jpg 640w, https:\/\/db-engineering-consulting.com\/wp-content\/uploads\/2020\/10\/dbec1844k-1600x700.jpg 640w\" alt=\"Gebrauchtz\u00fcge - Leistungen der DB E&amp;C\" width=\"1600\" height=\"1067\"\/><div class=\"slide-header__cover\"><\/div><\/div><div class=\"label-reference-container\"><div class=\"label-reference label-reference--static\" data-image-reference=\"Nikada via Getty Images\"><\/div><\/div><div class=\"slide-header__inner\"><div class=\"slide-header__center\"><div class=\"slide-header__container-headlines\"><h1 class=\"slide-header__headline\">Used and refurbished rolling stock<div class=\"slide-header__pulse-wrapper\"><div class=\"slide-header__pulse-line\"><\/div><\/div><\/h1><div class=\"slide-header__sub-headline\">Learn all about our services<\/div><\/div><\/div><\/div><\/div><\/li>\n<\/ul><\/div><div class=\"glide__footer\"><div class=\"glide__play-pause\"><button type=\"button\" class=\"glide__play-pause-button\" aria-label=\"play\/pause automatic swipe\"><svg aria-hidden=\"true\" class=\"controls__icon-pause\"><use xlink:href=\"#icon-pause\" \/><\/svg><svg aria-hidden=\"true\" class=\"controls__icon-play\"><use xlink:href=\"#icon-play-small\" \/><\/svg><\/button><\/div><div class=\"glide__bullets\" data-glide-el=\"controls[nav]\"><button class=\"glide__bullet\" aria-label=\"Go to slide 1\" data-glide-dir=\"=0\"><\/button><\/div><div><\/div><\/div><\/div><\/div><\/div>\n<\/div><\/div>\n<\/div><\/div>\n\n\n\n<div class=\"wp-block-dbec-core-layout-grid  layout-grid layout-grid--outer-margin-small layout-grid--expanded\"><div class=\"grid grid--child-margin-small\">\n<div class=\"wp-block-dbec-core-layout-column  column is-6-small is-6-medium column--expanded\"><div class=\"layout-column\"><nav class=\"breadcrumbs\"><div class=\"breadcrumbs__inner\"><a class=\"breadcrumbs__home\" href=\"https:\/\/db-engineering-consulting.com\/en\/\" aria-label=\"Link Home\"><svg class=\"breadcrumbs__home-icon\"><use xlink:href=\"#home\"><\/use><\/svg><\/a> <svg class=\"breadcrumbs__delimiter\"><use xlink:href=\"#icon-arrow-right\"><\/use><\/svg> <span class=\"breadcrumbs__actual-page\">Used and refurbished rolling stock<\/span><\/div><\/nav><\/div><\/div>\n<\/div><\/div>\n\n\n\n<div class=\"wp-block-dbec-core-layout-grid  layout-grid layout-grid--outer-margin-small layout-grid--expanded\"><div class=\"grid grid--child-margin-small\">\n<div class=\"wp-block-dbec-core-layout-column  column is-6-small is-3-medium column--expanded\"><div class=\"layout-column\">\n<h2 class=\"wp-block-heading\"><strong>Used and refurbished rolling stock services at DB Engineering &amp; Consulting<\/strong><\/h2>\n\n\n\n<div class=\"wp-block-dbec-core-sub-headline\"><p class=\"sub-headline\">Our portfolio offers the right services for used and refurbished rolling stock<\/p><\/div>\n\n\n\n<p>Deploying used or refurbished rolling stock can be an efficient alternative to purchasing new vehicles. Yet, successful operation in new fields requires much more than meets the eye. As your partner, we offer support starting with the first analysis of your requirements, the selection and financing of vehicles and all the way to smooth operations and happy customers.<\/p>\n<\/div><\/div>\n\n\n\n<div class=\"wp-block-dbec-core-layout-column  column is-6-small is-2-medium is-offset-left-1-medium column--expanded\"><div class=\"layout-column\"><div class=\"wp-block-dbec-core-social-sharing\"><div class=\"social-sharing\" data-subject=\"Here is an article for you: [TITLE]\" data-recipient=\"mail recipient en\" data-body=\"Here is an article by DB Engineering &#038; Consulting for you: [TITLE] at [LINK]\"><span class=\"social-sharing__label\">Share<\/span><div class=\"social-sharing__links\"><a class=\"social-sharing__link social-sharing__link--linkedin\" href=\"\/\" target=\"_blank\" rel=\"noopener noreferrer\" aria-label=\"Link LinkedIn\"><svg class=\"social-sharing__icon\"><use xlink:href=\"#icon-linked-in\"\/><\/svg><\/a><a class=\"social-sharing__link social-sharing__link--mail\" href=\"\/\" target=\"_blank\" rel=\"noopener noreferrer\" aria-label=\"Link Mail\"><svg class=\"social-sharing__icon\"><use xlink:href=\"#icon-mail\"\/><\/svg><\/a><\/div><\/div><\/div>\n\n\n<h5 class=\"wp-block-heading\">For questions regarding our consulting services, please contact:<\/h5>\n\n\n<div class=\"contact-person\"><h3 class=\"contact-person__name\">Oliver Pietz<\/h3><div class=\"contact-person__position\">Director Business Development Consulting<\/div><div class=\"contact-person__address\"><\/div><a class=\"contact-person__link-communication\" href=\"mailto:Oliver.Pietz@deutschebahn.com\"><svg class=\"contact-person__icon-mail\"><use xlink:href=\"#icon-mail\"><\/use><\/svg><span>E-Mail<\/span><\/a><\/div>\n\n\n<h5 class=\"wp-block-heading\">For questions regarding our portfolio, please contact:<\/h5>\n\n\n<div class=\"contact-person\"><h3 class=\"contact-person__name\">Jan-Philipp Wolff<\/h3><div class=\"contact-person__position\">Portfolio Manager<\/div><div class=\"contact-person__address\"><\/div><a class=\"contact-person__link-communication\" href=\"mailto:jan-philipp.j.wolff@deutschebahn.com\"><svg class=\"contact-person__icon-mail\"><use xlink:href=\"#icon-mail\"><\/use><\/svg><span>E-Mail<\/span><\/a><\/div><\/div><\/div>\n<\/div><\/div>\n\n\n\n<div class=\"wp-block-dbec-core-layout-grid  layout-grid layout-grid--outer-margin-small layout-grid--expanded\"><div class=\"grid grid--child-margin-small\">\n<div class=\"wp-block-dbec-core-layout-column  column is-6-small is-6-medium column--expanded\"><div class=\"layout-column\">\n<div class=\"wp-block-dbec-core-accordion  wp-block-dbec-core-accordion--expanded\"><div class=\"accordion\" data-type=\"single\" data-initially-opened=\"false\"><div class=\"accordion__items\">\n<div class=\"wp-block-dbec-core-accordion-item\"><a-expandable id=\"\" class=\"accordion-item\"><button type=\"button\" slot=\"toggle\" class=\"accordion-item__bar\"><h3 class=\"accordion-item__label\">Modular consulting activities<\/h3><svg class=\"accordion-item__arrow\" aria-hidden=\"true\"><use xlink:href=\"#icon-arrow-down\" \/><\/svg><\/button><div class=\"accordion-item__content\"><div class=\"layout-content\">\n<ul class=\"wp-block-list\">\n<li>Authorization and registration of vehicles under national guidelines and regulations<\/li>\n\n\n\n<li>Development of transport concepts in rail passenger and rail freight transport<\/li>\n\n\n\n<li>Approval and homologation of national\/international standards<\/li>\n\n\n\n<li>Risk and quality management<\/li>\n\n\n\n<li>Project management<\/li>\n\n\n\n<li>Obsolescence management<\/li>\n\n\n\n<li>Systems integration<\/li>\n\n\n\n<li>Condition-based maintenance<\/li>\n<\/ul>\n<\/div><\/div><\/a-expandable><\/div>\n\n\n\n<div class=\"wp-block-dbec-core-accordion-item\"><a-expandable id=\"\" class=\"accordion-item\"><button type=\"button\" slot=\"toggle\" class=\"accordion-item__bar\"><h3 class=\"accordion-item__label\">Refurbishment<\/h3><svg class=\"accordion-item__arrow\" aria-hidden=\"true\"><use xlink:href=\"#icon-arrow-down\" \/><\/svg><\/button><div class=\"accordion-item__content\"><div class=\"layout-content\">\n<ul class=\"wp-block-list\">\n<li>Specifications<\/li>\n\n\n\n<li>Recommendation of partners for engineering and refurbishment<\/li>\n\n\n\n<li>Refurbishment supervision and quality assurance<\/li>\n\n\n\n<li>Testing and commissioning supervision<\/li>\n<\/ul>\n<\/div><\/div><\/a-expandable><\/div>\n\n\n\n<div class=\"wp-block-dbec-core-accordion-item\"><a-expandable id=\"\" class=\"accordion-item\"><button type=\"button\" slot=\"toggle\" class=\"accordion-item__bar\"><h3 class=\"accordion-item__label\">Professional Training<\/h3><svg class=\"accordion-item__arrow\" aria-hidden=\"true\"><use xlink:href=\"#icon-arrow-down\" \/><\/svg><\/button><div class=\"accordion-item__content\"><div class=\"layout-content\">\n<ul class=\"wp-block-list\">\n<li>Operations<\/li>\n\n\n\n<li>Maintenance<\/li>\n<\/ul>\n<\/div><\/div><\/a-expandable><\/div>\n\n\n\n<div class=\"wp-block-dbec-core-accordion-item\"><a-expandable id=\"\" class=\"accordion-item\"><button type=\"button\" slot=\"toggle\" class=\"accordion-item__bar\"><h3 class=\"accordion-item__label\">Operations and Maintenance <\/h3><svg class=\"accordion-item__arrow\" aria-hidden=\"true\"><use xlink:href=\"#icon-arrow-down\" \/><\/svg><\/button><div class=\"accordion-item__content\"><div class=\"layout-content\">\n<ul class=\"wp-block-list\">\n<li>Complete handling of operations and maintenance through Deutsche Bahn International Operations<\/li>\n<\/ul>\n\n\n\n<p><a href=\"https:\/\/io.deutschebahn.com\/\" target=\"_blank\" rel=\"noreferrer noopener\">Learn more about Deutsche Bahn International Operations<\/a><\/p>\n<\/div><\/div><\/a-expandable><\/div>\n\n\n\n<div class=\"wp-block-dbec-core-accordion-item\"><a-expandable id=\"\" class=\"accordion-item\"><button type=\"button\" slot=\"toggle\" class=\"accordion-item__bar\"><h3 class=\"accordion-item__label\">Financing and leasing <\/h3><svg class=\"accordion-item__arrow\" aria-hidden=\"true\"><use xlink:href=\"#icon-arrow-down\" \/><\/svg><\/button><div class=\"accordion-item__content\"><div class=\"layout-content\">\n<ul class=\"wp-block-list\">\n<li>Development of financing and leasing concepts<\/li>\n\n\n\n<li>Recommendation of and introduction to financing partners<\/li>\n<\/ul>\n<\/div><\/div><\/a-expandable><\/div>\n<\/div><\/div><\/div>\n<\/div><\/div>\n\n\n\n<div class=\"wp-block-dbec-core-layout-column  column is-6-small is-6-medium column--expanded\"><div class=\"layout-column\">\n<div class=\"wp-block-dbec-core-text-image-teaser  text-image-teaser--align-image-left\"><div class=\"text-image-teaser text-image-teaser--align-image-left text-image-teaser--fade-in-static\"><div class=\"grid\"><div class=\"column is-6-small is-4-medium text-image-teaser__column-image\"><div class=\"text-image-teaser__wrapper-media\"><\/div><\/div><div class=\"column is-6-small is-2-medium text-image-teaser__column-text\"><div class=\"text-image-teaser__container-text\"><h2 class=\"text-image-teaser__headline\">Insights into our work<\/h2><p class=\"text-image-teaser__copy\">Learn more about the redesign of metro vehicles in Singapore, where we eveluated the modernization work carried out on three trains of the vehicle fleet.<\/p><a class=\"base-button base-button--ghost\" href=\"https:\/\/db-engineering-consulting.com\/en\/projects\/metro-singapore-redesign-of-metro-vehicles\/\" target=\"_blank\" rel=\"noopener noreferrer\"><span class=\"base-button__label\">Go to project<\/span><svg class=\"base-button__icon\"><use xlink:href=\"#icon-link\" \/><\/svg><\/a><\/div><\/div><\/div><\/div><\/div>\n<\/div><\/div>\n<\/div><\/div>\n","protected":false},"excerpt":{"rendered":"","protected":false},"author":5,"featured_media":8515,"parent":0,"menu_order":0,"comment_status":"closed","ping_status":"closed","template":"","meta":{"post_allow-other-domains":"","footnotes":""},"class_list":["post-8512","page","type-page","status-publish","has-post-thumbnail","hentry"],"yoast_head":"<!-- This site is optimized with the Yoast SEO Premium plugin v26.0 (Yoast SEO v27.4) - https:\/\/yoast.com\/product\/yoast-seo-premium-wordpress\/ -->\n<title>Used and refurbished rolling stock - DB Engineering &amp; Consulting<\/title>\n<meta name=\"description\" content=\"Used and refurbished rolling stock: Learn all about DB Engineering &amp; Consulting\u00b4s services and contact us today!\" \/>\n<meta name=\"robots\" content=\"index, follow, max-snippet:-1, max-image-preview:large, max-video-preview:-1\" \/>\n<link rel=\"canonical\" href=\"https:\/\/db-engineering-consulting.com\/en\/used-and-refurbished-rolling-stock\/\" \/>\n<meta property=\"og:locale\" content=\"en_US\" \/>\n<meta property=\"og:type\" content=\"article\" \/>\n<meta property=\"og:title\" content=\"Used and refurbished rolling stock\" \/>\n<meta property=\"og:description\" content=\"Used and refurbished rolling stock: Learn all about DB Engineering &amp; Consulting\u00b4s services and contact us today!\" \/>\n<meta property=\"og:url\" content=\"https:\/\/db-engineering-consulting.com\/en\/used-and-refurbished-rolling-stock\/\" \/>\n<meta property=\"og:site_name\" content=\"DB Engineering &amp; Consulting\" \/>\n<meta property=\"article:modified_time\" content=\"2025-05-06T23:48:54+00:00\" \/>\n<meta property=\"og:image\" content=\"https:\/\/db-engineering-consulting.com\/wp-content\/uploads\/2020\/10\/dbec1844k.jpg\" \/>\n\t<meta property=\"og:image:width\" content=\"1600\" \/>\n\t<meta property=\"og:image:height\" content=\"1067\" \/>\n\t<meta property=\"og:image:type\" content=\"image\/jpeg\" \/>\n<meta name=\"twitter:card\" content=\"summary_large_image\" \/>\n<meta name=\"twitter:label1\" content=\"Est. reading time\" \/>\n\t<meta name=\"twitter:data1\" content=\"2 minutes\" \/>\n<script type=\"application\/ld+json\" class=\"yoast-schema-graph\">{\"@context\":\"https:\\\/\\\/schema.org\",\"@graph\":[{\"@type\":\"WebPage\",\"@id\":\"https:\\\/\\\/db-engineering-consulting.com\\\/en\\\/used-and-refurbished-rolling-stock\\\/\",\"url\":\"https:\\\/\\\/db-engineering-consulting.com\\\/en\\\/used-and-refurbished-rolling-stock\\\/\",\"name\":\"Used and refurbished rolling stock - DB Engineering &amp; Consulting\",\"isPartOf\":{\"@id\":\"https:\\\/\\\/db-engineering-consulting.com\\\/en\\\/#website\"},\"primaryImageOfPage\":{\"@id\":\"https:\\\/\\\/db-engineering-consulting.com\\\/en\\\/used-and-refurbished-rolling-stock\\\/#primaryimage\"},\"image\":{\"@id\":\"https:\\\/\\\/db-engineering-consulting.com\\\/en\\\/used-and-refurbished-rolling-stock\\\/#primaryimage\"},\"thumbnailUrl\":\"https:\\\/\\\/db-engineering-consulting.com\\\/wp-content\\\/uploads\\\/2020\\\/10\\\/dbec1844k.jpg\",\"datePublished\":\"2020-10-28T15:22:37+00:00\",\"dateModified\":\"2025-05-06T23:48:54+00:00\",\"description\":\"Used and refurbished rolling stock: Learn all about DB Engineering & Consulting\u00b4s services and contact us today!\",\"breadcrumb\":{\"@id\":\"https:\\\/\\\/db-engineering-consulting.com\\\/en\\\/used-and-refurbished-rolling-stock\\\/#breadcrumb\"},\"inLanguage\":\"en-US\",\"potentialAction\":[{\"@type\":\"ReadAction\",\"target\":[\"https:\\\/\\\/db-engineering-consulting.com\\\/en\\\/used-and-refurbished-rolling-stock\\\/\"]}]},{\"@type\":\"ImageObject\",\"inLanguage\":\"en-US\",\"@id\":\"https:\\\/\\\/db-engineering-consulting.com\\\/en\\\/used-and-refurbished-rolling-stock\\\/#primaryimage\",\"url\":\"https:\\\/\\\/db-engineering-consulting.com\\\/wp-content\\\/uploads\\\/2020\\\/10\\\/dbec1844k.jpg\",\"contentUrl\":\"https:\\\/\\\/db-engineering-consulting.com\\\/wp-content\\\/uploads\\\/2020\\\/10\\\/dbec1844k.jpg\",\"width\":1600,\"height\":1067,\"caption\":\"Nikada via Getty Images\"},{\"@type\":\"BreadcrumbList\",\"@id\":\"https:\\\/\\\/db-engineering-consulting.com\\\/en\\\/used-and-refurbished-rolling-stock\\\/#breadcrumb\",\"itemListElement\":[{\"@type\":\"ListItem\",\"position\":1,\"name\":\"Home\",\"item\":\"https:\\\/\\\/db-engineering-consulting.com\\\/en\\\/\"},{\"@type\":\"ListItem\",\"position\":2,\"name\":\"Used and refurbished rolling stock\"}]},{\"@type\":\"WebSite\",\"@id\":\"https:\\\/\\\/db-engineering-consulting.com\\\/en\\\/#website\",\"url\":\"https:\\\/\\\/db-engineering-consulting.com\\\/en\\\/\",\"name\":\"DB Engineering & Consulting\",\"description\":\"Part of DB E.C.O. Group\",\"publisher\":{\"@id\":\"https:\\\/\\\/db-engineering-consulting.com\\\/en\\\/#organization\"},\"potentialAction\":[{\"@type\":\"SearchAction\",\"target\":{\"@type\":\"EntryPoint\",\"urlTemplate\":\"https:\\\/\\\/db-engineering-consulting.com\\\/en\\\/?s={search_term_string}\"},\"query-input\":{\"@type\":\"PropertyValueSpecification\",\"valueRequired\":true,\"valueName\":\"search_term_string\"}}],\"inLanguage\":\"en-US\"},{\"@type\":\"Organization\",\"@id\":\"https:\\\/\\\/db-engineering-consulting.com\\\/en\\\/#organization\",\"name\":\"DB Engineering & Consulting GmbH\",\"url\":\"https:\\\/\\\/db-engineering-consulting.com\\\/en\\\/\",\"logo\":{\"@type\":\"ImageObject\",\"inLanguage\":\"en-US\",\"@id\":\"https:\\\/\\\/db-engineering-consulting.com\\\/en\\\/#\\\/schema\\\/logo\\\/image\\\/\",\"url\":\"https:\\\/\\\/db-engineering-consulting.com\\\/wp-content\\\/uploads\\\/2022\\\/10\\\/Logo_DB-EC-Part-of-ECO-Group-scaled.jpg\",\"contentUrl\":\"https:\\\/\\\/db-engineering-consulting.com\\\/wp-content\\\/uploads\\\/2022\\\/10\\\/Logo_DB-EC-Part-of-ECO-Group-scaled.jpg\",\"width\":2560,\"height\":454,\"caption\":\"DB Engineering & Consulting GmbH\"},\"image\":{\"@id\":\"https:\\\/\\\/db-engineering-consulting.com\\\/en\\\/#\\\/schema\\\/logo\\\/image\\\/\"},\"sameAs\":[\"https:\\\/\\\/www.linkedin.com\\\/company\\\/db-engineering-consulting\\\/\"],\"description\":\"DB Engineering & Consulting ist als Teil des integrierten Bahn-, Mobilit\u00e4ts- und Logistikkonzerns Deutsche Bahn in der Lage, das technische und betriebliche Fachwissen der DB national und international bereitzustellen. Das Unternehmen plant und realisiert komplexe, anforderungsgerechte Infrastruktur-, Mobilit\u00e4ts- und Transportl\u00f6sungen. Dabei stehen nachhaltige Konzepte im Fokus, die zur wirtschaftlichen Entwicklung von Regionen, zum Umweltschutz sowie zur Weiterentwicklung zukunftsf\u00e4higer Mobilit\u00e4t beitragen. Seit 1966 ist DB Engineering & Consulting in \u00fcber 100 L\u00e4ndern t\u00e4tig und hat Projekte in unterschiedlichsten Gr\u00f6\u00dfenordnungen umgesetzt. Mit mehr als 6.100 Mitarbeitenden aus 89 Nationen bringt das Unternehmen fachliche Kompetenz und interkulturelle Erfahrung in s\u00e4mtliche Projektphasen ein.\",\"email\":\"db-engineering-consulting@db-eco.com\",\"legalName\":\"DB Engineering & Consulting GmbH\",\"foundingDate\":\"1966-05-26\",\"vatID\":\"DE 114 139 523\",\"numberOfEmployees\":{\"@type\":\"QuantitativeValue\",\"minValue\":\"5001\",\"maxValue\":\"10000\"}}]}<\/script>\n<!-- \/ Yoast SEO Premium plugin. -->","yoast_head_json":{"title":"Used and refurbished rolling stock - DB Engineering &amp; Consulting","description":"Used and refurbished rolling stock: Learn all about DB Engineering & Consulting\u00b4s services and contact us today!","robots":{"index":"index","follow":"follow","max-snippet":"max-snippet:-1","max-image-preview":"max-image-preview:large","max-video-preview":"max-video-preview:-1"},"canonical":"https:\/\/db-engineering-consulting.com\/en\/used-and-refurbished-rolling-stock\/","og_locale":"en_US","og_type":"article","og_title":"Used and refurbished rolling stock","og_description":"Used and refurbished rolling stock: Learn all about DB Engineering & Consulting\u00b4s services and contact us today!","og_url":"https:\/\/db-engineering-consulting.com\/en\/used-and-refurbished-rolling-stock\/","og_site_name":"DB Engineering &amp; Consulting","article_modified_time":"2025-05-06T23:48:54+00:00","og_image":[{"width":1600,"height":1067,"url":"https:\/\/db-engineering-consulting.com\/wp-content\/uploads\/2020\/10\/dbec1844k.jpg","type":"image\/jpeg"}],"twitter_card":"summary_large_image","twitter_misc":{"Est. reading time":"2 minutes"},"schema":{"@context":"https:\/\/schema.org","@graph":[{"@type":"WebPage","@id":"https:\/\/db-engineering-consulting.com\/en\/used-and-refurbished-rolling-stock\/","url":"https:\/\/db-engineering-consulting.com\/en\/used-and-refurbished-rolling-stock\/","name":"Used and refurbished rolling stock - DB Engineering &amp; Consulting","isPartOf":{"@id":"https:\/\/db-engineering-consulting.com\/en\/#website"},"primaryImageOfPage":{"@id":"https:\/\/db-engineering-consulting.com\/en\/used-and-refurbished-rolling-stock\/#primaryimage"},"image":{"@id":"https:\/\/db-engineering-consulting.com\/en\/used-and-refurbished-rolling-stock\/#primaryimage"},"thumbnailUrl":"https:\/\/db-engineering-consulting.com\/wp-content\/uploads\/2020\/10\/dbec1844k.jpg","datePublished":"2020-10-28T15:22:37+00:00","dateModified":"2025-05-06T23:48:54+00:00","description":"Used and refurbished rolling stock: Learn all about DB Engineering & Consulting\u00b4s services and contact us today!","breadcrumb":{"@id":"https:\/\/db-engineering-consulting.com\/en\/used-and-refurbished-rolling-stock\/#breadcrumb"},"inLanguage":"en-US","potentialAction":[{"@type":"ReadAction","target":["https:\/\/db-engineering-consulting.com\/en\/used-and-refurbished-rolling-stock\/"]}]},{"@type":"ImageObject","inLanguage":"en-US","@id":"https:\/\/db-engineering-consulting.com\/en\/used-and-refurbished-rolling-stock\/#primaryimage","url":"https:\/\/db-engineering-consulting.com\/wp-content\/uploads\/2020\/10\/dbec1844k.jpg","contentUrl":"https:\/\/db-engineering-consulting.com\/wp-content\/uploads\/2020\/10\/dbec1844k.jpg","width":1600,"height":1067,"caption":"Nikada via Getty Images"},{"@type":"BreadcrumbList","@id":"https:\/\/db-engineering-consulting.com\/en\/used-and-refurbished-rolling-stock\/#breadcrumb","itemListElement":[{"@type":"ListItem","position":1,"name":"Home","item":"https:\/\/db-engineering-consulting.com\/en\/"},{"@type":"ListItem","position":2,"name":"Used and refurbished rolling stock"}]},{"@type":"WebSite","@id":"https:\/\/db-engineering-consulting.com\/en\/#website","url":"https:\/\/db-engineering-consulting.com\/en\/","name":"DB Engineering & Consulting","description":"Part of DB E.C.O. Group","publisher":{"@id":"https:\/\/db-engineering-consulting.com\/en\/#organization"},"potentialAction":[{"@type":"SearchAction","target":{"@type":"EntryPoint","urlTemplate":"https:\/\/db-engineering-consulting.com\/en\/?s={search_term_string}"},"query-input":{"@type":"PropertyValueSpecification","valueRequired":true,"valueName":"search_term_string"}}],"inLanguage":"en-US"},{"@type":"Organization","@id":"https:\/\/db-engineering-consulting.com\/en\/#organization","name":"DB Engineering & Consulting GmbH","url":"https:\/\/db-engineering-consulting.com\/en\/","logo":{"@type":"ImageObject","inLanguage":"en-US","@id":"https:\/\/db-engineering-consulting.com\/en\/#\/schema\/logo\/image\/","url":"https:\/\/db-engineering-consulting.com\/wp-content\/uploads\/2022\/10\/Logo_DB-EC-Part-of-ECO-Group-scaled.jpg","contentUrl":"https:\/\/db-engineering-consulting.com\/wp-content\/uploads\/2022\/10\/Logo_DB-EC-Part-of-ECO-Group-scaled.jpg","width":2560,"height":454,"caption":"DB Engineering & Consulting GmbH"},"image":{"@id":"https:\/\/db-engineering-consulting.com\/en\/#\/schema\/logo\/image\/"},"sameAs":["https:\/\/www.linkedin.com\/company\/db-engineering-consulting\/"],"description":"DB Engineering & Consulting ist als Teil des integrierten Bahn-, Mobilit\u00e4ts- und Logistikkonzerns Deutsche Bahn in der Lage, das technische und betriebliche Fachwissen der DB national und international bereitzustellen. Das Unternehmen plant und realisiert komplexe, anforderungsgerechte Infrastruktur-, Mobilit\u00e4ts- und Transportl\u00f6sungen. Dabei stehen nachhaltige Konzepte im Fokus, die zur wirtschaftlichen Entwicklung von Regionen, zum Umweltschutz sowie zur Weiterentwicklung zukunftsf\u00e4higer Mobilit\u00e4t beitragen. Seit 1966 ist DB Engineering & Consulting in \u00fcber 100 L\u00e4ndern t\u00e4tig und hat Projekte in unterschiedlichsten Gr\u00f6\u00dfenordnungen umgesetzt. Mit mehr als 6.100 Mitarbeitenden aus 89 Nationen bringt das Unternehmen fachliche Kompetenz und interkulturelle Erfahrung in s\u00e4mtliche Projektphasen ein.","email":"db-engineering-consulting@db-eco.com","legalName":"DB Engineering & Consulting GmbH","foundingDate":"1966-05-26","vatID":"DE 114 139 523","numberOfEmployees":{"@type":"QuantitativeValue","minValue":"5001","maxValue":"10000"}}]}},"dbec_featured_media":{"source_url":"https:\/\/db-engineering-consulting.com\/wp-content\/uploads\/2020\/10\/dbec1844k-300x200.jpg","source_set":"https:\/\/db-engineering-consulting.com\/wp-content\/uploads\/2020\/10\/dbec1844k-300x200.jpg 300w, https:\/\/db-engineering-consulting.com\/wp-content\/uploads\/2020\/10\/dbec1844k-1024x683.jpg 1024w, https:\/\/db-engineering-consulting.com\/wp-content\/uploads\/2020\/10\/dbec1844k-768x512.jpg 768w, https:\/\/db-engineering-consulting.com\/wp-content\/uploads\/2020\/10\/dbec1844k-1536x1024.jpg 1536w, https:\/\/db-engineering-consulting.com\/wp-content\/uploads\/2020\/10\/dbec1844k-520x347.jpg 520w, https:\/\/db-engineering-consulting.com\/wp-content\/uploads\/2020\/10\/dbec1844k-1280x854.jpg 1280w, https:\/\/db-engineering-consulting.com\/wp-content\/uploads\/2020\/10\/dbec1844k.jpg 1600w","caption":"Nikada via Getty Images","alt":"Gebrauchtz\u00fcge - Leistungen der DB E&C"},"_links":{"self":[{"href":"https:\/\/db-engineering-consulting.com\/en\/wp-json\/wp\/v2\/pages\/8512","targetHints":{"allow":["GET"]}}],"collection":[{"href":"https:\/\/db-engineering-consulting.com\/en\/wp-json\/wp\/v2\/pages"}],"about":[{"href":"https:\/\/db-engineering-consulting.com\/en\/wp-json\/wp\/v2\/types\/page"}],"author":[{"embeddable":true,"href":"https:\/\/db-engineering-consulting.com\/en\/wp-json\/wp\/v2\/users\/5"}],"replies":[{"embeddable":true,"href":"https:\/\/db-engineering-consulting.com\/en\/wp-json\/wp\/v2\/comments?post=8512"}],"version-history":[{"count":1,"href":"https:\/\/db-engineering-consulting.com\/en\/wp-json\/wp\/v2\/pages\/8512\/revisions"}],"predecessor-version":[{"id":27433,"href":"https:\/\/db-engineering-consulting.com\/en\/wp-json\/wp\/v2\/pages\/8512\/revisions\/27433"}],"wp:featuredmedia":[{"embeddable":true,"href":"https:\/\/db-engineering-consulting.com\/en\/wp-json\/wp\/v2\/media\/8515"}],"wp:attachment":[{"href":"https:\/\/db-engineering-consulting.com\/en\/wp-json\/wp\/v2\/media?parent=8512"}],"curies":[{"name":"wp","href":"https:\/\/api.w.org\/{rel}","templated":true}]}}